{"id":939,"date":"2023-08-24T08:45:07","date_gmt":"2023-08-24T08:45:07","guid":{"rendered":"https:\/\/cigarpackagingbags.com\/?post_type=product&#038;p=939"},"modified":"2023-08-24T08:51:02","modified_gmt":"2023-08-24T08:51:02","slug":"tobacco-imprint-zip-lock-bags","status":"publish","type":"product","link":"https:\/\/cigarpackagingbags.com\/fr\/tobacco-imprint-zip-lock-bags\/","title":{"rendered":"Imprin de tabac r\u00e9utilisable personnalis\u00e9"},"content":{"rendered":"<ol>\n<li>Mat\u00e9riau : Poly\u00e9thyl\u00e8ne basse densit\u00e9<\/li>\n<li>Conception de l'impression:Personnalisation<\/li>\n<li>Le produit est r\u00e9utilisable et recyclable<\/li>\n<li>Type : Fermeture \u00e0 glissi\u00e8re \u00e0 voie unique<\/li>\n<\/ol>\n<p>Ces sacs sont fabriqu\u00e9s \u00e0 partir de mat\u00e9riaux de haute qualit\u00e9 et peuvent facilement stocker une grande quantit\u00e9 de tabac, tout en le gardant frais. La mention \"tabac fin\" est imprim\u00e9e sur le devant du sac, dont l'\u00e9paisseur est d'environ 3 ml. La fermeture \u00e0 glissi\u00e8re refermable maintient le tabac en s\u00e9curit\u00e9 et emp\u00eache l'humidit\u00e9 et l'oxyg\u00e8ne de p\u00e9n\u00e9trer \u00e0 l'int\u00e9rieur. Vous pouvez donc d\u00e9sormais facilement stocker du tabac dans ce sac et le garder frais en permanence.<\/p>","protected":false},"excerpt":{"rendered":"<ol>\n<li>Taille:6\u00d78\u2033;6\u00d710\u2033;8\u00d710\u2033 ; Personnalisation<\/li>\n<li>Prix : 0,02~0,6 USD<\/li>\n<li>Conception de l'impression : Personnalisation<\/li>\n<li>MOQ:20000pcs<\/li>\n<li>Mat\u00e9riaux : Poly\u00e9thyl\u00e8ne basse densit\u00e9<\/li>\n<li>Caract\u00e9ristique : r\u00e9utilisable et recyclable<\/li>\n<li>Type:Fermeture \u00e0 glissi\u00e8re \u00e0 voie unique<\/li>\n<li>D\u00e9lai de livraison : 21 jours apr\u00e8s confirmation du paiement<\/li>\n<li>Conditions de prix : EXW, CFN, CIF, DDP, etc.<\/li>\n<li>Paiements : T\/T, Visa, Paypal, etc.<\/li>\n<\/ol>","protected":false},"featured_media":928,"comment_status":"open","ping_status":"closed","template":"","meta":{"_kadence_starter_templates_imported_post":false,"_kad_post_transparent":"default","_kad_post_title":"","_kad_post_layout":"default","_kad_post_sidebar_id":"","_kad_post_content_style":"default","_kad_post_vertical_padding":"default","_kad_post_feature":"","_kad_post_feature_position":"","_kad_post_header":false,"_kad_post_footer":false},"product_brand":[],"product_cat":[22],"product_tag":[],"class_list":{"0":"post-939","1":"product","2":"type-product","3":"status-publish","4":"has-post-thumbnail","6":"product_cat-cigar-packaging-bags","8":"first","9":"instock","10":"shipping-taxable","11":"product-type-simple","12":"entry","13":"content-bg","14":"loop-entry"},"yoast_head":"<!-- This site is optimized with the Yoast SEO plugin v27.2 - https:\/\/yoast.com\/product\/yoast-seo-wordpress\/ -->\n<title>Custom Reusable Tobacco Imprint Zip lock Bags HP Tobacco &amp; Cigar bags | Cigar Humidor Bags | Cigar Packaging Bags Solution<\/title>\n<meta name=\"description\" content=\"China zip lock tobacco manufacturer, produce zip lock cigar bags, cigar humidor bags and all kinds of plastic cigar packaging bags\" \/>\n<meta name=\"robots\" content=\"index, follow, max-snippet:-1, max-image-preview:large, max-video-preview:-1\" \/>\n<link rel=\"canonical\" href=\"https:\/\/cigarpackagingbags.com\/fr\/tobacco-imprint-zip-lock-bags\/\" \/>\n<meta property=\"og:locale\" content=\"fr_FR\" \/>\n<meta property=\"og:type\" content=\"article\" \/>\n<meta property=\"og:title\" content=\"Custom Reusable Tobacco Imprint Zip lock Bags HP Tobacco &amp; Cigar bags | Cigar Humidor Bags | Cigar Packaging Bags Solution\" \/>\n<meta property=\"og:description\" content=\"China zip lock tobacco manufacturer, produce zip lock cigar bags, cigar humidor bags and all kinds of plastic cigar packaging bags\" \/>\n<meta property=\"og:url\" content=\"https:\/\/cigarpackagingbags.com\/fr\/tobacco-imprint-zip-lock-bags\/\" \/>\n<meta property=\"og:site_name\" content=\"HP Tobacco &amp; Cigar bags | Cigar Humidor Bags | Cigar Packaging Bags Solution\" \/>\n<meta property=\"article:publisher\" content=\"https:\/\/www.facebook.com\/profile.php?id=100083059694645\" \/>\n<meta property=\"article:modified_time\" content=\"2023-08-24T08:51:02+00:00\" \/>\n<meta property=\"og:image\" content=\"https:\/\/cigarpackagingbags.com\/wp-content\/uploads\/2023\/08\/fine-tobacco-imprint-cigar-bag.jpg\" \/>\n\t<meta property=\"og:image:width\" content=\"500\" \/>\n\t<meta property=\"og:image:height\" content=\"500\" \/>\n\t<meta property=\"og:image:type\" content=\"image\/jpeg\" \/>\n<meta name=\"twitter:card\" content=\"summary_large_image\" \/>\n<meta name=\"twitter:label1\" content=\"Dur\u00e9e de lecture estim\u00e9e\" \/>\n\t<meta name=\"twitter:data1\" content=\"1 minute\" \/>\n<script type=\"application\/ld+json\" class=\"yoast-schema-graph\">{\"@context\":\"https:\/\/schema.org\",\"@graph\":[{\"@type\":\"WebPage\",\"@id\":\"https:\/\/cigarpackagingbags.com\/tobacco-imprint-zip-lock-bags\/\",\"url\":\"https:\/\/cigarpackagingbags.com\/tobacco-imprint-zip-lock-bags\/\",\"name\":\"Custom Reusable Tobacco Imprint Zip lock Bags HP Tobacco &amp; Cigar bags | Cigar Humidor Bags | Cigar Packaging Bags Solution\",\"isPartOf\":{\"@id\":\"https:\/\/cigarpackagingbags.com\/#website\"},\"primaryImageOfPage\":{\"@id\":\"https:\/\/cigarpackagingbags.com\/tobacco-imprint-zip-lock-bags\/#primaryimage\"},\"image\":{\"@id\":\"https:\/\/cigarpackagingbags.com\/tobacco-imprint-zip-lock-bags\/#primaryimage\"},\"thumbnailUrl\":\"https:\/\/cigarpackagingbags.com\/wp-content\/uploads\/2023\/08\/fine-tobacco-imprint-cigar-bag.jpg\",\"datePublished\":\"2023-08-24T08:45:07+00:00\",\"dateModified\":\"2023-08-24T08:51:02+00:00\",\"description\":\"China zip lock tobacco manufacturer, produce zip lock cigar bags, cigar humidor bags and all kinds of plastic cigar packaging bags\",\"breadcrumb\":{\"@id\":\"https:\/\/cigarpackagingbags.com\/tobacco-imprint-zip-lock-bags\/#breadcrumb\"},\"inLanguage\":\"fr-FR\",\"potentialAction\":[{\"@type\":\"ReadAction\",\"target\":[\"https:\/\/cigarpackagingbags.com\/tobacco-imprint-zip-lock-bags\/\"]}]},{\"@type\":\"ImageObject\",\"inLanguage\":\"fr-FR\",\"@id\":\"https:\/\/cigarpackagingbags.com\/tobacco-imprint-zip-lock-bags\/#primaryimage\",\"url\":\"https:\/\/cigarpackagingbags.com\/wp-content\/uploads\/2023\/08\/fine-tobacco-imprint-cigar-bag.jpg\",\"contentUrl\":\"https:\/\/cigarpackagingbags.com\/wp-content\/uploads\/2023\/08\/fine-tobacco-imprint-cigar-bag.jpg\",\"width\":500,\"height\":500,\"caption\":\"fine tobacco zip lock cigar bags\"},{\"@type\":\"BreadcrumbList\",\"@id\":\"https:\/\/cigarpackagingbags.com\/tobacco-imprint-zip-lock-bags\/#breadcrumb\",\"itemListElement\":[{\"@type\":\"ListItem\",\"position\":1,\"name\":\"\u9996\u9875\",\"item\":\"https:\/\/cigarpackagingbags.com\/\"},{\"@type\":\"ListItem\",\"position\":2,\"name\":\"Products\",\"item\":\"https:\/\/cigarpackagingbags.com\/products\/\"},{\"@type\":\"ListItem\",\"position\":3,\"name\":\"Custom Reusable Tobacco Imprint Zip lock Bags\"}]},{\"@type\":\"WebSite\",\"@id\":\"https:\/\/cigarpackagingbags.com\/#website\",\"url\":\"https:\/\/cigarpackagingbags.com\/\",\"name\":\"HP Tobacco &amp; Cigar bags | Cigar Humidor Bags | Cigar Packaging Bags Solution\",\"description\":\"Custom Tobacco &amp; Cigar Bags With Good Price\",\"publisher\":{\"@id\":\"https:\/\/cigarpackagingbags.com\/#organization\"},\"alternateName\":\"Cigar Humidor Bags Manufacturer\",\"potentialAction\":[{\"@type\":\"SearchAction\",\"target\":{\"@type\":\"EntryPoint\",\"urlTemplate\":\"https:\/\/cigarpackagingbags.com\/?s={search_term_string}\"},\"query-input\":{\"@type\":\"PropertyValueSpecification\",\"valueRequired\":true,\"valueName\":\"search_term_string\"}}],\"inLanguage\":\"fr-FR\"},{\"@type\":\"Organization\",\"@id\":\"https:\/\/cigarpackagingbags.com\/#organization\",\"name\":\"HP Tobacco &amp; Cigar bags | Cigar Humidor Bags | Cigar Packaging Bags Solution\",\"url\":\"https:\/\/cigarpackagingbags.com\/\",\"logo\":{\"@type\":\"ImageObject\",\"inLanguage\":\"fr-FR\",\"@id\":\"https:\/\/cigarpackagingbags.com\/#\/schema\/logo\/image\/\",\"url\":\"https:\/\/cigarpackagingbags.com\/wp-content\/uploads\/2023\/07\/cigar-bags-2.jpg\",\"contentUrl\":\"https:\/\/cigarpackagingbags.com\/wp-content\/uploads\/2023\/07\/cigar-bags-2.jpg\",\"width\":1001,\"height\":1001,\"caption\":\"HP Tobacco &amp; Cigar bags | Cigar Humidor Bags | Cigar Packaging Bags Solution\"},\"image\":{\"@id\":\"https:\/\/cigarpackagingbags.com\/#\/schema\/logo\/image\/\"},\"sameAs\":[\"https:\/\/www.facebook.com\/profile.php?id=100083059694645\"]}]}<\/script>\n<!-- \/ Yoast SEO plugin. -->","yoast_head_json":{"title":"Sacs \u00e0 fermeture \u00e9clair r\u00e9utilisables personnalis\u00e9s pour le tabac Sacs \u00e0 tabac et \u00e0 cigares HP | Sacs pour humidificateurs de cigares | Sacs d'emballage pour cigares Solution","description":"Fabricant chinois de sacs \u00e0 fermeture \u00e9clair pour cigares, de sacs pour caves \u00e0 cigares et de toutes sortes de sacs d'emballage pour cigares en plastique.","robots":{"index":"index","follow":"follow","max-snippet":"max-snippet:-1","max-image-preview":"max-image-preview:large","max-video-preview":"max-video-preview:-1"},"canonical":"https:\/\/cigarpackagingbags.com\/fr\/tobacco-imprint-zip-lock-bags\/","og_locale":"fr_FR","og_type":"article","og_title":"Custom Reusable Tobacco Imprint Zip lock Bags HP Tobacco &amp; Cigar bags | Cigar Humidor Bags | Cigar Packaging Bags Solution","og_description":"China zip lock tobacco manufacturer, produce zip lock cigar bags, cigar humidor bags and all kinds of plastic cigar packaging bags","og_url":"https:\/\/cigarpackagingbags.com\/fr\/tobacco-imprint-zip-lock-bags\/","og_site_name":"HP Tobacco &amp; Cigar bags | Cigar Humidor Bags | Cigar Packaging Bags Solution","article_publisher":"https:\/\/www.facebook.com\/profile.php?id=100083059694645","article_modified_time":"2023-08-24T08:51:02+00:00","og_image":[{"width":500,"height":500,"url":"https:\/\/cigarpackagingbags.com\/wp-content\/uploads\/2023\/08\/fine-tobacco-imprint-cigar-bag.jpg","type":"image\/jpeg"}],"twitter_card":"summary_large_image","twitter_misc":{"Dur\u00e9e de lecture estim\u00e9e":"1 minute"},"schema":{"@context":"https:\/\/schema.org","@graph":[{"@type":"WebPage","@id":"https:\/\/cigarpackagingbags.com\/tobacco-imprint-zip-lock-bags\/","url":"https:\/\/cigarpackagingbags.com\/tobacco-imprint-zip-lock-bags\/","name":"Sacs \u00e0 fermeture \u00e9clair r\u00e9utilisables personnalis\u00e9s pour le tabac Sacs \u00e0 tabac et \u00e0 cigares HP | Sacs pour humidificateurs de cigares | Sacs d'emballage pour cigares Solution","isPartOf":{"@id":"https:\/\/cigarpackagingbags.com\/#website"},"primaryImageOfPage":{"@id":"https:\/\/cigarpackagingbags.com\/tobacco-imprint-zip-lock-bags\/#primaryimage"},"image":{"@id":"https:\/\/cigarpackagingbags.com\/tobacco-imprint-zip-lock-bags\/#primaryimage"},"thumbnailUrl":"https:\/\/cigarpackagingbags.com\/wp-content\/uploads\/2023\/08\/fine-tobacco-imprint-cigar-bag.jpg","datePublished":"2023-08-24T08:45:07+00:00","dateModified":"2023-08-24T08:51:02+00:00","description":"Fabricant chinois de sacs \u00e0 fermeture \u00e9clair pour cigares, de sacs pour caves \u00e0 cigares et de toutes sortes de sacs d'emballage pour cigares en plastique.","breadcrumb":{"@id":"https:\/\/cigarpackagingbags.com\/tobacco-imprint-zip-lock-bags\/#breadcrumb"},"inLanguage":"fr-FR","potentialAction":[{"@type":"ReadAction","target":["https:\/\/cigarpackagingbags.com\/tobacco-imprint-zip-lock-bags\/"]}]},{"@type":"ImageObject","inLanguage":"fr-FR","@id":"https:\/\/cigarpackagingbags.com\/tobacco-imprint-zip-lock-bags\/#primaryimage","url":"https:\/\/cigarpackagingbags.com\/wp-content\/uploads\/2023\/08\/fine-tobacco-imprint-cigar-bag.jpg","contentUrl":"https:\/\/cigarpackagingbags.com\/wp-content\/uploads\/2023\/08\/fine-tobacco-imprint-cigar-bag.jpg","width":500,"height":500,"caption":"fine tobacco zip lock cigar bags"},{"@type":"BreadcrumbList","@id":"https:\/\/cigarpackagingbags.com\/tobacco-imprint-zip-lock-bags\/#breadcrumb","itemListElement":[{"@type":"ListItem","position":1,"name":"\u9996\u9875","item":"https:\/\/cigarpackagingbags.com\/"},{"@type":"ListItem","position":2,"name":"Products","item":"https:\/\/cigarpackagingbags.com\/products\/"},{"@type":"ListItem","position":3,"name":"Custom Reusable Tobacco Imprint Zip lock Bags"}]},{"@type":"WebSite","@id":"https:\/\/cigarpackagingbags.com\/#website","url":"https:\/\/cigarpackagingbags.com\/","name":"HP Tobacco &amp; Cigar bags | Cigar Humidor Bags | Cigar Packaging Bags Solution","description":"Sacs \u00e0 tabac et \u00e0 cigares personnalis\u00e9s \u00e0 bon prix","publisher":{"@id":"https:\/\/cigarpackagingbags.com\/#organization"},"alternateName":"Cigar Humidor Bags Manufacturer","potentialAction":[{"@type":"SearchAction","target":{"@type":"EntryPoint","urlTemplate":"https:\/\/cigarpackagingbags.com\/?s={search_term_string}"},"query-input":{"@type":"PropertyValueSpecification","valueRequired":true,"valueName":"search_term_string"}}],"inLanguage":"fr-FR"},{"@type":"Organization","@id":"https:\/\/cigarpackagingbags.com\/#organization","name":"HP Tobacco &amp; Cigar bags | Cigar Humidor Bags | Cigar Packaging Bags Solution","url":"https:\/\/cigarpackagingbags.com\/","logo":{"@type":"ImageObject","inLanguage":"fr-FR","@id":"https:\/\/cigarpackagingbags.com\/#\/schema\/logo\/image\/","url":"https:\/\/cigarpackagingbags.com\/wp-content\/uploads\/2023\/07\/cigar-bags-2.jpg","contentUrl":"https:\/\/cigarpackagingbags.com\/wp-content\/uploads\/2023\/07\/cigar-bags-2.jpg","width":1001,"height":1001,"caption":"HP Tobacco &amp; Cigar bags | Cigar Humidor Bags | Cigar Packaging Bags Solution"},"image":{"@id":"https:\/\/cigarpackagingbags.com\/#\/schema\/logo\/image\/"},"sameAs":["https:\/\/www.facebook.com\/profile.php?id=100083059694645"]}]}},"_links":{"self":[{"href":"https:\/\/cigarpackagingbags.com\/fr\/wp-json\/wp\/v2\/product\/939","targetHints":{"allow":["GET"]}}],"collection":[{"href":"https:\/\/cigarpackagingbags.com\/fr\/wp-json\/wp\/v2\/product"}],"about":[{"href":"https:\/\/cigarpackagingbags.com\/fr\/wp-json\/wp\/v2\/types\/product"}],"replies":[{"embeddable":true,"href":"https:\/\/cigarpackagingbags.com\/fr\/wp-json\/wp\/v2\/comments?post=939"}],"wp:featuredmedia":[{"embeddable":true,"href":"https:\/\/cigarpackagingbags.com\/fr\/wp-json\/wp\/v2\/media\/928"}],"wp:attachment":[{"href":"https:\/\/cigarpackagingbags.com\/fr\/wp-json\/wp\/v2\/media?parent=939"}],"wp:term":[{"taxonomy":"product_brand","embeddable":true,"href":"https:\/\/cigarpackagingbags.com\/fr\/wp-json\/wp\/v2\/product_brand?post=939"},{"taxonomy":"product_cat","embeddable":true,"href":"https:\/\/cigarpackagingbags.com\/fr\/wp-json\/wp\/v2\/product_cat?post=939"},{"taxonomy":"product_tag","embeddable":true,"href":"https:\/\/cigarpackagingbags.com\/fr\/wp-json\/wp\/v2\/product_tag?post=939"}],"curies":[{"name":"wp","href":"https:\/\/api.w.org\/{rel}","templated":true}]}}