{"id":725,"date":"2023-07-14T10:59:54","date_gmt":"2023-07-14T10:59:54","guid":{"rendered":"https:\/\/cigarpackagingbags.com\/?post_type=product&#038;p=725"},"modified":"2023-08-24T08:15:30","modified_gmt":"2023-08-24T08:15:30","slug":"custom-moisture-plastic-cigar-hydrating-bags","status":"publish","type":"product","link":"https:\/\/cigarpackagingbags.com\/fr\/custom-moisture-plastic-cigar-hydrating-bags\/","title":{"rendered":"Custom 65%~75% RH Optimum Mois"},"content":{"rendered":"<h3><strong>Sac \u00e0 cigares en plastique Optimum Moisture Sac \u00e0 cigares de voyage Sac \u00e0 cigares Humidificateur<\/strong><\/h3>\n<ol>\n<li>RH : 65%~75%<\/li>\n<li>Taille : 270x255mm, d'autres tailles sont disponibles.<\/li>\n<li>Couleur : impression de 1 \u00e0 9 couleurs possible.<\/li>\n<li>Valable : Une fois ouvert, ce sac conservera vos cigares dans des conditions d'humidit\u00e9 appropri\u00e9es pendant 90 jours.<\/li>\n<li>Ziplock refermable pour ouvrir et fermer le sac facilement, pratique pour transporter les cigares.<\/li>\n<li>Les cigares peuvent \u00eatre visibles \u00e0 travers la fen\u00eatre<\/li>\n<\/ol>\n<p><strong>Service logistique :<\/strong><\/p>\n<ul>\n<li>Si la quantit\u00e9 command\u00e9e n'est pas tr\u00e8s importante, nous pouvons envoyer les sacs par livraison express, comme TNT, DHL, UPS, Fedex, etc.<\/li>\n<li>Si la commande est importante, nous vous conseillons d'utiliser le transport a\u00e9rien ou maritime par l'interm\u00e9diaire de votre transitaire d\u00e9sign\u00e9 ou de notre agent de coop\u00e9ration \u00e0 long terme.<\/li>\n<li>Fret collect\u00e9 en cas d'exp\u00e9dition en vrac.<\/li>\n<\/ul>\n<p><strong>Vid\u00e9o des sacs pour cave \u00e0 cigares<\/strong><\/p>\n<div class=\"wp-playlist wp-video-playlist wp-playlist-light\">\n\t\t<video controls=\"controls\" preload=\"none\" width=\"1268\"\n\t\t height=\"713\"\t><\/video>\n\t<div class=\"wp-playlist-next\"><\/div>\n\t<div class=\"wp-playlist-prev\"><\/div>\n\t<noscript>\n\t<ol>\n\t\t<li><a href='https:\/\/cigarpackagingbags.com\/wp-content\/uploads\/2023\/07\/operation-video-of-cigar-humidor-bags.mp4'>vid\u00e9o de fonctionnement des sacs pour caves \u00e0 cigares<\/a><\/li>\t<\/ol>\n\t<\/noscript>\n\t<script type=\"application\/json\" class=\"wp-playlist-script\">{\"type\":\"video\",\"tracklist\":true,\"tracknumbers\":true,\"images\":true,\"artists\":true,\"tracks\":[{\"src\":\"https:\/\/cigarpackagingbags.com\/wp-content\/uploads\/2023\/07\/operation-video-of-cigar-humidor-bags.mp4\",\"type\":\"video\/mp4\",\"title\":\"operation video of cigar humidor bags\",\"caption\":\"video of cigar humidor bag\",\"description\":\"how to use cigar humidor bags\",\"meta\":{\"length_formatted\":\"0:26\"},\"dimensions\":{\"original\":{\"width\":1280,\"height\":720},\"resized\":{\"width\":1268,\"height\":713}},\"image\":{\"src\":\"https:\/\/cigarpackagingbags.com\/wp-includes\/images\/media\/video.svg\",\"width\":48,\"height\":64},\"thumb\":{\"src\":\"https:\/\/cigarpackagingbags.com\/wp-includes\/images\/media\/video.svg\",\"width\":48,\"height\":64}}]}<\/script>\n<\/div>","protected":false},"excerpt":{"rendered":"<ol>\n<li>\u00a0Prix : $0.1~$0.8<\/li>\n<li>MOQ:5000pcs<\/li>\n<li>Capacit\u00e9 : 10 cigares<\/li>\n<li>Taille : 270 mm x 250 mm, possibilit\u00e9 de personnalisation.<\/li>\n<li>Mat\u00e9riaux:OPP\/PE,MattOPP\/PE<\/li>\n<li>Une fois ouvert, ce sac conserve les cigares frais pendant 90 jours.<\/li>\n<li>D\u00e9lai de livraison : 21 jours apr\u00e8s confirmation du paiement<\/li>\n<li>Conditions de prix : EXW, CFN, CIF, DDP, etc.<\/li>\n<li>Paiements : T\/T, Visa, Paypal, etc.<\/li>\n<\/ol>","protected":false},"featured_media":726,"comment_status":"open","ping_status":"closed","template":"","meta":{"_kadence_starter_templates_imported_post":false,"_kad_post_transparent":"default","_kad_post_title":"","_kad_post_layout":"default","_kad_post_sidebar_id":"","_kad_post_content_style":"default","_kad_post_vertical_padding":"default","_kad_post_feature":"","_kad_post_feature_position":"","_kad_post_header":false,"_kad_post_footer":false},"product_brand":[],"product_cat":[21],"product_tag":[],"class_list":{"0":"post-725","1":"product","2":"type-product","3":"status-publish","4":"has-post-thumbnail","6":"product_cat-cigar-humidor-bags","8":"first","9":"instock","10":"shipping-taxable","11":"product-type-simple","12":"entry","13":"content-bg","14":"loop-entry"},"yoast_head":"<!-- This site is optimized with the Yoast SEO plugin v27.2 - https:\/\/yoast.com\/product\/yoast-seo-wordpress\/ -->\n<title>Custom 65%~75% RH Optimum Moisture Plastic Cigar Hydrating Bags \/ Travel Humidor Bags - HP Tobacco &amp; Cigar bags | Cigar Humidor Bags | Cigar Packaging Bags Solution<\/title>\n<meta name=\"description\" content=\"Custom printed 65%~75% RH plastic cigar hydrating bags,270x255mm, slide zipper at the top. This humidor bag will keep cigar fresh for 90 days.\" \/>\n<meta name=\"robots\" content=\"index, follow, max-snippet:-1, max-image-preview:large, max-video-preview:-1\" \/>\n<link rel=\"canonical\" href=\"https:\/\/cigarpackagingbags.com\/fr\/custom-moisture-plastic-cigar-hydrating-bags\/\" \/>\n<meta property=\"og:locale\" content=\"fr_FR\" \/>\n<meta property=\"og:type\" content=\"article\" \/>\n<meta property=\"og:title\" content=\"Custom 65%~75% RH Optimum Moisture Plastic Cigar Hydrating Bags \/ Travel Humidor Bags - HP Tobacco &amp; Cigar bags | Cigar Humidor Bags | Cigar Packaging Bags Solution\" \/>\n<meta property=\"og:description\" content=\"Custom printed 65%~75% RH plastic cigar hydrating bags,270x255mm, slide zipper at the top. This humidor bag will keep cigar fresh for 90 days.\" \/>\n<meta property=\"og:url\" content=\"https:\/\/cigarpackagingbags.com\/fr\/custom-moisture-plastic-cigar-hydrating-bags\/\" \/>\n<meta property=\"og:site_name\" content=\"HP Tobacco &amp; Cigar bags | Cigar Humidor Bags | Cigar Packaging Bags Solution\" \/>\n<meta property=\"article:publisher\" content=\"https:\/\/www.facebook.com\/profile.php?id=100083059694645\" \/>\n<meta property=\"article:modified_time\" content=\"2023-08-24T08:15:30+00:00\" \/>\n<meta property=\"og:image\" content=\"https:\/\/cigarpackagingbags.com\/wp-content\/uploads\/2023\/07\/medium-cigar-bag.jpg\" \/>\n\t<meta property=\"og:image:width\" content=\"800\" \/>\n\t<meta property=\"og:image:height\" content=\"800\" \/>\n\t<meta property=\"og:image:type\" content=\"image\/jpeg\" \/>\n<meta name=\"twitter:card\" content=\"summary_large_image\" \/>\n<meta name=\"twitter:label1\" content=\"Dur\u00e9e de lecture estim\u00e9e\" \/>\n\t<meta name=\"twitter:data1\" content=\"1 minute\" \/>\n<script type=\"application\/ld+json\" class=\"yoast-schema-graph\">{\"@context\":\"https:\/\/schema.org\",\"@graph\":[{\"@type\":\"WebPage\",\"@id\":\"https:\/\/cigarpackagingbags.com\/custom-moisture-plastic-cigar-hydrating-bags\/\",\"url\":\"https:\/\/cigarpackagingbags.com\/custom-moisture-plastic-cigar-hydrating-bags\/\",\"name\":\"Custom 65%~75% RH Optimum Moisture Plastic Cigar Hydrating Bags \/ Travel Humidor Bags - HP Tobacco &amp; Cigar bags | Cigar Humidor Bags | Cigar Packaging Bags Solution\",\"isPartOf\":{\"@id\":\"https:\/\/cigarpackagingbags.com\/#website\"},\"primaryImageOfPage\":{\"@id\":\"https:\/\/cigarpackagingbags.com\/custom-moisture-plastic-cigar-hydrating-bags\/#primaryimage\"},\"image\":{\"@id\":\"https:\/\/cigarpackagingbags.com\/custom-moisture-plastic-cigar-hydrating-bags\/#primaryimage\"},\"thumbnailUrl\":\"https:\/\/cigarpackagingbags.com\/wp-content\/uploads\/2023\/07\/medium-cigar-bag.jpg\",\"datePublished\":\"2023-07-14T10:59:54+00:00\",\"dateModified\":\"2023-08-24T08:15:30+00:00\",\"description\":\"Custom printed 65%~75% RH plastic cigar hydrating bags,270x255mm, slide zipper at the top. This humidor bag will keep cigar fresh for 90 days.\",\"breadcrumb\":{\"@id\":\"https:\/\/cigarpackagingbags.com\/custom-moisture-plastic-cigar-hydrating-bags\/#breadcrumb\"},\"inLanguage\":\"fr-FR\",\"potentialAction\":[{\"@type\":\"ReadAction\",\"target\":[\"https:\/\/cigarpackagingbags.com\/custom-moisture-plastic-cigar-hydrating-bags\/\"]}]},{\"@type\":\"ImageObject\",\"inLanguage\":\"fr-FR\",\"@id\":\"https:\/\/cigarpackagingbags.com\/custom-moisture-plastic-cigar-hydrating-bags\/#primaryimage\",\"url\":\"https:\/\/cigarpackagingbags.com\/wp-content\/uploads\/2023\/07\/medium-cigar-bag.jpg\",\"contentUrl\":\"https:\/\/cigarpackagingbags.com\/wp-content\/uploads\/2023\/07\/medium-cigar-bag.jpg\",\"width\":800,\"height\":800,\"caption\":\"medium size travel humidor bags\"},{\"@type\":\"BreadcrumbList\",\"@id\":\"https:\/\/cigarpackagingbags.com\/custom-moisture-plastic-cigar-hydrating-bags\/#breadcrumb\",\"itemListElement\":[{\"@type\":\"ListItem\",\"position\":1,\"name\":\"\u9996\u9875\",\"item\":\"https:\/\/cigarpackagingbags.com\/\"},{\"@type\":\"ListItem\",\"position\":2,\"name\":\"Products\",\"item\":\"https:\/\/cigarpackagingbags.com\/products\/\"},{\"@type\":\"ListItem\",\"position\":3,\"name\":\"Custom 65%~75% RH Optimum Moisture Plastic Cigar Hydrating Bags \/ Travel Humidor Bags\"}]},{\"@type\":\"WebSite\",\"@id\":\"https:\/\/cigarpackagingbags.com\/#website\",\"url\":\"https:\/\/cigarpackagingbags.com\/\",\"name\":\"HP Tobacco &amp; Cigar bags | Cigar Humidor Bags | Cigar Packaging Bags Solution\",\"description\":\"Custom Tobacco &amp; Cigar Bags With Good Price\",\"publisher\":{\"@id\":\"https:\/\/cigarpackagingbags.com\/#organization\"},\"alternateName\":\"Cigar Humidor Bags Manufacturer\",\"potentialAction\":[{\"@type\":\"SearchAction\",\"target\":{\"@type\":\"EntryPoint\",\"urlTemplate\":\"https:\/\/cigarpackagingbags.com\/?s={search_term_string}\"},\"query-input\":{\"@type\":\"PropertyValueSpecification\",\"valueRequired\":true,\"valueName\":\"search_term_string\"}}],\"inLanguage\":\"fr-FR\"},{\"@type\":\"Organization\",\"@id\":\"https:\/\/cigarpackagingbags.com\/#organization\",\"name\":\"HP Tobacco &amp; Cigar bags | Cigar Humidor Bags | Cigar Packaging Bags Solution\",\"url\":\"https:\/\/cigarpackagingbags.com\/\",\"logo\":{\"@type\":\"ImageObject\",\"inLanguage\":\"fr-FR\",\"@id\":\"https:\/\/cigarpackagingbags.com\/#\/schema\/logo\/image\/\",\"url\":\"https:\/\/cigarpackagingbags.com\/wp-content\/uploads\/2023\/07\/cigar-bags-2.jpg\",\"contentUrl\":\"https:\/\/cigarpackagingbags.com\/wp-content\/uploads\/2023\/07\/cigar-bags-2.jpg\",\"width\":1001,\"height\":1001,\"caption\":\"HP Tobacco &amp; Cigar bags | Cigar Humidor Bags | Cigar Packaging Bags Solution\"},\"image\":{\"@id\":\"https:\/\/cigarpackagingbags.com\/#\/schema\/logo\/image\/\"},\"sameAs\":[\"https:\/\/www.facebook.com\/profile.php?id=100083059694645\"]}]}<\/script>\n<!-- \/ Yoast SEO plugin. -->","yoast_head_json":{"title":"Custom 65%~75% RH Optimum Moisture Plastic Cigar Hydrating Bags \/ Travel Humidor Bags - HP Tobacco &amp; Cigar bags | Cigar Humidor Bags | Cigar Packaging Bags Solution","description":"Custom printed 65%~75% RH plastic cigar hydrating bags,270x255mm, slide zipper at the top. This humidor bag will keep cigar fresh for 90 days.","robots":{"index":"index","follow":"follow","max-snippet":"max-snippet:-1","max-image-preview":"max-image-preview:large","max-video-preview":"max-video-preview:-1"},"canonical":"https:\/\/cigarpackagingbags.com\/fr\/custom-moisture-plastic-cigar-hydrating-bags\/","og_locale":"fr_FR","og_type":"article","og_title":"Custom 65%~75% RH Optimum Moisture Plastic Cigar Hydrating Bags \/ Travel Humidor Bags - HP Tobacco &amp; Cigar bags | Cigar Humidor Bags | Cigar Packaging Bags Solution","og_description":"Custom printed 65%~75% RH plastic cigar hydrating bags,270x255mm, slide zipper at the top. This humidor bag will keep cigar fresh for 90 days.","og_url":"https:\/\/cigarpackagingbags.com\/fr\/custom-moisture-plastic-cigar-hydrating-bags\/","og_site_name":"HP Tobacco &amp; Cigar bags | Cigar Humidor Bags | Cigar Packaging Bags Solution","article_publisher":"https:\/\/www.facebook.com\/profile.php?id=100083059694645","article_modified_time":"2023-08-24T08:15:30+00:00","og_image":[{"width":800,"height":800,"url":"https:\/\/cigarpackagingbags.com\/wp-content\/uploads\/2023\/07\/medium-cigar-bag.jpg","type":"image\/jpeg"}],"twitter_card":"summary_large_image","twitter_misc":{"Dur\u00e9e de lecture estim\u00e9e":"1 minute"},"schema":{"@context":"https:\/\/schema.org","@graph":[{"@type":"WebPage","@id":"https:\/\/cigarpackagingbags.com\/custom-moisture-plastic-cigar-hydrating-bags\/","url":"https:\/\/cigarpackagingbags.com\/custom-moisture-plastic-cigar-hydrating-bags\/","name":"Custom 65%~75% RH Optimum Moisture Plastic Cigar Hydrating Bags \/ Travel Humidor Bags - HP Tobacco &amp; Cigar bags | Cigar Humidor Bags | Cigar Packaging Bags Solution","isPartOf":{"@id":"https:\/\/cigarpackagingbags.com\/#website"},"primaryImageOfPage":{"@id":"https:\/\/cigarpackagingbags.com\/custom-moisture-plastic-cigar-hydrating-bags\/#primaryimage"},"image":{"@id":"https:\/\/cigarpackagingbags.com\/custom-moisture-plastic-cigar-hydrating-bags\/#primaryimage"},"thumbnailUrl":"https:\/\/cigarpackagingbags.com\/wp-content\/uploads\/2023\/07\/medium-cigar-bag.jpg","datePublished":"2023-07-14T10:59:54+00:00","dateModified":"2023-08-24T08:15:30+00:00","description":"Custom printed 65%~75% RH plastic cigar hydrating bags,270x255mm, slide zipper at the top. This humidor bag will keep cigar fresh for 90 days.","breadcrumb":{"@id":"https:\/\/cigarpackagingbags.com\/custom-moisture-plastic-cigar-hydrating-bags\/#breadcrumb"},"inLanguage":"fr-FR","potentialAction":[{"@type":"ReadAction","target":["https:\/\/cigarpackagingbags.com\/custom-moisture-plastic-cigar-hydrating-bags\/"]}]},{"@type":"ImageObject","inLanguage":"fr-FR","@id":"https:\/\/cigarpackagingbags.com\/custom-moisture-plastic-cigar-hydrating-bags\/#primaryimage","url":"https:\/\/cigarpackagingbags.com\/wp-content\/uploads\/2023\/07\/medium-cigar-bag.jpg","contentUrl":"https:\/\/cigarpackagingbags.com\/wp-content\/uploads\/2023\/07\/medium-cigar-bag.jpg","width":800,"height":800,"caption":"medium size travel humidor bags"},{"@type":"BreadcrumbList","@id":"https:\/\/cigarpackagingbags.com\/custom-moisture-plastic-cigar-hydrating-bags\/#breadcrumb","itemListElement":[{"@type":"ListItem","position":1,"name":"\u9996\u9875","item":"https:\/\/cigarpackagingbags.com\/"},{"@type":"ListItem","position":2,"name":"Products","item":"https:\/\/cigarpackagingbags.com\/products\/"},{"@type":"ListItem","position":3,"name":"Custom 65%~75% RH Optimum Moisture Plastic Cigar Hydrating Bags \/ Travel Humidor Bags"}]},{"@type":"WebSite","@id":"https:\/\/cigarpackagingbags.com\/#website","url":"https:\/\/cigarpackagingbags.com\/","name":"HP Tobacco &amp; Cigar bags | Cigar Humidor Bags | Cigar Packaging Bags Solution","description":"Sacs \u00e0 tabac et \u00e0 cigares personnalis\u00e9s \u00e0 bon prix","publisher":{"@id":"https:\/\/cigarpackagingbags.com\/#organization"},"alternateName":"Cigar Humidor Bags Manufacturer","potentialAction":[{"@type":"SearchAction","target":{"@type":"EntryPoint","urlTemplate":"https:\/\/cigarpackagingbags.com\/?s={search_term_string}"},"query-input":{"@type":"PropertyValueSpecification","valueRequired":true,"valueName":"search_term_string"}}],"inLanguage":"fr-FR"},{"@type":"Organization","@id":"https:\/\/cigarpackagingbags.com\/#organization","name":"HP Tobacco &amp; Cigar bags | Cigar Humidor Bags | Cigar Packaging Bags Solution","url":"https:\/\/cigarpackagingbags.com\/","logo":{"@type":"ImageObject","inLanguage":"fr-FR","@id":"https:\/\/cigarpackagingbags.com\/#\/schema\/logo\/image\/","url":"https:\/\/cigarpackagingbags.com\/wp-content\/uploads\/2023\/07\/cigar-bags-2.jpg","contentUrl":"https:\/\/cigarpackagingbags.com\/wp-content\/uploads\/2023\/07\/cigar-bags-2.jpg","width":1001,"height":1001,"caption":"HP Tobacco &amp; Cigar bags | Cigar Humidor Bags | Cigar Packaging Bags Solution"},"image":{"@id":"https:\/\/cigarpackagingbags.com\/#\/schema\/logo\/image\/"},"sameAs":["https:\/\/www.facebook.com\/profile.php?id=100083059694645"]}]}},"_links":{"self":[{"href":"https:\/\/cigarpackagingbags.com\/fr\/wp-json\/wp\/v2\/product\/725","targetHints":{"allow":["GET"]}}],"collection":[{"href":"https:\/\/cigarpackagingbags.com\/fr\/wp-json\/wp\/v2\/product"}],"about":[{"href":"https:\/\/cigarpackagingbags.com\/fr\/wp-json\/wp\/v2\/types\/product"}],"replies":[{"embeddable":true,"href":"https:\/\/cigarpackagingbags.com\/fr\/wp-json\/wp\/v2\/comments?post=725"}],"wp:featuredmedia":[{"embeddable":true,"href":"https:\/\/cigarpackagingbags.com\/fr\/wp-json\/wp\/v2\/media\/726"}],"wp:attachment":[{"href":"https:\/\/cigarpackagingbags.com\/fr\/wp-json\/wp\/v2\/media?parent=725"}],"wp:term":[{"taxonomy":"product_brand","embeddable":true,"href":"https:\/\/cigarpackagingbags.com\/fr\/wp-json\/wp\/v2\/product_brand?post=725"},{"taxonomy":"product_cat","embeddable":true,"href":"https:\/\/cigarpackagingbags.com\/fr\/wp-json\/wp\/v2\/product_cat?post=725"},{"taxonomy":"product_tag","embeddable":true,"href":"https:\/\/cigarpackagingbags.com\/fr\/wp-json\/wp\/v2\/product_tag?post=725"}],"curies":[{"name":"wp","href":"https:\/\/api.w.org\/{rel}","templated":true}]}}