{"id":1128,"date":"2024-06-12T08:30:14","date_gmt":"2024-06-12T08:30:14","guid":{"rendered":"https:\/\/cigarpackagingbags.com\/?post_type=product&#038;p=1128"},"modified":"2026-03-10T21:52:01","modified_gmt":"2026-03-10T21:52:01","slug":"travel-cigar-humidification-pouch-cigar-humidor-bag","status":"publish","type":"product","link":"https:\/\/cigarpackagingbags.com\/fr\/travel-cigar-humidification-pouch-cigar-humidor-bag\/","title":{"rendered":"Humi-zip Travel Cigar Humidifi"},"content":{"rendered":"<ol>\n<li>Taille : 130x250mm, personnalisation<\/li>\n<li>Mat\u00e9riaux : OPP\/PE, MattOPP\/PE<\/li>\n<li>Couleur d'impression : 1 \u00e0 9 couleurs sont disponibles.<\/li>\n<li>Valable : Une fois ouvert, ce sac conservera vos cigares dans des conditions d'humidit\u00e9 appropri\u00e9es pendant 90 jours.<\/li>\n<li>Fermeture \u00e0 glissi\u00e8re refermable pour ouvrir et fermer le sac facilement, pratique pour transporter les cigares.<\/li>\n<li>syst\u00e8me d'humidification : une \u00e9ponge en tissu imbib\u00e9e (principalement) d'une solution contenant des \u00e9l\u00e9ments suivants<br \/>\neau, glycol et agent antibact\u00e9rien \/ antimoisissure.<\/li>\n<li>Le plastique qui s\u00e9pare les deux compartiments est un plastique semi-perm\u00e9able de haute technologie. Ce \"semi-<br \/>\nLe plastique \"perm\u00e9able\" ne permettrait qu'\u00e0 la petite vapeur d'eau de p\u00e9n\u00e9trer dans le compartiment \u00e0 cigares.<br \/>\net garder les cigares humides, tout en emp\u00eachant la plus grosse mol\u00e9cule d'eau de p\u00e9n\u00e9trer dans le cigare.<br \/>\net \"tremper\" les cigares.<\/li>\n<li>Convient pour le stock de cigares de voyage et un cadeau du D\u00c9TAILLANT DE CIGARES<\/li>\n<\/ol>\n<p><strong>Service logistique :<\/strong><\/p>\n<ul>\n<li>Si la quantit\u00e9 command\u00e9e n'est pas tr\u00e8s importante, nous pouvons envoyer les sacs par livraison express, comme TNT, DHL, UPS, Fedex, etc.<\/li>\n<li>Si la commande est importante, nous vous conseillons d'utiliser le transport a\u00e9rien ou maritime par l'interm\u00e9diaire de votre transitaire d\u00e9sign\u00e9 ou de notre agent de coop\u00e9ration \u00e0 long terme.<\/li>\n<li>Fret collect\u00e9 en cas d'exp\u00e9dition en vrac.<\/li>\n<\/ul>\n<div class=\"wp-playlist wp-video-playlist wp-playlist-light\">\n\t\t<video controls=\"controls\" preload=\"none\" width=\"1268\"\n\t\t height=\"713\"\t><\/video>\n\t<div class=\"wp-playlist-next\"><\/div>\n\t<div class=\"wp-playlist-prev\"><\/div>\n\t<noscript>\n\t<ol>\n\t\t<li><a href='https:\/\/cigarpackagingbags.com\/wp-content\/uploads\/2023\/07\/operation-video-of-cigar-humidor-bags.mp4'>vid\u00e9o de fonctionnement des sacs pour caves \u00e0 cigares<\/a><\/li>\t<\/ol>\n\t<\/noscript>\n\t<script type=\"application\/json\" class=\"wp-playlist-script\">{\"type\":\"video\",\"tracklist\":true,\"tracknumbers\":true,\"images\":true,\"artists\":true,\"tracks\":[{\"src\":\"https:\/\/cigarpackagingbags.com\/wp-content\/uploads\/2023\/07\/operation-video-of-cigar-humidor-bags.mp4\",\"type\":\"video\/mp4\",\"title\":\"operation video of cigar humidor bags\",\"caption\":\"video of cigar humidor bag\",\"description\":\"how to use cigar humidor bags\",\"meta\":{\"length_formatted\":\"0:26\"},\"dimensions\":{\"original\":{\"width\":1280,\"height\":720},\"resized\":{\"width\":1268,\"height\":713}},\"image\":{\"src\":\"https:\/\/cigarpackagingbags.com\/wp-includes\/images\/media\/video.svg\",\"width\":48,\"height\":64},\"thumb\":{\"src\":\"https:\/\/cigarpackagingbags.com\/wp-includes\/images\/media\/video.svg\",\"width\":48,\"height\":64}}]}<\/script>\n<\/div>\n\t\n<p>&nbsp;<\/p>","protected":false},"excerpt":{"rendered":"<ol>\n<li>Prix d'usine : 0,2 USD\/pi\u00e8ce<\/li>\n<li>Taille : 130x250mm<\/li>\n<li>Capacit\u00e9 : 5 cigares<\/li>\n<li>\u00c9chantillons gratuits<\/li>\n<li>MOQ : 10000pcs<\/li>\n<li>Co\u00fbt du moule couleur : 78 USD\/couleur<\/li>\n<li>Mat\u00e9riaux : OPP\/PE, PET\/PE<\/li>\n<li>D\u00e9lai de livraison : 21 jours apr\u00e8s confirmation du paiement<\/li>\n<li>Conditions de prix : EXW, CFN, CIF, DDP, etc.<\/li>\n<li>Paiements : T\/T, Visa, Paypal, etc.<\/li>\n<\/ol>","protected":false},"featured_media":1129,"comment_status":"open","ping_status":"closed","template":"","meta":{"_kadence_starter_templates_imported_post":false,"_kad_post_transparent":"default","_kad_post_title":"","_kad_post_layout":"default","_kad_post_sidebar_id":"","_kad_post_content_style":"default","_kad_post_vertical_padding":"default","_kad_post_feature":"","_kad_post_feature_position":"","_kad_post_header":false,"_kad_post_footer":false},"product_brand":[],"product_cat":[29,26],"product_tag":[],"class_list":{"0":"post-1128","1":"product","2":"type-product","3":"status-publish","4":"has-post-thumbnail","6":"product_cat-cigar-bags","7":"product_cat-cigar-fresh-pack-sampler","9":"first","10":"instock","11":"shipping-taxable","12":"product-type-simple","13":"entry","14":"content-bg","15":"loop-entry"},"yoast_head":"<!-- This site is optimized with the Yoast SEO plugin v27.2 - https:\/\/yoast.com\/product\/yoast-seo-wordpress\/ -->\n<title>Humi-zip Travel Cigar Humidification Pouch Cigar Humidor Bag HP Tobacco &amp; Cigar bags | Cigar Humidor Bags | Cigar Packaging Bags Solution<\/title>\n<meta name=\"description\" content=\"Humi-zip Travel Cigar Humidification Pouch Cigar Humidor Bag, factory of zip lock plastic humidified cigar bag, send inquiry for more details.\" \/>\n<meta name=\"robots\" content=\"index, follow, max-snippet:-1, max-image-preview:large, max-video-preview:-1\" \/>\n<link rel=\"canonical\" href=\"https:\/\/cigarpackagingbags.com\/fr\/travel-cigar-humidification-pouch-cigar-humidor-bag\/\" \/>\n<meta property=\"og:locale\" content=\"fr_FR\" \/>\n<meta property=\"og:type\" content=\"article\" \/>\n<meta property=\"og:title\" content=\"Humi-zip Travel Cigar Humidification Pouch Cigar Humidor Bag HP Tobacco &amp; Cigar bags | Cigar Humidor Bags | Cigar Packaging Bags Solution\" \/>\n<meta property=\"og:description\" content=\"Humi-zip Travel Cigar Humidification Pouch Cigar Humidor Bag, factory of zip lock plastic humidified cigar bag, send inquiry for more details.\" \/>\n<meta property=\"og:url\" content=\"https:\/\/cigarpackagingbags.com\/fr\/travel-cigar-humidification-pouch-cigar-humidor-bag\/\" \/>\n<meta property=\"og:site_name\" content=\"HP Tobacco &amp; Cigar bags | Cigar Humidor Bags | Cigar Packaging Bags Solution\" \/>\n<meta property=\"article:publisher\" content=\"https:\/\/www.facebook.com\/profile.php?id=100083059694645\" \/>\n<meta property=\"article:modified_time\" content=\"2026-03-10T21:52:01+00:00\" \/>\n<meta property=\"og:image\" content=\"https:\/\/cigarpackagingbags.com\/wp-content\/uploads\/2024\/06\/new-humidor-bag.jpg\" \/>\n\t<meta property=\"og:image:width\" content=\"640\" \/>\n\t<meta property=\"og:image:height\" content=\"640\" \/>\n\t<meta property=\"og:image:type\" content=\"image\/jpeg\" \/>\n<meta name=\"twitter:card\" content=\"summary_large_image\" \/>\n<meta name=\"twitter:label1\" content=\"Dur\u00e9e de lecture estim\u00e9e\" \/>\n\t<meta name=\"twitter:data1\" content=\"2 minutes\" \/>\n<script type=\"application\/ld+json\" class=\"yoast-schema-graph\">{\"@context\":\"https:\/\/schema.org\",\"@graph\":[{\"@type\":\"WebPage\",\"@id\":\"https:\/\/cigarpackagingbags.com\/travel-cigar-humidification-pouch-cigar-humidor-bag\/\",\"url\":\"https:\/\/cigarpackagingbags.com\/travel-cigar-humidification-pouch-cigar-humidor-bag\/\",\"name\":\"Humi-zip Travel Cigar Humidification Pouch Cigar Humidor Bag HP Tobacco &amp; Cigar bags | Cigar Humidor Bags | Cigar Packaging Bags Solution\",\"isPartOf\":{\"@id\":\"https:\/\/cigarpackagingbags.com\/#website\"},\"primaryImageOfPage\":{\"@id\":\"https:\/\/cigarpackagingbags.com\/travel-cigar-humidification-pouch-cigar-humidor-bag\/#primaryimage\"},\"image\":{\"@id\":\"https:\/\/cigarpackagingbags.com\/travel-cigar-humidification-pouch-cigar-humidor-bag\/#primaryimage\"},\"thumbnailUrl\":\"https:\/\/cigarpackagingbags.com\/wp-content\/uploads\/2024\/06\/new-humidor-bag.jpg\",\"datePublished\":\"2024-06-12T08:30:14+00:00\",\"dateModified\":\"2026-03-10T21:52:01+00:00\",\"description\":\"Humi-zip Travel Cigar Humidification Pouch Cigar Humidor Bag, factory of zip lock plastic humidified cigar bag, send inquiry for more details.\",\"breadcrumb\":{\"@id\":\"https:\/\/cigarpackagingbags.com\/travel-cigar-humidification-pouch-cigar-humidor-bag\/#breadcrumb\"},\"inLanguage\":\"fr-FR\",\"potentialAction\":[{\"@type\":\"ReadAction\",\"target\":[\"https:\/\/cigarpackagingbags.com\/travel-cigar-humidification-pouch-cigar-humidor-bag\/\"]}]},{\"@type\":\"ImageObject\",\"inLanguage\":\"fr-FR\",\"@id\":\"https:\/\/cigarpackagingbags.com\/travel-cigar-humidification-pouch-cigar-humidor-bag\/#primaryimage\",\"url\":\"https:\/\/cigarpackagingbags.com\/wp-content\/uploads\/2024\/06\/new-humidor-bag.jpg\",\"contentUrl\":\"https:\/\/cigarpackagingbags.com\/wp-content\/uploads\/2024\/06\/new-humidor-bag.jpg\",\"width\":640,\"height\":640,\"caption\":\"Humi-zip cigar humidor bag\"},{\"@type\":\"BreadcrumbList\",\"@id\":\"https:\/\/cigarpackagingbags.com\/travel-cigar-humidification-pouch-cigar-humidor-bag\/#breadcrumb\",\"itemListElement\":[{\"@type\":\"ListItem\",\"position\":1,\"name\":\"\u9996\u9875\",\"item\":\"https:\/\/cigarpackagingbags.com\/\"},{\"@type\":\"ListItem\",\"position\":2,\"name\":\"Products\",\"item\":\"https:\/\/cigarpackagingbags.com\/products\/\"},{\"@type\":\"ListItem\",\"position\":3,\"name\":\"Humi-zip Travel Cigar Humidifi\"}]},{\"@type\":\"WebSite\",\"@id\":\"https:\/\/cigarpackagingbags.com\/#website\",\"url\":\"https:\/\/cigarpackagingbags.com\/\",\"name\":\"HP Tobacco &amp; Cigar bags | Cigar Humidor Bags | Cigar Packaging Bags Solution\",\"description\":\"Custom Tobacco &amp; Cigar Bags With Good Price\",\"publisher\":{\"@id\":\"https:\/\/cigarpackagingbags.com\/#organization\"},\"alternateName\":\"Cigar Humidor Bags Manufacturer\",\"potentialAction\":[{\"@type\":\"SearchAction\",\"target\":{\"@type\":\"EntryPoint\",\"urlTemplate\":\"https:\/\/cigarpackagingbags.com\/?s={search_term_string}\"},\"query-input\":{\"@type\":\"PropertyValueSpecification\",\"valueRequired\":true,\"valueName\":\"search_term_string\"}}],\"inLanguage\":\"fr-FR\"},{\"@type\":\"Organization\",\"@id\":\"https:\/\/cigarpackagingbags.com\/#organization\",\"name\":\"HP Tobacco &amp; Cigar bags | Cigar Humidor Bags | Cigar Packaging Bags Solution\",\"url\":\"https:\/\/cigarpackagingbags.com\/\",\"logo\":{\"@type\":\"ImageObject\",\"inLanguage\":\"fr-FR\",\"@id\":\"https:\/\/cigarpackagingbags.com\/#\/schema\/logo\/image\/\",\"url\":\"https:\/\/cigarpackagingbags.com\/wp-content\/uploads\/2023\/07\/cigar-bags-2.jpg\",\"contentUrl\":\"https:\/\/cigarpackagingbags.com\/wp-content\/uploads\/2023\/07\/cigar-bags-2.jpg\",\"width\":1001,\"height\":1001,\"caption\":\"HP Tobacco &amp; Cigar bags | Cigar Humidor Bags | Cigar Packaging Bags Solution\"},\"image\":{\"@id\":\"https:\/\/cigarpackagingbags.com\/#\/schema\/logo\/image\/\"},\"sameAs\":[\"https:\/\/www.facebook.com\/profile.php?id=100083059694645\"]}]}<\/script>\n<!-- \/ Yoast SEO plugin. -->","yoast_head_json":{"title":"Humi-zip Travel Cigar Humidification Pouch Cigar Humidor Bag HP Tobacco &amp; Cigar bags | Cigar Humidor Bags | Cigar Packaging Bags Solution","description":"Humi-zip Travel Cigar Humidification Pouch Cigar Humidor Bag, factory of zip lock plastic humidified cigar bag, send inquiry for more details.","robots":{"index":"index","follow":"follow","max-snippet":"max-snippet:-1","max-image-preview":"max-image-preview:large","max-video-preview":"max-video-preview:-1"},"canonical":"https:\/\/cigarpackagingbags.com\/fr\/travel-cigar-humidification-pouch-cigar-humidor-bag\/","og_locale":"fr_FR","og_type":"article","og_title":"Humi-zip Travel Cigar Humidification Pouch Cigar Humidor Bag HP Tobacco &amp; Cigar bags | Cigar Humidor Bags | Cigar Packaging Bags Solution","og_description":"Humi-zip Travel Cigar Humidification Pouch Cigar Humidor Bag, factory of zip lock plastic humidified cigar bag, send inquiry for more details.","og_url":"https:\/\/cigarpackagingbags.com\/fr\/travel-cigar-humidification-pouch-cigar-humidor-bag\/","og_site_name":"HP Tobacco &amp; Cigar bags | Cigar Humidor Bags | Cigar Packaging Bags Solution","article_publisher":"https:\/\/www.facebook.com\/profile.php?id=100083059694645","article_modified_time":"2026-03-10T21:52:01+00:00","og_image":[{"width":640,"height":640,"url":"https:\/\/cigarpackagingbags.com\/wp-content\/uploads\/2024\/06\/new-humidor-bag.jpg","type":"image\/jpeg"}],"twitter_card":"summary_large_image","twitter_misc":{"Dur\u00e9e de lecture estim\u00e9e":"2 minutes"},"schema":{"@context":"https:\/\/schema.org","@graph":[{"@type":"WebPage","@id":"https:\/\/cigarpackagingbags.com\/travel-cigar-humidification-pouch-cigar-humidor-bag\/","url":"https:\/\/cigarpackagingbags.com\/travel-cigar-humidification-pouch-cigar-humidor-bag\/","name":"Humi-zip Travel Cigar Humidification Pouch Cigar Humidor Bag HP Tobacco &amp; Cigar bags | Cigar Humidor Bags | Cigar Packaging Bags Solution","isPartOf":{"@id":"https:\/\/cigarpackagingbags.com\/#website"},"primaryImageOfPage":{"@id":"https:\/\/cigarpackagingbags.com\/travel-cigar-humidification-pouch-cigar-humidor-bag\/#primaryimage"},"image":{"@id":"https:\/\/cigarpackagingbags.com\/travel-cigar-humidification-pouch-cigar-humidor-bag\/#primaryimage"},"thumbnailUrl":"https:\/\/cigarpackagingbags.com\/wp-content\/uploads\/2024\/06\/new-humidor-bag.jpg","datePublished":"2024-06-12T08:30:14+00:00","dateModified":"2026-03-10T21:52:01+00:00","description":"Humi-zip Travel Cigar Humidification Pouch Cigar Humidor Bag, factory of zip lock plastic humidified cigar bag, send inquiry for more details.","breadcrumb":{"@id":"https:\/\/cigarpackagingbags.com\/travel-cigar-humidification-pouch-cigar-humidor-bag\/#breadcrumb"},"inLanguage":"fr-FR","potentialAction":[{"@type":"ReadAction","target":["https:\/\/cigarpackagingbags.com\/travel-cigar-humidification-pouch-cigar-humidor-bag\/"]}]},{"@type":"ImageObject","inLanguage":"fr-FR","@id":"https:\/\/cigarpackagingbags.com\/travel-cigar-humidification-pouch-cigar-humidor-bag\/#primaryimage","url":"https:\/\/cigarpackagingbags.com\/wp-content\/uploads\/2024\/06\/new-humidor-bag.jpg","contentUrl":"https:\/\/cigarpackagingbags.com\/wp-content\/uploads\/2024\/06\/new-humidor-bag.jpg","width":640,"height":640,"caption":"Humi-zip cigar humidor bag"},{"@type":"BreadcrumbList","@id":"https:\/\/cigarpackagingbags.com\/travel-cigar-humidification-pouch-cigar-humidor-bag\/#breadcrumb","itemListElement":[{"@type":"ListItem","position":1,"name":"\u9996\u9875","item":"https:\/\/cigarpackagingbags.com\/"},{"@type":"ListItem","position":2,"name":"Products","item":"https:\/\/cigarpackagingbags.com\/products\/"},{"@type":"ListItem","position":3,"name":"Humi-zip Travel Cigar Humidifi"}]},{"@type":"WebSite","@id":"https:\/\/cigarpackagingbags.com\/#website","url":"https:\/\/cigarpackagingbags.com\/","name":"HP Tobacco &amp; Cigar bags | Cigar Humidor Bags | Cigar Packaging Bags Solution","description":"Sacs \u00e0 tabac et \u00e0 cigares personnalis\u00e9s \u00e0 bon prix","publisher":{"@id":"https:\/\/cigarpackagingbags.com\/#organization"},"alternateName":"Cigar Humidor Bags Manufacturer","potentialAction":[{"@type":"SearchAction","target":{"@type":"EntryPoint","urlTemplate":"https:\/\/cigarpackagingbags.com\/?s={search_term_string}"},"query-input":{"@type":"PropertyValueSpecification","valueRequired":true,"valueName":"search_term_string"}}],"inLanguage":"fr-FR"},{"@type":"Organization","@id":"https:\/\/cigarpackagingbags.com\/#organization","name":"HP Tobacco &amp; Cigar bags | Cigar Humidor Bags | Cigar Packaging Bags Solution","url":"https:\/\/cigarpackagingbags.com\/","logo":{"@type":"ImageObject","inLanguage":"fr-FR","@id":"https:\/\/cigarpackagingbags.com\/#\/schema\/logo\/image\/","url":"https:\/\/cigarpackagingbags.com\/wp-content\/uploads\/2023\/07\/cigar-bags-2.jpg","contentUrl":"https:\/\/cigarpackagingbags.com\/wp-content\/uploads\/2023\/07\/cigar-bags-2.jpg","width":1001,"height":1001,"caption":"HP Tobacco &amp; Cigar bags | Cigar Humidor Bags | Cigar Packaging Bags Solution"},"image":{"@id":"https:\/\/cigarpackagingbags.com\/#\/schema\/logo\/image\/"},"sameAs":["https:\/\/www.facebook.com\/profile.php?id=100083059694645"]}]}},"_links":{"self":[{"href":"https:\/\/cigarpackagingbags.com\/fr\/wp-json\/wp\/v2\/product\/1128","targetHints":{"allow":["GET"]}}],"collection":[{"href":"https:\/\/cigarpackagingbags.com\/fr\/wp-json\/wp\/v2\/product"}],"about":[{"href":"https:\/\/cigarpackagingbags.com\/fr\/wp-json\/wp\/v2\/types\/product"}],"replies":[{"embeddable":true,"href":"https:\/\/cigarpackagingbags.com\/fr\/wp-json\/wp\/v2\/comments?post=1128"}],"wp:featuredmedia":[{"embeddable":true,"href":"https:\/\/cigarpackagingbags.com\/fr\/wp-json\/wp\/v2\/media\/1129"}],"wp:attachment":[{"href":"https:\/\/cigarpackagingbags.com\/fr\/wp-json\/wp\/v2\/media?parent=1128"}],"wp:term":[{"taxonomy":"product_brand","embeddable":true,"href":"https:\/\/cigarpackagingbags.com\/fr\/wp-json\/wp\/v2\/product_brand?post=1128"},{"taxonomy":"product_cat","embeddable":true,"href":"https:\/\/cigarpackagingbags.com\/fr\/wp-json\/wp\/v2\/product_cat?post=1128"},{"taxonomy":"product_tag","embeddable":true,"href":"https:\/\/cigarpackagingbags.com\/fr\/wp-json\/wp\/v2\/product_tag?post=1128"}],"curies":[{"name":"wp","href":"https:\/\/api.w.org\/{rel}","templated":true}]}}