{"id":1117,"date":"2024-03-20T08:10:29","date_gmt":"2024-03-20T08:10:29","guid":{"rendered":"https:\/\/cigarpackagingbags.com\/?post_type=product&#038;p=1117"},"modified":"2024-03-20T08:14:29","modified_gmt":"2024-03-20T08:14:29","slug":"brown-leather-4-cigars-travel-humidor-case-holder-with-cutter-and-lighter","status":"publish","type":"product","link":"https:\/\/cigarpackagingbags.com\/fr\/brown-leather-4-cigars-travel-humidor-case-holder-with-cutter-and-lighter\/","title":{"rendered":"Cuir marron 4 cigares de voyage"},"content":{"rendered":"<p>\u00c9tui de voyage en cuir marron pour 4 cigares avec coupeur et briquet<\/p>\n<ul>\n<li>Nom : Etui \u00e0 cigares en bois et cuir<\/li>\n<li>Taille : 203x123x77mm<\/li>\n<li>Capacit\u00e9 : 4 cigares<\/li>\n<li>Couleur : brun, personnalisation<\/li>\n<li>Mat\u00e9riaux : Bois de c\u00e8dre, cuir PU<\/li>\n<li>Utilisation : stockage de cigares<\/li>\n<li>Poids de l'article : 0,875 kg<\/li>\n<li>Logo : laser\/impression\/autocollant\/s\u00e9rigraphie<\/li>\n<\/ul>","protected":false},"excerpt":{"rendered":"<ol>\n<li>Prix d'usine : 1-50 sets:USD29.1\/set ; 50~100sets:USD28.1\/set;100+ : USD27.1\/set<\/li>\n<li>Taille : 203x123x77mm<\/li>\n<li>Capacit\u00e9 : 4 cigares<\/li>\n<li>MOQ : 200pcs (personnalisation)<\/li>\n<li>Mat\u00e9riaux : Cuir PU, bois de c\u00e8dre<\/li>\n<li>D\u00e9lai de livraison : 21 jours apr\u00e8s confirmation du paiement<\/li>\n<li>Conditions de prix : EXW, CFN, CIF, DDP, etc.<\/li>\n<li>Paiements : T\/T, Visa, Paypal, etc.<\/li>\n<\/ol>","protected":false},"featured_media":1104,"comment_status":"open","ping_status":"closed","template":"","meta":{"_kadence_starter_templates_imported_post":false,"_kad_post_transparent":"default","_kad_post_title":"","_kad_post_layout":"default","_kad_post_sidebar_id":"","_kad_post_content_style":"default","_kad_post_vertical_padding":"default","_kad_post_feature":"","_kad_post_feature_position":"","_kad_post_header":false,"_kad_post_footer":false},"product_brand":[],"product_cat":[28,27],"product_tag":[],"class_list":{"0":"post-1117","1":"product","2":"type-product","3":"status-publish","4":"has-post-thumbnail","6":"product_cat-brand-cigar-accessories","7":"product_cat-cigar-humidor-box","9":"first","10":"instock","11":"shipping-taxable","12":"product-type-simple","13":"entry","14":"content-bg","15":"loop-entry"},"yoast_head":"<!-- This site is optimized with the Yoast SEO plugin v27.2 - https:\/\/yoast.com\/product\/yoast-seo-wordpress\/ -->\n<title>Brown Leather 4 Cigars Travel Humidor Case Holder With Cutter And Lighter - HP Tobacco &amp; Cigar bags | Cigar Humidor Bags | Cigar Packaging Bags Solution<\/title>\n<meta name=\"description\" content=\"Brown Leather 4 Cigars Travel Humidor Case Holder With Cutter And Lighter, welcome to send your inquiry for more details.\" \/>\n<meta name=\"robots\" content=\"index, follow, max-snippet:-1, max-image-preview:large, max-video-preview:-1\" \/>\n<link rel=\"canonical\" href=\"https:\/\/cigarpackagingbags.com\/fr\/brown-leather-4-cigars-travel-humidor-case-holder-with-cutter-and-lighter\/\" \/>\n<meta property=\"og:locale\" content=\"fr_FR\" \/>\n<meta property=\"og:type\" content=\"article\" \/>\n<meta property=\"og:title\" content=\"Brown Leather 4 Cigars Travel Humidor Case Holder With Cutter And Lighter - HP Tobacco &amp; Cigar bags | Cigar Humidor Bags | Cigar Packaging Bags Solution\" \/>\n<meta property=\"og:description\" content=\"Brown Leather 4 Cigars Travel Humidor Case Holder With Cutter And Lighter, welcome to send your inquiry for more details.\" \/>\n<meta property=\"og:url\" content=\"https:\/\/cigarpackagingbags.com\/fr\/brown-leather-4-cigars-travel-humidor-case-holder-with-cutter-and-lighter\/\" \/>\n<meta property=\"og:site_name\" content=\"HP Tobacco &amp; Cigar bags | Cigar Humidor Bags | Cigar Packaging Bags Solution\" \/>\n<meta property=\"article:publisher\" content=\"https:\/\/www.facebook.com\/profile.php?id=100083059694645\" \/>\n<meta property=\"article:modified_time\" content=\"2024-03-20T08:14:29+00:00\" \/>\n<meta property=\"og:image\" content=\"https:\/\/cigarpackagingbags.com\/wp-content\/uploads\/2024\/03\/brow-yellow.jpg\" \/>\n\t<meta property=\"og:image:width\" content=\"800\" \/>\n\t<meta property=\"og:image:height\" content=\"800\" \/>\n\t<meta property=\"og:image:type\" content=\"image\/jpeg\" \/>\n<meta name=\"twitter:card\" content=\"summary_large_image\" \/>\n<meta name=\"twitter:label1\" content=\"Dur\u00e9e de lecture estim\u00e9e\" \/>\n\t<meta name=\"twitter:data1\" content=\"2 minutes\" \/>\n<script type=\"application\/ld+json\" class=\"yoast-schema-graph\">{\"@context\":\"https:\/\/schema.org\",\"@graph\":[{\"@type\":\"WebPage\",\"@id\":\"https:\/\/cigarpackagingbags.com\/brown-leather-4-cigars-travel-humidor-case-holder-with-cutter-and-lighter\/\",\"url\":\"https:\/\/cigarpackagingbags.com\/brown-leather-4-cigars-travel-humidor-case-holder-with-cutter-and-lighter\/\",\"name\":\"Brown Leather 4 Cigars Travel Humidor Case Holder With Cutter And Lighter - HP Tobacco &amp; Cigar bags | Cigar Humidor Bags | Cigar Packaging Bags Solution\",\"isPartOf\":{\"@id\":\"https:\/\/cigarpackagingbags.com\/#website\"},\"primaryImageOfPage\":{\"@id\":\"https:\/\/cigarpackagingbags.com\/brown-leather-4-cigars-travel-humidor-case-holder-with-cutter-and-lighter\/#primaryimage\"},\"image\":{\"@id\":\"https:\/\/cigarpackagingbags.com\/brown-leather-4-cigars-travel-humidor-case-holder-with-cutter-and-lighter\/#primaryimage\"},\"thumbnailUrl\":\"https:\/\/cigarpackagingbags.com\/wp-content\/uploads\/2024\/03\/brow-yellow.jpg\",\"datePublished\":\"2024-03-20T08:10:29+00:00\",\"dateModified\":\"2024-03-20T08:14:29+00:00\",\"description\":\"Brown Leather 4 Cigars Travel Humidor Case Holder With Cutter And Lighter, welcome to send your inquiry for more details.\",\"breadcrumb\":{\"@id\":\"https:\/\/cigarpackagingbags.com\/brown-leather-4-cigars-travel-humidor-case-holder-with-cutter-and-lighter\/#breadcrumb\"},\"inLanguage\":\"fr-FR\",\"potentialAction\":[{\"@type\":\"ReadAction\",\"target\":[\"https:\/\/cigarpackagingbags.com\/brown-leather-4-cigars-travel-humidor-case-holder-with-cutter-and-lighter\/\"]}]},{\"@type\":\"ImageObject\",\"inLanguage\":\"fr-FR\",\"@id\":\"https:\/\/cigarpackagingbags.com\/brown-leather-4-cigars-travel-humidor-case-holder-with-cutter-and-lighter\/#primaryimage\",\"url\":\"https:\/\/cigarpackagingbags.com\/wp-content\/uploads\/2024\/03\/brow-yellow.jpg\",\"contentUrl\":\"https:\/\/cigarpackagingbags.com\/wp-content\/uploads\/2024\/03\/brow-yellow.jpg\",\"width\":800,\"height\":800,\"caption\":\"cedar travel humidor bag\"},{\"@type\":\"BreadcrumbList\",\"@id\":\"https:\/\/cigarpackagingbags.com\/brown-leather-4-cigars-travel-humidor-case-holder-with-cutter-and-lighter\/#breadcrumb\",\"itemListElement\":[{\"@type\":\"ListItem\",\"position\":1,\"name\":\"\u9996\u9875\",\"item\":\"https:\/\/cigarpackagingbags.com\/\"},{\"@type\":\"ListItem\",\"position\":2,\"name\":\"Products\",\"item\":\"https:\/\/cigarpackagingbags.com\/products\/\"},{\"@type\":\"ListItem\",\"position\":3,\"name\":\"Brown Leather 4 Cigars Travel Humidor Case Holder With Cutter And Lighter\"}]},{\"@type\":\"WebSite\",\"@id\":\"https:\/\/cigarpackagingbags.com\/#website\",\"url\":\"https:\/\/cigarpackagingbags.com\/\",\"name\":\"HP Tobacco &amp; Cigar bags | Cigar Humidor Bags | Cigar Packaging Bags Solution\",\"description\":\"Custom Tobacco &amp; Cigar Bags With Good Price\",\"publisher\":{\"@id\":\"https:\/\/cigarpackagingbags.com\/#organization\"},\"alternateName\":\"Cigar Humidor Bags Manufacturer\",\"potentialAction\":[{\"@type\":\"SearchAction\",\"target\":{\"@type\":\"EntryPoint\",\"urlTemplate\":\"https:\/\/cigarpackagingbags.com\/?s={search_term_string}\"},\"query-input\":{\"@type\":\"PropertyValueSpecification\",\"valueRequired\":true,\"valueName\":\"search_term_string\"}}],\"inLanguage\":\"fr-FR\"},{\"@type\":\"Organization\",\"@id\":\"https:\/\/cigarpackagingbags.com\/#organization\",\"name\":\"HP Tobacco &amp; Cigar bags | Cigar Humidor Bags | Cigar Packaging Bags Solution\",\"url\":\"https:\/\/cigarpackagingbags.com\/\",\"logo\":{\"@type\":\"ImageObject\",\"inLanguage\":\"fr-FR\",\"@id\":\"https:\/\/cigarpackagingbags.com\/#\/schema\/logo\/image\/\",\"url\":\"https:\/\/cigarpackagingbags.com\/wp-content\/uploads\/2023\/07\/cigar-bags-2.jpg\",\"contentUrl\":\"https:\/\/cigarpackagingbags.com\/wp-content\/uploads\/2023\/07\/cigar-bags-2.jpg\",\"width\":1001,\"height\":1001,\"caption\":\"HP Tobacco &amp; Cigar bags | Cigar Humidor Bags | Cigar Packaging Bags Solution\"},\"image\":{\"@id\":\"https:\/\/cigarpackagingbags.com\/#\/schema\/logo\/image\/\"},\"sameAs\":[\"https:\/\/www.facebook.com\/profile.php?id=100083059694645\"]}]}<\/script>\n<!-- \/ Yoast SEO plugin. -->","yoast_head_json":{"title":"Brown Leather 4 Cigars Travel Humidor Case Holder With Cutter And Lighter - HP Tobacco &amp; Cigar bags | Cigar Humidor Bags | Cigar Packaging Bags Solution","description":"Brown Leather 4 Cigars Travel Humidor Case Holder With Cutter And Lighter, welcome to send your inquiry for more details.","robots":{"index":"index","follow":"follow","max-snippet":"max-snippet:-1","max-image-preview":"max-image-preview:large","max-video-preview":"max-video-preview:-1"},"canonical":"https:\/\/cigarpackagingbags.com\/fr\/brown-leather-4-cigars-travel-humidor-case-holder-with-cutter-and-lighter\/","og_locale":"fr_FR","og_type":"article","og_title":"Brown Leather 4 Cigars Travel Humidor Case Holder With Cutter And Lighter - HP Tobacco &amp; Cigar bags | Cigar Humidor Bags | Cigar Packaging Bags Solution","og_description":"Brown Leather 4 Cigars Travel Humidor Case Holder With Cutter And Lighter, welcome to send your inquiry for more details.","og_url":"https:\/\/cigarpackagingbags.com\/fr\/brown-leather-4-cigars-travel-humidor-case-holder-with-cutter-and-lighter\/","og_site_name":"HP Tobacco &amp; Cigar bags | Cigar Humidor Bags | Cigar Packaging Bags Solution","article_publisher":"https:\/\/www.facebook.com\/profile.php?id=100083059694645","article_modified_time":"2024-03-20T08:14:29+00:00","og_image":[{"width":800,"height":800,"url":"https:\/\/cigarpackagingbags.com\/wp-content\/uploads\/2024\/03\/brow-yellow.jpg","type":"image\/jpeg"}],"twitter_card":"summary_large_image","twitter_misc":{"Dur\u00e9e de lecture estim\u00e9e":"2 minutes"},"schema":{"@context":"https:\/\/schema.org","@graph":[{"@type":"WebPage","@id":"https:\/\/cigarpackagingbags.com\/brown-leather-4-cigars-travel-humidor-case-holder-with-cutter-and-lighter\/","url":"https:\/\/cigarpackagingbags.com\/brown-leather-4-cigars-travel-humidor-case-holder-with-cutter-and-lighter\/","name":"Brown Leather 4 Cigars Travel Humidor Case Holder With Cutter And Lighter - HP Tobacco &amp; Cigar bags | Cigar Humidor Bags | Cigar Packaging Bags Solution","isPartOf":{"@id":"https:\/\/cigarpackagingbags.com\/#website"},"primaryImageOfPage":{"@id":"https:\/\/cigarpackagingbags.com\/brown-leather-4-cigars-travel-humidor-case-holder-with-cutter-and-lighter\/#primaryimage"},"image":{"@id":"https:\/\/cigarpackagingbags.com\/brown-leather-4-cigars-travel-humidor-case-holder-with-cutter-and-lighter\/#primaryimage"},"thumbnailUrl":"https:\/\/cigarpackagingbags.com\/wp-content\/uploads\/2024\/03\/brow-yellow.jpg","datePublished":"2024-03-20T08:10:29+00:00","dateModified":"2024-03-20T08:14:29+00:00","description":"Brown Leather 4 Cigars Travel Humidor Case Holder With Cutter And Lighter, welcome to send your inquiry for more details.","breadcrumb":{"@id":"https:\/\/cigarpackagingbags.com\/brown-leather-4-cigars-travel-humidor-case-holder-with-cutter-and-lighter\/#breadcrumb"},"inLanguage":"fr-FR","potentialAction":[{"@type":"ReadAction","target":["https:\/\/cigarpackagingbags.com\/brown-leather-4-cigars-travel-humidor-case-holder-with-cutter-and-lighter\/"]}]},{"@type":"ImageObject","inLanguage":"fr-FR","@id":"https:\/\/cigarpackagingbags.com\/brown-leather-4-cigars-travel-humidor-case-holder-with-cutter-and-lighter\/#primaryimage","url":"https:\/\/cigarpackagingbags.com\/wp-content\/uploads\/2024\/03\/brow-yellow.jpg","contentUrl":"https:\/\/cigarpackagingbags.com\/wp-content\/uploads\/2024\/03\/brow-yellow.jpg","width":800,"height":800,"caption":"cedar travel humidor bag"},{"@type":"BreadcrumbList","@id":"https:\/\/cigarpackagingbags.com\/brown-leather-4-cigars-travel-humidor-case-holder-with-cutter-and-lighter\/#breadcrumb","itemListElement":[{"@type":"ListItem","position":1,"name":"\u9996\u9875","item":"https:\/\/cigarpackagingbags.com\/"},{"@type":"ListItem","position":2,"name":"Products","item":"https:\/\/cigarpackagingbags.com\/products\/"},{"@type":"ListItem","position":3,"name":"Brown Leather 4 Cigars Travel Humidor Case Holder With Cutter And Lighter"}]},{"@type":"WebSite","@id":"https:\/\/cigarpackagingbags.com\/#website","url":"https:\/\/cigarpackagingbags.com\/","name":"HP Tobacco &amp; Cigar bags | Cigar Humidor Bags | Cigar Packaging Bags Solution","description":"Sacs \u00e0 tabac et \u00e0 cigares personnalis\u00e9s \u00e0 bon prix","publisher":{"@id":"https:\/\/cigarpackagingbags.com\/#organization"},"alternateName":"Cigar Humidor Bags Manufacturer","potentialAction":[{"@type":"SearchAction","target":{"@type":"EntryPoint","urlTemplate":"https:\/\/cigarpackagingbags.com\/?s={search_term_string}"},"query-input":{"@type":"PropertyValueSpecification","valueRequired":true,"valueName":"search_term_string"}}],"inLanguage":"fr-FR"},{"@type":"Organization","@id":"https:\/\/cigarpackagingbags.com\/#organization","name":"HP Tobacco &amp; Cigar bags | Cigar Humidor Bags | Cigar Packaging Bags Solution","url":"https:\/\/cigarpackagingbags.com\/","logo":{"@type":"ImageObject","inLanguage":"fr-FR","@id":"https:\/\/cigarpackagingbags.com\/#\/schema\/logo\/image\/","url":"https:\/\/cigarpackagingbags.com\/wp-content\/uploads\/2023\/07\/cigar-bags-2.jpg","contentUrl":"https:\/\/cigarpackagingbags.com\/wp-content\/uploads\/2023\/07\/cigar-bags-2.jpg","width":1001,"height":1001,"caption":"HP Tobacco &amp; Cigar bags | Cigar Humidor Bags | Cigar Packaging Bags Solution"},"image":{"@id":"https:\/\/cigarpackagingbags.com\/#\/schema\/logo\/image\/"},"sameAs":["https:\/\/www.facebook.com\/profile.php?id=100083059694645"]}]}},"_links":{"self":[{"href":"https:\/\/cigarpackagingbags.com\/fr\/wp-json\/wp\/v2\/product\/1117","targetHints":{"allow":["GET"]}}],"collection":[{"href":"https:\/\/cigarpackagingbags.com\/fr\/wp-json\/wp\/v2\/product"}],"about":[{"href":"https:\/\/cigarpackagingbags.com\/fr\/wp-json\/wp\/v2\/types\/product"}],"replies":[{"embeddable":true,"href":"https:\/\/cigarpackagingbags.com\/fr\/wp-json\/wp\/v2\/comments?post=1117"}],"wp:featuredmedia":[{"embeddable":true,"href":"https:\/\/cigarpackagingbags.com\/fr\/wp-json\/wp\/v2\/media\/1104"}],"wp:attachment":[{"href":"https:\/\/cigarpackagingbags.com\/fr\/wp-json\/wp\/v2\/media?parent=1117"}],"wp:term":[{"taxonomy":"product_brand","embeddable":true,"href":"https:\/\/cigarpackagingbags.com\/fr\/wp-json\/wp\/v2\/product_brand?post=1117"},{"taxonomy":"product_cat","embeddable":true,"href":"https:\/\/cigarpackagingbags.com\/fr\/wp-json\/wp\/v2\/product_cat?post=1117"},{"taxonomy":"product_tag","embeddable":true,"href":"https:\/\/cigarpackagingbags.com\/fr\/wp-json\/wp\/v2\/product_tag?post=1117"}],"curies":[{"name":"wp","href":"https:\/\/api.w.org\/{rel}","templated":true}]}}