{"id":1045,"date":"2023-10-25T06:57:49","date_gmt":"2023-10-25T06:57:49","guid":{"rendered":"https:\/\/cigarpackagingbags.com\/?post_type=product&#038;p=1045"},"modified":"2023-10-25T07:01:15","modified_gmt":"2023-10-25T07:01:15","slug":"cigar-wraps-packaging-bags","status":"publish","type":"product","link":"https:\/\/cigarpackagingbags.com\/fr\/cigar-wraps-packaging-bags\/","title":{"rendered":"Cigar Wrap avec logo en usine"},"content":{"rendered":"<p><strong>Nous sommes un fabricant professionnel de sacs d'emballage imprim\u00e9s sur mesure pour enveloppes de cigares.\u00a0<\/strong><\/p>\n<ol>\n<li>\u00a0Fournir diff\u00e9rents sacs d'emballage en plastique pour enveloppes de cigares.<\/li>\n<li>Taille : 60x240mm, des tailles personnalis\u00e9es sont disponibles.<\/li>\n<li>Mat\u00e9riaux : MatOPP\/PET\/PE,PET\/AL\/PE.<\/li>\n<li>Impression : 1 \u00e0 9 couleurs sont disponibles.<\/li>\n<li>Caract\u00e9ristiques : \u00e9tanche \u00e0 l'humidit\u00e9, \u00e0 l'eau et \u00e0 la poussi\u00e8re.<\/li>\n<\/ol>\n<p><a href=\"mailto:sales@cigarpackagingbags.com\">N'h\u00e9sitez pas \u00e0 nous envoyer vos dessins et vos exigences, nous en discuterons plus en d\u00e9tail.<\/a><\/p>\n<p>&nbsp;<\/p>","protected":false},"excerpt":{"rendered":"<ol>\n<li>Prix : $0.03~$0.6, en fonction de la conception et de la quantit\u00e9.<\/li>\n<li>MOQ:20000pcs ou \u00e9chantillons<\/li>\n<li>Taille : 250x130mm, personnalisation<\/li>\n<li>Impression couleur : 1~9 couleurs<\/li>\n<li>D\u00e9lai de livraison : 21 jours<\/li>\n<\/ol>","protected":false},"featured_media":1046,"comment_status":"open","ping_status":"closed","template":"","meta":{"_kadence_starter_templates_imported_post":false,"_kad_post_transparent":"default","_kad_post_title":"","_kad_post_layout":"default","_kad_post_sidebar_id":"","_kad_post_content_style":"default","_kad_post_vertical_padding":"default","_kad_post_feature":"","_kad_post_feature_position":"","_kad_post_header":false,"_kad_post_footer":false},"product_brand":[],"product_cat":[22],"product_tag":[],"class_list":{"0":"post-1045","1":"product","2":"type-product","3":"status-publish","4":"has-post-thumbnail","6":"product_cat-cigar-packaging-bags","8":"first","9":"instock","10":"shipping-taxable","11":"product-type-simple","12":"entry","13":"content-bg","14":"loop-entry"},"yoast_head":"<!-- This site is optimized with the Yoast SEO plugin v27.2 - https:\/\/yoast.com\/product\/yoast-seo-wordpress\/ -->\n<title>Factory Custom Logo Cigar Wraps Packaging Bags - HP Tobacco &amp; Cigar bags | Cigar Humidor Bags | Cigar Packaging Bags Solution<\/title>\n<meta name=\"description\" content=\"Professional cigar packaging solution provider, manufacture cigar wrap packaging bags, ziplock cigar bags, tobacco cigar aluminum foil cigar bags.\" \/>\n<meta name=\"robots\" content=\"index, follow, max-snippet:-1, max-image-preview:large, max-video-preview:-1\" \/>\n<link rel=\"canonical\" href=\"https:\/\/cigarpackagingbags.com\/fr\/cigar-wraps-packaging-bags\/\" \/>\n<meta property=\"og:locale\" content=\"fr_FR\" \/>\n<meta property=\"og:type\" content=\"article\" \/>\n<meta property=\"og:title\" content=\"Factory Custom Logo Cigar Wraps Packaging Bags - HP Tobacco &amp; Cigar bags | Cigar Humidor Bags | Cigar Packaging Bags Solution\" \/>\n<meta property=\"og:description\" content=\"Professional cigar packaging solution provider, manufacture cigar wrap packaging bags, ziplock cigar bags, tobacco cigar aluminum foil cigar bags.\" \/>\n<meta property=\"og:url\" content=\"https:\/\/cigarpackagingbags.com\/fr\/cigar-wraps-packaging-bags\/\" \/>\n<meta property=\"og:site_name\" content=\"HP Tobacco &amp; Cigar bags | Cigar Humidor Bags | Cigar Packaging Bags Solution\" \/>\n<meta property=\"article:publisher\" content=\"https:\/\/www.facebook.com\/profile.php?id=100083059694645\" \/>\n<meta property=\"article:modified_time\" content=\"2023-10-25T07:01:15+00:00\" \/>\n<meta property=\"og:image\" content=\"https:\/\/cigarpackagingbags.com\/wp-content\/uploads\/2023\/10\/cigar-wraps-packaging-bag-2.jpg\" \/>\n\t<meta property=\"og:image:width\" content=\"640\" \/>\n\t<meta property=\"og:image:height\" content=\"640\" \/>\n\t<meta property=\"og:image:type\" content=\"image\/jpeg\" \/>\n<meta name=\"twitter:card\" content=\"summary_large_image\" \/>\n<meta name=\"twitter:label1\" content=\"Dur\u00e9e de lecture estim\u00e9e\" \/>\n\t<meta name=\"twitter:data1\" content=\"1 minute\" \/>\n<script type=\"application\/ld+json\" class=\"yoast-schema-graph\">{\"@context\":\"https:\/\/schema.org\",\"@graph\":[{\"@type\":\"WebPage\",\"@id\":\"https:\/\/cigarpackagingbags.com\/cigar-wraps-packaging-bags\/\",\"url\":\"https:\/\/cigarpackagingbags.com\/cigar-wraps-packaging-bags\/\",\"name\":\"Factory Custom Logo Cigar Wraps Packaging Bags - HP Tobacco &amp; Cigar bags | Cigar Humidor Bags | Cigar Packaging Bags Solution\",\"isPartOf\":{\"@id\":\"https:\/\/cigarpackagingbags.com\/#website\"},\"primaryImageOfPage\":{\"@id\":\"https:\/\/cigarpackagingbags.com\/cigar-wraps-packaging-bags\/#primaryimage\"},\"image\":{\"@id\":\"https:\/\/cigarpackagingbags.com\/cigar-wraps-packaging-bags\/#primaryimage\"},\"thumbnailUrl\":\"https:\/\/cigarpackagingbags.com\/wp-content\/uploads\/2023\/10\/cigar-wraps-packaging-bag-2.jpg\",\"datePublished\":\"2023-10-25T06:57:49+00:00\",\"dateModified\":\"2023-10-25T07:01:15+00:00\",\"description\":\"Professional cigar packaging solution provider, manufacture cigar wrap packaging bags, ziplock cigar bags, tobacco cigar aluminum foil cigar bags.\",\"breadcrumb\":{\"@id\":\"https:\/\/cigarpackagingbags.com\/cigar-wraps-packaging-bags\/#breadcrumb\"},\"inLanguage\":\"fr-FR\",\"potentialAction\":[{\"@type\":\"ReadAction\",\"target\":[\"https:\/\/cigarpackagingbags.com\/cigar-wraps-packaging-bags\/\"]}]},{\"@type\":\"ImageObject\",\"inLanguage\":\"fr-FR\",\"@id\":\"https:\/\/cigarpackagingbags.com\/cigar-wraps-packaging-bags\/#primaryimage\",\"url\":\"https:\/\/cigarpackagingbags.com\/wp-content\/uploads\/2023\/10\/cigar-wraps-packaging-bag-2.jpg\",\"contentUrl\":\"https:\/\/cigarpackagingbags.com\/wp-content\/uploads\/2023\/10\/cigar-wraps-packaging-bag-2.jpg\",\"width\":640,\"height\":640,\"caption\":\"China factory-cigar wraps packaging bags\"},{\"@type\":\"BreadcrumbList\",\"@id\":\"https:\/\/cigarpackagingbags.com\/cigar-wraps-packaging-bags\/#breadcrumb\",\"itemListElement\":[{\"@type\":\"ListItem\",\"position\":1,\"name\":\"\u9996\u9875\",\"item\":\"https:\/\/cigarpackagingbags.com\/\"},{\"@type\":\"ListItem\",\"position\":2,\"name\":\"Products\",\"item\":\"https:\/\/cigarpackagingbags.com\/products\/\"},{\"@type\":\"ListItem\",\"position\":3,\"name\":\"Factory Custom Logo Cigar Wraps Packaging Bags\"}]},{\"@type\":\"WebSite\",\"@id\":\"https:\/\/cigarpackagingbags.com\/#website\",\"url\":\"https:\/\/cigarpackagingbags.com\/\",\"name\":\"HP Tobacco &amp; Cigar bags | Cigar Humidor Bags | Cigar Packaging Bags Solution\",\"description\":\"Custom Tobacco &amp; Cigar Bags With Good Price\",\"publisher\":{\"@id\":\"https:\/\/cigarpackagingbags.com\/#organization\"},\"alternateName\":\"Cigar Humidor Bags Manufacturer\",\"potentialAction\":[{\"@type\":\"SearchAction\",\"target\":{\"@type\":\"EntryPoint\",\"urlTemplate\":\"https:\/\/cigarpackagingbags.com\/?s={search_term_string}\"},\"query-input\":{\"@type\":\"PropertyValueSpecification\",\"valueRequired\":true,\"valueName\":\"search_term_string\"}}],\"inLanguage\":\"fr-FR\"},{\"@type\":\"Organization\",\"@id\":\"https:\/\/cigarpackagingbags.com\/#organization\",\"name\":\"HP Tobacco &amp; Cigar bags | Cigar Humidor Bags | Cigar Packaging Bags Solution\",\"url\":\"https:\/\/cigarpackagingbags.com\/\",\"logo\":{\"@type\":\"ImageObject\",\"inLanguage\":\"fr-FR\",\"@id\":\"https:\/\/cigarpackagingbags.com\/#\/schema\/logo\/image\/\",\"url\":\"https:\/\/cigarpackagingbags.com\/wp-content\/uploads\/2023\/07\/cigar-bags-2.jpg\",\"contentUrl\":\"https:\/\/cigarpackagingbags.com\/wp-content\/uploads\/2023\/07\/cigar-bags-2.jpg\",\"width\":1001,\"height\":1001,\"caption\":\"HP Tobacco &amp; Cigar bags | Cigar Humidor Bags | Cigar Packaging Bags Solution\"},\"image\":{\"@id\":\"https:\/\/cigarpackagingbags.com\/#\/schema\/logo\/image\/\"},\"sameAs\":[\"https:\/\/www.facebook.com\/profile.php?id=100083059694645\"]}]}<\/script>\n<!-- \/ Yoast SEO plugin. -->","yoast_head_json":{"title":"Factory Custom Logo Cigar Wraps Packaging Bags - HP Tobacco &amp; Cigar bags | Cigar Humidor Bags | Cigar Packaging Bags Solution","description":"Professional cigar packaging solution provider, manufacture cigar wrap packaging bags, ziplock cigar bags, tobacco cigar aluminum foil cigar bags.","robots":{"index":"index","follow":"follow","max-snippet":"max-snippet:-1","max-image-preview":"max-image-preview:large","max-video-preview":"max-video-preview:-1"},"canonical":"https:\/\/cigarpackagingbags.com\/fr\/cigar-wraps-packaging-bags\/","og_locale":"fr_FR","og_type":"article","og_title":"Factory Custom Logo Cigar Wraps Packaging Bags - HP Tobacco &amp; Cigar bags | Cigar Humidor Bags | Cigar Packaging Bags Solution","og_description":"Professional cigar packaging solution provider, manufacture cigar wrap packaging bags, ziplock cigar bags, tobacco cigar aluminum foil cigar bags.","og_url":"https:\/\/cigarpackagingbags.com\/fr\/cigar-wraps-packaging-bags\/","og_site_name":"HP Tobacco &amp; Cigar bags | Cigar Humidor Bags | Cigar Packaging Bags Solution","article_publisher":"https:\/\/www.facebook.com\/profile.php?id=100083059694645","article_modified_time":"2023-10-25T07:01:15+00:00","og_image":[{"width":640,"height":640,"url":"https:\/\/cigarpackagingbags.com\/wp-content\/uploads\/2023\/10\/cigar-wraps-packaging-bag-2.jpg","type":"image\/jpeg"}],"twitter_card":"summary_large_image","twitter_misc":{"Dur\u00e9e de lecture estim\u00e9e":"1 minute"},"schema":{"@context":"https:\/\/schema.org","@graph":[{"@type":"WebPage","@id":"https:\/\/cigarpackagingbags.com\/cigar-wraps-packaging-bags\/","url":"https:\/\/cigarpackagingbags.com\/cigar-wraps-packaging-bags\/","name":"Factory Custom Logo Cigar Wraps Packaging Bags - HP Tobacco &amp; Cigar bags | Cigar Humidor Bags | Cigar Packaging Bags Solution","isPartOf":{"@id":"https:\/\/cigarpackagingbags.com\/#website"},"primaryImageOfPage":{"@id":"https:\/\/cigarpackagingbags.com\/cigar-wraps-packaging-bags\/#primaryimage"},"image":{"@id":"https:\/\/cigarpackagingbags.com\/cigar-wraps-packaging-bags\/#primaryimage"},"thumbnailUrl":"https:\/\/cigarpackagingbags.com\/wp-content\/uploads\/2023\/10\/cigar-wraps-packaging-bag-2.jpg","datePublished":"2023-10-25T06:57:49+00:00","dateModified":"2023-10-25T07:01:15+00:00","description":"Professional cigar packaging solution provider, manufacture cigar wrap packaging bags, ziplock cigar bags, tobacco cigar aluminum foil cigar bags.","breadcrumb":{"@id":"https:\/\/cigarpackagingbags.com\/cigar-wraps-packaging-bags\/#breadcrumb"},"inLanguage":"fr-FR","potentialAction":[{"@type":"ReadAction","target":["https:\/\/cigarpackagingbags.com\/cigar-wraps-packaging-bags\/"]}]},{"@type":"ImageObject","inLanguage":"fr-FR","@id":"https:\/\/cigarpackagingbags.com\/cigar-wraps-packaging-bags\/#primaryimage","url":"https:\/\/cigarpackagingbags.com\/wp-content\/uploads\/2023\/10\/cigar-wraps-packaging-bag-2.jpg","contentUrl":"https:\/\/cigarpackagingbags.com\/wp-content\/uploads\/2023\/10\/cigar-wraps-packaging-bag-2.jpg","width":640,"height":640,"caption":"China factory-cigar wraps packaging bags"},{"@type":"BreadcrumbList","@id":"https:\/\/cigarpackagingbags.com\/cigar-wraps-packaging-bags\/#breadcrumb","itemListElement":[{"@type":"ListItem","position":1,"name":"\u9996\u9875","item":"https:\/\/cigarpackagingbags.com\/"},{"@type":"ListItem","position":2,"name":"Products","item":"https:\/\/cigarpackagingbags.com\/products\/"},{"@type":"ListItem","position":3,"name":"Factory Custom Logo Cigar Wraps Packaging Bags"}]},{"@type":"WebSite","@id":"https:\/\/cigarpackagingbags.com\/#website","url":"https:\/\/cigarpackagingbags.com\/","name":"HP Tobacco &amp; Cigar bags | Cigar Humidor Bags | Cigar Packaging Bags Solution","description":"Sacs \u00e0 tabac et \u00e0 cigares personnalis\u00e9s \u00e0 bon prix","publisher":{"@id":"https:\/\/cigarpackagingbags.com\/#organization"},"alternateName":"Cigar Humidor Bags Manufacturer","potentialAction":[{"@type":"SearchAction","target":{"@type":"EntryPoint","urlTemplate":"https:\/\/cigarpackagingbags.com\/?s={search_term_string}"},"query-input":{"@type":"PropertyValueSpecification","valueRequired":true,"valueName":"search_term_string"}}],"inLanguage":"fr-FR"},{"@type":"Organization","@id":"https:\/\/cigarpackagingbags.com\/#organization","name":"HP Tobacco &amp; Cigar bags | Cigar Humidor Bags | Cigar Packaging Bags Solution","url":"https:\/\/cigarpackagingbags.com\/","logo":{"@type":"ImageObject","inLanguage":"fr-FR","@id":"https:\/\/cigarpackagingbags.com\/#\/schema\/logo\/image\/","url":"https:\/\/cigarpackagingbags.com\/wp-content\/uploads\/2023\/07\/cigar-bags-2.jpg","contentUrl":"https:\/\/cigarpackagingbags.com\/wp-content\/uploads\/2023\/07\/cigar-bags-2.jpg","width":1001,"height":1001,"caption":"HP Tobacco &amp; Cigar bags | Cigar Humidor Bags | Cigar Packaging Bags Solution"},"image":{"@id":"https:\/\/cigarpackagingbags.com\/#\/schema\/logo\/image\/"},"sameAs":["https:\/\/www.facebook.com\/profile.php?id=100083059694645"]}]}},"_links":{"self":[{"href":"https:\/\/cigarpackagingbags.com\/fr\/wp-json\/wp\/v2\/product\/1045","targetHints":{"allow":["GET"]}}],"collection":[{"href":"https:\/\/cigarpackagingbags.com\/fr\/wp-json\/wp\/v2\/product"}],"about":[{"href":"https:\/\/cigarpackagingbags.com\/fr\/wp-json\/wp\/v2\/types\/product"}],"replies":[{"embeddable":true,"href":"https:\/\/cigarpackagingbags.com\/fr\/wp-json\/wp\/v2\/comments?post=1045"}],"wp:featuredmedia":[{"embeddable":true,"href":"https:\/\/cigarpackagingbags.com\/fr\/wp-json\/wp\/v2\/media\/1046"}],"wp:attachment":[{"href":"https:\/\/cigarpackagingbags.com\/fr\/wp-json\/wp\/v2\/media?parent=1045"}],"wp:term":[{"taxonomy":"product_brand","embeddable":true,"href":"https:\/\/cigarpackagingbags.com\/fr\/wp-json\/wp\/v2\/product_brand?post=1045"},{"taxonomy":"product_cat","embeddable":true,"href":"https:\/\/cigarpackagingbags.com\/fr\/wp-json\/wp\/v2\/product_cat?post=1045"},{"taxonomy":"product_tag","embeddable":true,"href":"https:\/\/cigarpackagingbags.com\/fr\/wp-json\/wp\/v2\/product_tag?post=1045"}],"curies":[{"name":"wp","href":"https:\/\/api.w.org\/{rel}","templated":true}]}}