{"id":1031,"date":"2023-10-23T05:37:42","date_gmt":"2023-10-23T05:37:42","guid":{"rendered":"https:\/\/cigarpackagingbags.com\/?post_type=product&#038;p=1031"},"modified":"2023-10-23T05:44:59","modified_gmt":"2023-10-23T05:44:59","slug":"printed-polyethylene-slide-seal-lock-cigar-bags-10-x-5","status":"publish","type":"product","link":"https:\/\/cigarpackagingbags.com\/fr\/printed-polyethylene-slide-seal-lock-cigar-bags-10-x-5\/","title":{"rendered":"Sl en poly\u00e9thyl\u00e8ne imprim\u00e9 sur mesure"},"content":{"rendered":"<ul>\n<li class=\"a-spacing-mini\"><span class=\"a-list-item\">100 PACK DE SACS ZIP EN PLASTIQUE 10 x 5 pouces : Le sac \u00e0 cigares en poly\u00e9thyl\u00e8ne garde vos cigares secs et savoureux, gr\u00e2ce \u00e0 la fermeture \u00e0 glissi\u00e8re, \u00e9vitant ainsi toute odeur lat\u00e9rale ! Les sacs en plastique transparent de 3 mils offrent une protection durable contre les divers impacts et conservent les cigares comme neufs.<\/span><\/li>\n<li class=\"a-spacing-mini\"><span class=\"a-list-item\">SACS \u00c0 FERMETURE \u00c9CLAIR DURABLES : Les sacs plastiques refermables sont fabriqu\u00e9s \u00e0 partir de LDPE. Les sachets en plastique \u00e0 fermeture \u00e9clair sont imperm\u00e9ables. Les mini-sacs en plastique prot\u00e8gent vos cigares de l'humidit\u00e9 et vous permettent de profiter plus longtemps de vos cadeaux pour hommes et femmes. Les petits sacs en plastique sont un excellent compl\u00e9ment \u00e0 vos accessoires de fumeur.<\/span><\/li>\n<li class=\"a-spacing-mini\"><span class=\"a-list-item\">CONSERVATION DE L'ODEUR : Les sacs \u00e0 cigares en plastique permettent de conserver facilement les cigares et d'en pr\u00e9server la fra\u00eecheur. Les petits sacs en poly\u00e9thyl\u00e8ne emp\u00eachent l'oxyg\u00e8ne et l'humidit\u00e9 de p\u00e9n\u00e9trer. Les mini-sacs \u00e0 fermeture \u00e9clair d'une \u00e9paisseur de 3 mils conservent tout l'ar\u00f4me \u00e0 l'int\u00e9rieur. Les petits sacs en plastique transparent pour cigares sont un choix de confiance pour tous les fumeurs.<\/span><\/li>\n<li>TTENTION AUX D\u00c9TAILS : Le sac en plastique refermable a un design \u00e0 la mode avec l'impression \"Fine Cigars\". Les petits sacs en plastique se caract\u00e9risent par une fermeture herm\u00e9tique et un mat\u00e9riau en poly\u00e9thyl\u00e8ne d'une grande clart\u00e9. Les petits sacs \u00e0 fermeture \u00e9clair extra-serr\u00e9s, flexibles et souples sont parfaits pour votre \u00e9tui \u00e0 cigares de voyage.<\/li>\n<li class=\"a-spacing-mini\"><span class=\"a-list-item\">EMBALLAGE DE CADEAUX POUR HOMMES : Les cadeaux de No\u00ebl doivent \u00eatre touchants, y compris les cadeaux pour papa, qui aime les cigares. Vous cherchez des cadeaux pour vos employ\u00e9s ? Il semble que les fumeurs de cigares appr\u00e9cieraient les sacs en plastique transparents \u00e0 fermeture \u00e9clair comme cadeau de No\u00ebl. Les beaux cadeaux pour hommes doivent \u00eatre beaux ! Faites un ajout aux bas de No\u00ebl !<\/span><\/li>\n<\/ul>","protected":false},"excerpt":{"rendered":"<ol>\n<li>Taille : 10\u00d75\u2033 ;<\/li>\n<li>Prix : 0,02~0,6 USD<\/li>\n<li>Conception de l'impression : Personnalisation<\/li>\n<li>MOQ:20000pcs<\/li>\n<li>Mat\u00e9riaux : Poly\u00e9thyl\u00e8ne basse densit\u00e9<\/li>\n<li>Caract\u00e9ristique : r\u00e9utilisable et recyclable<\/li>\n<li>Type:Fermeture \u00e0 glissi\u00e8re \u00e0 voie unique<\/li>\n<li>D\u00e9lai de livraison : 21 jours apr\u00e8s confirmation du paiement<\/li>\n<li>Conditions de prix : EXW, CFN, CIF, DDP, etc.<\/li>\n<li>Paiements : T\/T, Visa, Paypal, etc.<\/li>\n<\/ol>","protected":false},"featured_media":1033,"comment_status":"open","ping_status":"closed","template":"","meta":{"_kadence_starter_templates_imported_post":false,"_kad_post_transparent":"default","_kad_post_title":"","_kad_post_layout":"default","_kad_post_sidebar_id":"","_kad_post_content_style":"default","_kad_post_vertical_padding":"default","_kad_post_feature":"","_kad_post_feature_position":"","_kad_post_header":false,"_kad_post_footer":false},"product_brand":[],"product_cat":[22],"product_tag":[],"class_list":{"0":"post-1031","1":"product","2":"type-product","3":"status-publish","4":"has-post-thumbnail","6":"product_cat-cigar-packaging-bags","8":"first","9":"instock","10":"shipping-taxable","11":"product-type-simple","12":"entry","13":"content-bg","14":"loop-entry"},"yoast_head":"<!-- This site is optimized with the Yoast SEO plugin v27.2 - https:\/\/yoast.com\/product\/yoast-seo-wordpress\/ -->\n<title>Custom Printed Polyethylene Slide Seal Lock Cigar Bags 10 x 5 HP Tobacco &amp; Cigar bags | Cigar Humidor Bags | Cigar Packaging Bags Solution<\/title>\n<meta name=\"description\" content=\"China zip lock cigar bags manufacturer, produce zip lock cigar bags, cigar humidor bags and all kinds of plastic cigar packaging bags\" \/>\n<meta name=\"robots\" content=\"index, follow, max-snippet:-1, max-image-preview:large, max-video-preview:-1\" \/>\n<link rel=\"canonical\" href=\"https:\/\/cigarpackagingbags.com\/fr\/printed-polyethylene-slide-seal-lock-cigar-bags-10-x-5\/\" \/>\n<meta property=\"og:locale\" content=\"fr_FR\" \/>\n<meta property=\"og:type\" content=\"article\" \/>\n<meta property=\"og:title\" content=\"Custom Printed Polyethylene Slide Seal Lock Cigar Bags 10 x 5 HP Tobacco &amp; Cigar bags | Cigar Humidor Bags | Cigar Packaging Bags Solution\" \/>\n<meta property=\"og:description\" content=\"China zip lock cigar bags manufacturer, produce zip lock cigar bags, cigar humidor bags and all kinds of plastic cigar packaging bags\" \/>\n<meta property=\"og:url\" content=\"https:\/\/cigarpackagingbags.com\/fr\/printed-polyethylene-slide-seal-lock-cigar-bags-10-x-5\/\" \/>\n<meta property=\"og:site_name\" content=\"HP Tobacco &amp; Cigar bags | Cigar Humidor Bags | Cigar Packaging Bags Solution\" \/>\n<meta property=\"article:publisher\" content=\"https:\/\/www.facebook.com\/profile.php?id=100083059694645\" \/>\n<meta property=\"article:modified_time\" content=\"2023-10-23T05:44:59+00:00\" \/>\n<meta property=\"og:image\" content=\"https:\/\/cigarpackagingbags.com\/wp-content\/uploads\/2023\/10\/fine-tobacco-side-seal-lock-bag.jpg\" \/>\n\t<meta property=\"og:image:width\" content=\"640\" \/>\n\t<meta property=\"og:image:height\" content=\"640\" \/>\n\t<meta property=\"og:image:type\" content=\"image\/jpeg\" \/>\n<meta name=\"twitter:card\" content=\"summary_large_image\" \/>\n<meta name=\"twitter:label1\" content=\"Dur\u00e9e de lecture estim\u00e9e\" \/>\n\t<meta name=\"twitter:data1\" content=\"1 minute\" \/>\n<script type=\"application\/ld+json\" class=\"yoast-schema-graph\">{\"@context\":\"https:\/\/schema.org\",\"@graph\":[{\"@type\":\"WebPage\",\"@id\":\"https:\/\/cigarpackagingbags.com\/printed-polyethylene-slide-seal-lock-cigar-bags-10-x-5\/\",\"url\":\"https:\/\/cigarpackagingbags.com\/printed-polyethylene-slide-seal-lock-cigar-bags-10-x-5\/\",\"name\":\"Custom Printed Polyethylene Slide Seal Lock Cigar Bags 10 x 5 HP Tobacco &amp; Cigar bags | Cigar Humidor Bags | Cigar Packaging Bags Solution\",\"isPartOf\":{\"@id\":\"https:\/\/cigarpackagingbags.com\/#website\"},\"primaryImageOfPage\":{\"@id\":\"https:\/\/cigarpackagingbags.com\/printed-polyethylene-slide-seal-lock-cigar-bags-10-x-5\/#primaryimage\"},\"image\":{\"@id\":\"https:\/\/cigarpackagingbags.com\/printed-polyethylene-slide-seal-lock-cigar-bags-10-x-5\/#primaryimage\"},\"thumbnailUrl\":\"https:\/\/cigarpackagingbags.com\/wp-content\/uploads\/2023\/10\/fine-tobacco-side-seal-lock-bag.jpg\",\"datePublished\":\"2023-10-23T05:37:42+00:00\",\"dateModified\":\"2023-10-23T05:44:59+00:00\",\"description\":\"China zip lock cigar bags manufacturer, produce zip lock cigar bags, cigar humidor bags and all kinds of plastic cigar packaging bags\",\"breadcrumb\":{\"@id\":\"https:\/\/cigarpackagingbags.com\/printed-polyethylene-slide-seal-lock-cigar-bags-10-x-5\/#breadcrumb\"},\"inLanguage\":\"fr-FR\",\"potentialAction\":[{\"@type\":\"ReadAction\",\"target\":[\"https:\/\/cigarpackagingbags.com\/printed-polyethylene-slide-seal-lock-cigar-bags-10-x-5\/\"]}]},{\"@type\":\"ImageObject\",\"inLanguage\":\"fr-FR\",\"@id\":\"https:\/\/cigarpackagingbags.com\/printed-polyethylene-slide-seal-lock-cigar-bags-10-x-5\/#primaryimage\",\"url\":\"https:\/\/cigarpackagingbags.com\/wp-content\/uploads\/2023\/10\/fine-tobacco-side-seal-lock-bag.jpg\",\"contentUrl\":\"https:\/\/cigarpackagingbags.com\/wp-content\/uploads\/2023\/10\/fine-tobacco-side-seal-lock-bag.jpg\",\"width\":640,\"height\":640,\"caption\":\"zip lock cigar bag\"},{\"@type\":\"BreadcrumbList\",\"@id\":\"https:\/\/cigarpackagingbags.com\/printed-polyethylene-slide-seal-lock-cigar-bags-10-x-5\/#breadcrumb\",\"itemListElement\":[{\"@type\":\"ListItem\",\"position\":1,\"name\":\"\u9996\u9875\",\"item\":\"https:\/\/cigarpackagingbags.com\/\"},{\"@type\":\"ListItem\",\"position\":2,\"name\":\"Products\",\"item\":\"https:\/\/cigarpackagingbags.com\/products\/\"},{\"@type\":\"ListItem\",\"position\":3,\"name\":\"Custom Printed Polyethylene Slide Seal Lock Cigar Bags 10 x 5\"}]},{\"@type\":\"WebSite\",\"@id\":\"https:\/\/cigarpackagingbags.com\/#website\",\"url\":\"https:\/\/cigarpackagingbags.com\/\",\"name\":\"HP Tobacco &amp; Cigar bags | Cigar Humidor Bags | Cigar Packaging Bags Solution\",\"description\":\"Custom Tobacco &amp; Cigar Bags With Good Price\",\"publisher\":{\"@id\":\"https:\/\/cigarpackagingbags.com\/#organization\"},\"alternateName\":\"Cigar Humidor Bags Manufacturer\",\"potentialAction\":[{\"@type\":\"SearchAction\",\"target\":{\"@type\":\"EntryPoint\",\"urlTemplate\":\"https:\/\/cigarpackagingbags.com\/?s={search_term_string}\"},\"query-input\":{\"@type\":\"PropertyValueSpecification\",\"valueRequired\":true,\"valueName\":\"search_term_string\"}}],\"inLanguage\":\"fr-FR\"},{\"@type\":\"Organization\",\"@id\":\"https:\/\/cigarpackagingbags.com\/#organization\",\"name\":\"HP Tobacco &amp; Cigar bags | Cigar Humidor Bags | Cigar Packaging Bags Solution\",\"url\":\"https:\/\/cigarpackagingbags.com\/\",\"logo\":{\"@type\":\"ImageObject\",\"inLanguage\":\"fr-FR\",\"@id\":\"https:\/\/cigarpackagingbags.com\/#\/schema\/logo\/image\/\",\"url\":\"https:\/\/cigarpackagingbags.com\/wp-content\/uploads\/2023\/07\/cigar-bags-2.jpg\",\"contentUrl\":\"https:\/\/cigarpackagingbags.com\/wp-content\/uploads\/2023\/07\/cigar-bags-2.jpg\",\"width\":1001,\"height\":1001,\"caption\":\"HP Tobacco &amp; Cigar bags | Cigar Humidor Bags | Cigar Packaging Bags Solution\"},\"image\":{\"@id\":\"https:\/\/cigarpackagingbags.com\/#\/schema\/logo\/image\/\"},\"sameAs\":[\"https:\/\/www.facebook.com\/profile.php?id=100083059694645\"]}]}<\/script>\n<!-- \/ Yoast SEO plugin. -->","yoast_head_json":{"title":"Custom Printed Polyethylene Slide Seal Lock Cigar Bags 10 x 5 HP Tobacco &amp; Cigar bags | Cigar Humidor Bags | Cigar Packaging Bags Solution","description":"China zip lock cigar bags manufacturer, produce zip lock cigar bags, cigar humidor bags and all kinds of plastic cigar packaging bags","robots":{"index":"index","follow":"follow","max-snippet":"max-snippet:-1","max-image-preview":"max-image-preview:large","max-video-preview":"max-video-preview:-1"},"canonical":"https:\/\/cigarpackagingbags.com\/fr\/printed-polyethylene-slide-seal-lock-cigar-bags-10-x-5\/","og_locale":"fr_FR","og_type":"article","og_title":"Custom Printed Polyethylene Slide Seal Lock Cigar Bags 10 x 5 HP Tobacco &amp; Cigar bags | Cigar Humidor Bags | Cigar Packaging Bags Solution","og_description":"China zip lock cigar bags manufacturer, produce zip lock cigar bags, cigar humidor bags and all kinds of plastic cigar packaging bags","og_url":"https:\/\/cigarpackagingbags.com\/fr\/printed-polyethylene-slide-seal-lock-cigar-bags-10-x-5\/","og_site_name":"HP Tobacco &amp; Cigar bags | Cigar Humidor Bags | Cigar Packaging Bags Solution","article_publisher":"https:\/\/www.facebook.com\/profile.php?id=100083059694645","article_modified_time":"2023-10-23T05:44:59+00:00","og_image":[{"width":640,"height":640,"url":"https:\/\/cigarpackagingbags.com\/wp-content\/uploads\/2023\/10\/fine-tobacco-side-seal-lock-bag.jpg","type":"image\/jpeg"}],"twitter_card":"summary_large_image","twitter_misc":{"Dur\u00e9e de lecture estim\u00e9e":"1 minute"},"schema":{"@context":"https:\/\/schema.org","@graph":[{"@type":"WebPage","@id":"https:\/\/cigarpackagingbags.com\/printed-polyethylene-slide-seal-lock-cigar-bags-10-x-5\/","url":"https:\/\/cigarpackagingbags.com\/printed-polyethylene-slide-seal-lock-cigar-bags-10-x-5\/","name":"Custom Printed Polyethylene Slide Seal Lock Cigar Bags 10 x 5 HP Tobacco &amp; Cigar bags | Cigar Humidor Bags | Cigar Packaging Bags Solution","isPartOf":{"@id":"https:\/\/cigarpackagingbags.com\/#website"},"primaryImageOfPage":{"@id":"https:\/\/cigarpackagingbags.com\/printed-polyethylene-slide-seal-lock-cigar-bags-10-x-5\/#primaryimage"},"image":{"@id":"https:\/\/cigarpackagingbags.com\/printed-polyethylene-slide-seal-lock-cigar-bags-10-x-5\/#primaryimage"},"thumbnailUrl":"https:\/\/cigarpackagingbags.com\/wp-content\/uploads\/2023\/10\/fine-tobacco-side-seal-lock-bag.jpg","datePublished":"2023-10-23T05:37:42+00:00","dateModified":"2023-10-23T05:44:59+00:00","description":"China zip lock cigar bags manufacturer, produce zip lock cigar bags, cigar humidor bags and all kinds of plastic cigar packaging bags","breadcrumb":{"@id":"https:\/\/cigarpackagingbags.com\/printed-polyethylene-slide-seal-lock-cigar-bags-10-x-5\/#breadcrumb"},"inLanguage":"fr-FR","potentialAction":[{"@type":"ReadAction","target":["https:\/\/cigarpackagingbags.com\/printed-polyethylene-slide-seal-lock-cigar-bags-10-x-5\/"]}]},{"@type":"ImageObject","inLanguage":"fr-FR","@id":"https:\/\/cigarpackagingbags.com\/printed-polyethylene-slide-seal-lock-cigar-bags-10-x-5\/#primaryimage","url":"https:\/\/cigarpackagingbags.com\/wp-content\/uploads\/2023\/10\/fine-tobacco-side-seal-lock-bag.jpg","contentUrl":"https:\/\/cigarpackagingbags.com\/wp-content\/uploads\/2023\/10\/fine-tobacco-side-seal-lock-bag.jpg","width":640,"height":640,"caption":"zip lock cigar bag"},{"@type":"BreadcrumbList","@id":"https:\/\/cigarpackagingbags.com\/printed-polyethylene-slide-seal-lock-cigar-bags-10-x-5\/#breadcrumb","itemListElement":[{"@type":"ListItem","position":1,"name":"\u9996\u9875","item":"https:\/\/cigarpackagingbags.com\/"},{"@type":"ListItem","position":2,"name":"Products","item":"https:\/\/cigarpackagingbags.com\/products\/"},{"@type":"ListItem","position":3,"name":"Custom Printed Polyethylene Slide Seal Lock Cigar Bags 10 x 5"}]},{"@type":"WebSite","@id":"https:\/\/cigarpackagingbags.com\/#website","url":"https:\/\/cigarpackagingbags.com\/","name":"HP Tobacco &amp; Cigar bags | Cigar Humidor Bags | Cigar Packaging Bags Solution","description":"Sacs \u00e0 tabac et \u00e0 cigares personnalis\u00e9s \u00e0 bon prix","publisher":{"@id":"https:\/\/cigarpackagingbags.com\/#organization"},"alternateName":"Cigar Humidor Bags Manufacturer","potentialAction":[{"@type":"SearchAction","target":{"@type":"EntryPoint","urlTemplate":"https:\/\/cigarpackagingbags.com\/?s={search_term_string}"},"query-input":{"@type":"PropertyValueSpecification","valueRequired":true,"valueName":"search_term_string"}}],"inLanguage":"fr-FR"},{"@type":"Organization","@id":"https:\/\/cigarpackagingbags.com\/#organization","name":"HP Tobacco &amp; Cigar bags | Cigar Humidor Bags | Cigar Packaging Bags Solution","url":"https:\/\/cigarpackagingbags.com\/","logo":{"@type":"ImageObject","inLanguage":"fr-FR","@id":"https:\/\/cigarpackagingbags.com\/#\/schema\/logo\/image\/","url":"https:\/\/cigarpackagingbags.com\/wp-content\/uploads\/2023\/07\/cigar-bags-2.jpg","contentUrl":"https:\/\/cigarpackagingbags.com\/wp-content\/uploads\/2023\/07\/cigar-bags-2.jpg","width":1001,"height":1001,"caption":"HP Tobacco &amp; Cigar bags | Cigar Humidor Bags | Cigar Packaging Bags Solution"},"image":{"@id":"https:\/\/cigarpackagingbags.com\/#\/schema\/logo\/image\/"},"sameAs":["https:\/\/www.facebook.com\/profile.php?id=100083059694645"]}]}},"_links":{"self":[{"href":"https:\/\/cigarpackagingbags.com\/fr\/wp-json\/wp\/v2\/product\/1031","targetHints":{"allow":["GET"]}}],"collection":[{"href":"https:\/\/cigarpackagingbags.com\/fr\/wp-json\/wp\/v2\/product"}],"about":[{"href":"https:\/\/cigarpackagingbags.com\/fr\/wp-json\/wp\/v2\/types\/product"}],"replies":[{"embeddable":true,"href":"https:\/\/cigarpackagingbags.com\/fr\/wp-json\/wp\/v2\/comments?post=1031"}],"wp:featuredmedia":[{"embeddable":true,"href":"https:\/\/cigarpackagingbags.com\/fr\/wp-json\/wp\/v2\/media\/1033"}],"wp:attachment":[{"href":"https:\/\/cigarpackagingbags.com\/fr\/wp-json\/wp\/v2\/media?parent=1031"}],"wp:term":[{"taxonomy":"product_brand","embeddable":true,"href":"https:\/\/cigarpackagingbags.com\/fr\/wp-json\/wp\/v2\/product_brand?post=1031"},{"taxonomy":"product_cat","embeddable":true,"href":"https:\/\/cigarpackagingbags.com\/fr\/wp-json\/wp\/v2\/product_cat?post=1031"},{"taxonomy":"product_tag","embeddable":true,"href":"https:\/\/cigarpackagingbags.com\/fr\/wp-json\/wp\/v2\/product_tag?post=1031"}],"curies":[{"name":"wp","href":"https:\/\/api.w.org\/{rel}","templated":true}]}}