{"id":1025,"date":"2023-10-23T03:41:49","date_gmt":"2023-10-23T03:41:49","guid":{"rendered":"https:\/\/cigarpackagingbags.com\/?post_type=product&#038;p=1025"},"modified":"2023-10-23T03:49:38","modified_gmt":"2023-10-23T03:49:38","slug":"custom-zip-lock-cigar-humidor-bag-with-hydrating-layer-for-perdomo-cigars","status":"publish","type":"product","link":"https:\/\/cigarpackagingbags.com\/fr\/custom-zip-lock-cigar-humidor-bag-with-hydrating-layer-for-perdomo-cigars\/","title":{"rendered":"Humidor \u00e0 cigares \u00e0 fermeture \u00e9clair personnalis\u00e9"},"content":{"rendered":"<ol>\n<li>Taille : 255x135mm<\/li>\n<li>Mat\u00e9riaux : PET\/PE, OPP\/PE, MattOPP\/PE<\/li>\n<li>Logo : Personnalisation pour Lotus<\/li>\n<li>Impression : H\u00e9liogravure<\/li>\n<li>Couleur : 1 \u00e0 9 couleurs sont disponibles.<\/li>\n<li>Fermeture \u00e0 glissi\u00e8re<\/li>\n<li>Valable : Une fois ouvert, ce sac conservera vos cigares dans des conditions d'humidit\u00e9 appropri\u00e9es pendant 90 jours.<\/li>\n<li>Fermeture \u00e0 glissi\u00e8re refermable pour ouvrir et fermer le sac facilement, pratique pour transporter les cigares.<\/li>\n<li>D\u00e9lai de livraison : 21 jours apr\u00e8s confirmation du paiement<\/li>\n<li>Paiements : T\/T, Visa, Paypal, etc.<\/li>\n<\/ol>\n<p>Les sacs pour humidificateurs de cigares gardent vos cigares frais et pr\u00eats jusqu'\u00e0 90 jours et emp\u00eachent la perte des huiles essentielles et de la saveur des cigares. Une fois ouverts, les sachets humidificateurs de voyage conserveront vos cigares dans un environnement parfait, avec un taux d'humidit\u00e9 de 65-75% RH, pendant 90 jours. Il vous suffit de placer vos cigares dans le sac, de le fermer et d'aller o\u00f9 vous voulez.<\/p>\n<p><strong>Service logistique :<\/strong><\/p>\n<ul>\n<li>Si la quantit\u00e9 command\u00e9e n'est pas tr\u00e8s importante, nous pouvons envoyer les sacs par livraison express, comme TNT, DHL, UPS, Fedex, etc.<\/li>\n<li>Si la commande est importante, nous vous conseillons d'utiliser le transport a\u00e9rien ou maritime par l'interm\u00e9diaire de votre transitaire d\u00e9sign\u00e9 ou de notre agent de coop\u00e9ration \u00e0 long terme.<\/li>\n<li>Fret collect\u00e9 en cas d'exp\u00e9dition en vrac.<\/li>\n<\/ul>\n<p><strong>Vid\u00e9o de pr\u00e9sentation d'un sac pour cave \u00e0 cigares :<\/strong><\/p>\n<div class=\"wp-playlist wp-video-playlist wp-playlist-light\">\n\t\t<video controls=\"controls\" preload=\"none\" width=\"1268\"\n\t\t height=\"713\"\t><\/video>\n\t<div class=\"wp-playlist-next\"><\/div>\n\t<div class=\"wp-playlist-prev\"><\/div>\n\t<noscript>\n\t<ol>\n\t\t<li><a href='https:\/\/cigarpackagingbags.com\/wp-content\/uploads\/2023\/07\/operation-video-of-cigar-humidor-bags.mp4'>vid\u00e9o de fonctionnement des sacs pour caves \u00e0 cigares<\/a><\/li>\t<\/ol>\n\t<\/noscript>\n\t<script type=\"application\/json\" class=\"wp-playlist-script\">{\"type\":\"video\",\"tracklist\":true,\"tracknumbers\":true,\"images\":true,\"artists\":true,\"tracks\":[{\"src\":\"https:\/\/cigarpackagingbags.com\/wp-content\/uploads\/2023\/07\/operation-video-of-cigar-humidor-bags.mp4\",\"type\":\"video\/mp4\",\"title\":\"operation video of cigar humidor bags\",\"caption\":\"video of cigar humidor bag\",\"description\":\"how to use cigar humidor bags\",\"meta\":{\"length_formatted\":\"0:26\"},\"dimensions\":{\"original\":{\"width\":1280,\"height\":720},\"resized\":{\"width\":1268,\"height\":713}},\"image\":{\"src\":\"https:\/\/cigarpackagingbags.com\/wp-includes\/images\/media\/video.svg\",\"width\":48,\"height\":64},\"thumb\":{\"src\":\"https:\/\/cigarpackagingbags.com\/wp-includes\/images\/media\/video.svg\",\"width\":48,\"height\":64}}]}<\/script>\n<\/div>","protected":false},"excerpt":{"rendered":"<ol>\n<li>Prix d'usine : 0,22 USD\/PCS<\/li>\n<li>Taille : 255*135mm<\/li>\n<li>Humidification int\u00e9gr\u00e9e<\/li>\n<li>Conserver la fra\u00eecheur des cigares et du tabac<\/li>\n<li>Peut contenir jusqu'\u00e0 6 cigares<\/li>\n<li>Refermable et r\u00e9utilisable<\/li>\n<li>Fermeture \u00e0 glissi\u00e8re<\/li>\n<li>D\u00e9lai de livraison : 21 jours apr\u00e8s confirmation du paiement<\/li>\n<li>\u00c9quipe de prix : EXW, DDP, CNF, CIF, etc.<\/li>\n<li>Paiement : T\/T, Visa, Paypal, etc.<\/li>\n<\/ol>","protected":false},"featured_media":1028,"comment_status":"open","ping_status":"closed","template":"","meta":{"_kadence_starter_templates_imported_post":false,"_kad_post_transparent":"default","_kad_post_title":"","_kad_post_layout":"default","_kad_post_sidebar_id":"","_kad_post_content_style":"default","_kad_post_vertical_padding":"default","_kad_post_feature":"","_kad_post_feature_position":"","_kad_post_header":false,"_kad_post_footer":false},"product_brand":[],"product_cat":[21],"product_tag":[],"class_list":{"0":"post-1025","1":"product","2":"type-product","3":"status-publish","4":"has-post-thumbnail","6":"product_cat-cigar-humidor-bags","8":"first","9":"instock","10":"shipping-taxable","11":"product-type-simple","12":"entry","13":"content-bg","14":"loop-entry"},"yoast_head":"<!-- This site is optimized with the Yoast SEO plugin v27.2 - https:\/\/yoast.com\/product\/yoast-seo-wordpress\/ -->\n<title>Custom Zip Lock Cigar Humidor Bag With Hydrating Layer for Perdomo Cigars - HP Tobacco &amp; Cigar bags | Cigar Humidor Bags | Cigar Packaging Bags Solution<\/title>\n<meta name=\"description\" content=\"China cigar humidor bags manufacturer, Custom zip lock cigar humidor bag with hydrating layer for perdomo cigar brands, welcome to consult!\" \/>\n<meta name=\"robots\" content=\"index, follow, max-snippet:-1, max-image-preview:large, max-video-preview:-1\" \/>\n<link rel=\"canonical\" href=\"https:\/\/cigarpackagingbags.com\/fr\/custom-zip-lock-cigar-humidor-bag-with-hydrating-layer-for-perdomo-cigars\/\" \/>\n<meta property=\"og:locale\" content=\"fr_FR\" \/>\n<meta property=\"og:type\" content=\"article\" \/>\n<meta property=\"og:title\" content=\"Custom Zip Lock Cigar Humidor Bag With Hydrating Layer for Perdomo Cigars - HP Tobacco &amp; Cigar bags | Cigar Humidor Bags | Cigar Packaging Bags Solution\" \/>\n<meta property=\"og:description\" content=\"China cigar humidor bags manufacturer, Custom zip lock cigar humidor bag with hydrating layer for perdomo cigar brands, welcome to consult!\" \/>\n<meta property=\"og:url\" content=\"https:\/\/cigarpackagingbags.com\/fr\/custom-zip-lock-cigar-humidor-bag-with-hydrating-layer-for-perdomo-cigars\/\" \/>\n<meta property=\"og:site_name\" content=\"HP Tobacco &amp; Cigar bags | Cigar Humidor Bags | Cigar Packaging Bags Solution\" \/>\n<meta property=\"article:publisher\" content=\"https:\/\/www.facebook.com\/profile.php?id=100083059694645\" \/>\n<meta property=\"article:modified_time\" content=\"2023-10-23T03:49:38+00:00\" \/>\n<meta property=\"og:image\" content=\"https:\/\/cigarpackagingbags.com\/wp-content\/uploads\/2023\/10\/perdomo-cigars-bag.jpg\" \/>\n\t<meta property=\"og:image:width\" content=\"640\" \/>\n\t<meta property=\"og:image:height\" content=\"640\" \/>\n\t<meta property=\"og:image:type\" content=\"image\/jpeg\" \/>\n<meta name=\"twitter:card\" content=\"summary_large_image\" \/>\n<meta name=\"twitter:label1\" content=\"Dur\u00e9e de lecture estim\u00e9e\" \/>\n\t<meta name=\"twitter:data1\" content=\"1 minute\" \/>\n<script type=\"application\/ld+json\" class=\"yoast-schema-graph\">{\"@context\":\"https:\/\/schema.org\",\"@graph\":[{\"@type\":\"WebPage\",\"@id\":\"https:\/\/cigarpackagingbags.com\/custom-zip-lock-cigar-humidor-bag-with-hydrating-layer-for-perdomo-cigars\/\",\"url\":\"https:\/\/cigarpackagingbags.com\/custom-zip-lock-cigar-humidor-bag-with-hydrating-layer-for-perdomo-cigars\/\",\"name\":\"Custom Zip Lock Cigar Humidor Bag With Hydrating Layer for Perdomo Cigars - HP Tobacco &amp; Cigar bags | Cigar Humidor Bags | Cigar Packaging Bags Solution\",\"isPartOf\":{\"@id\":\"https:\/\/cigarpackagingbags.com\/#website\"},\"primaryImageOfPage\":{\"@id\":\"https:\/\/cigarpackagingbags.com\/custom-zip-lock-cigar-humidor-bag-with-hydrating-layer-for-perdomo-cigars\/#primaryimage\"},\"image\":{\"@id\":\"https:\/\/cigarpackagingbags.com\/custom-zip-lock-cigar-humidor-bag-with-hydrating-layer-for-perdomo-cigars\/#primaryimage\"},\"thumbnailUrl\":\"https:\/\/cigarpackagingbags.com\/wp-content\/uploads\/2023\/10\/perdomo-cigars-bag.jpg\",\"datePublished\":\"2023-10-23T03:41:49+00:00\",\"dateModified\":\"2023-10-23T03:49:38+00:00\",\"description\":\"China cigar humidor bags manufacturer, Custom zip lock cigar humidor bag with hydrating layer for perdomo cigar brands, welcome to consult!\",\"breadcrumb\":{\"@id\":\"https:\/\/cigarpackagingbags.com\/custom-zip-lock-cigar-humidor-bag-with-hydrating-layer-for-perdomo-cigars\/#breadcrumb\"},\"inLanguage\":\"fr-FR\",\"potentialAction\":[{\"@type\":\"ReadAction\",\"target\":[\"https:\/\/cigarpackagingbags.com\/custom-zip-lock-cigar-humidor-bag-with-hydrating-layer-for-perdomo-cigars\/\"]}]},{\"@type\":\"ImageObject\",\"inLanguage\":\"fr-FR\",\"@id\":\"https:\/\/cigarpackagingbags.com\/custom-zip-lock-cigar-humidor-bag-with-hydrating-layer-for-perdomo-cigars\/#primaryimage\",\"url\":\"https:\/\/cigarpackagingbags.com\/wp-content\/uploads\/2023\/10\/perdomo-cigars-bag.jpg\",\"contentUrl\":\"https:\/\/cigarpackagingbags.com\/wp-content\/uploads\/2023\/10\/perdomo-cigars-bag.jpg\",\"width\":640,\"height\":640,\"caption\":\"perdomo cigar humidor bag\"},{\"@type\":\"BreadcrumbList\",\"@id\":\"https:\/\/cigarpackagingbags.com\/custom-zip-lock-cigar-humidor-bag-with-hydrating-layer-for-perdomo-cigars\/#breadcrumb\",\"itemListElement\":[{\"@type\":\"ListItem\",\"position\":1,\"name\":\"\u9996\u9875\",\"item\":\"https:\/\/cigarpackagingbags.com\/\"},{\"@type\":\"ListItem\",\"position\":2,\"name\":\"Products\",\"item\":\"https:\/\/cigarpackagingbags.com\/products\/\"},{\"@type\":\"ListItem\",\"position\":3,\"name\":\"Custom Zip Lock Cigar Humidor Bag With Hydrating Layer for Perdomo Cigars\"}]},{\"@type\":\"WebSite\",\"@id\":\"https:\/\/cigarpackagingbags.com\/#website\",\"url\":\"https:\/\/cigarpackagingbags.com\/\",\"name\":\"HP Tobacco &amp; Cigar bags | Cigar Humidor Bags | Cigar Packaging Bags Solution\",\"description\":\"Custom Tobacco &amp; Cigar Bags With Good Price\",\"publisher\":{\"@id\":\"https:\/\/cigarpackagingbags.com\/#organization\"},\"alternateName\":\"Cigar Humidor Bags Manufacturer\",\"potentialAction\":[{\"@type\":\"SearchAction\",\"target\":{\"@type\":\"EntryPoint\",\"urlTemplate\":\"https:\/\/cigarpackagingbags.com\/?s={search_term_string}\"},\"query-input\":{\"@type\":\"PropertyValueSpecification\",\"valueRequired\":true,\"valueName\":\"search_term_string\"}}],\"inLanguage\":\"fr-FR\"},{\"@type\":\"Organization\",\"@id\":\"https:\/\/cigarpackagingbags.com\/#organization\",\"name\":\"HP Tobacco &amp; Cigar bags | Cigar Humidor Bags | Cigar Packaging Bags Solution\",\"url\":\"https:\/\/cigarpackagingbags.com\/\",\"logo\":{\"@type\":\"ImageObject\",\"inLanguage\":\"fr-FR\",\"@id\":\"https:\/\/cigarpackagingbags.com\/#\/schema\/logo\/image\/\",\"url\":\"https:\/\/cigarpackagingbags.com\/wp-content\/uploads\/2023\/07\/cigar-bags-2.jpg\",\"contentUrl\":\"https:\/\/cigarpackagingbags.com\/wp-content\/uploads\/2023\/07\/cigar-bags-2.jpg\",\"width\":1001,\"height\":1001,\"caption\":\"HP Tobacco &amp; Cigar bags | Cigar Humidor Bags | Cigar Packaging Bags Solution\"},\"image\":{\"@id\":\"https:\/\/cigarpackagingbags.com\/#\/schema\/logo\/image\/\"},\"sameAs\":[\"https:\/\/www.facebook.com\/profile.php?id=100083059694645\"]}]}<\/script>\n<!-- \/ Yoast SEO plugin. -->","yoast_head_json":{"title":"Custom Zip Lock Cigar Humidor Bag With Hydrating Layer for Perdomo Cigars - HP Tobacco &amp; Cigar bags | Cigar Humidor Bags | Cigar Packaging Bags Solution","description":"China cigar humidor bags manufacturer, Custom zip lock cigar humidor bag with hydrating layer for perdomo cigar brands, welcome to consult!","robots":{"index":"index","follow":"follow","max-snippet":"max-snippet:-1","max-image-preview":"max-image-preview:large","max-video-preview":"max-video-preview:-1"},"canonical":"https:\/\/cigarpackagingbags.com\/fr\/custom-zip-lock-cigar-humidor-bag-with-hydrating-layer-for-perdomo-cigars\/","og_locale":"fr_FR","og_type":"article","og_title":"Custom Zip Lock Cigar Humidor Bag With Hydrating Layer for Perdomo Cigars - HP Tobacco &amp; Cigar bags | Cigar Humidor Bags | Cigar Packaging Bags Solution","og_description":"China cigar humidor bags manufacturer, Custom zip lock cigar humidor bag with hydrating layer for perdomo cigar brands, welcome to consult!","og_url":"https:\/\/cigarpackagingbags.com\/fr\/custom-zip-lock-cigar-humidor-bag-with-hydrating-layer-for-perdomo-cigars\/","og_site_name":"HP Tobacco &amp; Cigar bags | Cigar Humidor Bags | Cigar Packaging Bags Solution","article_publisher":"https:\/\/www.facebook.com\/profile.php?id=100083059694645","article_modified_time":"2023-10-23T03:49:38+00:00","og_image":[{"width":640,"height":640,"url":"https:\/\/cigarpackagingbags.com\/wp-content\/uploads\/2023\/10\/perdomo-cigars-bag.jpg","type":"image\/jpeg"}],"twitter_card":"summary_large_image","twitter_misc":{"Dur\u00e9e de lecture estim\u00e9e":"1 minute"},"schema":{"@context":"https:\/\/schema.org","@graph":[{"@type":"WebPage","@id":"https:\/\/cigarpackagingbags.com\/custom-zip-lock-cigar-humidor-bag-with-hydrating-layer-for-perdomo-cigars\/","url":"https:\/\/cigarpackagingbags.com\/custom-zip-lock-cigar-humidor-bag-with-hydrating-layer-for-perdomo-cigars\/","name":"Custom Zip Lock Cigar Humidor Bag With Hydrating Layer for Perdomo Cigars - HP Tobacco &amp; Cigar bags | Cigar Humidor Bags | Cigar Packaging Bags Solution","isPartOf":{"@id":"https:\/\/cigarpackagingbags.com\/#website"},"primaryImageOfPage":{"@id":"https:\/\/cigarpackagingbags.com\/custom-zip-lock-cigar-humidor-bag-with-hydrating-layer-for-perdomo-cigars\/#primaryimage"},"image":{"@id":"https:\/\/cigarpackagingbags.com\/custom-zip-lock-cigar-humidor-bag-with-hydrating-layer-for-perdomo-cigars\/#primaryimage"},"thumbnailUrl":"https:\/\/cigarpackagingbags.com\/wp-content\/uploads\/2023\/10\/perdomo-cigars-bag.jpg","datePublished":"2023-10-23T03:41:49+00:00","dateModified":"2023-10-23T03:49:38+00:00","description":"China cigar humidor bags manufacturer, Custom zip lock cigar humidor bag with hydrating layer for perdomo cigar brands, welcome to consult!","breadcrumb":{"@id":"https:\/\/cigarpackagingbags.com\/custom-zip-lock-cigar-humidor-bag-with-hydrating-layer-for-perdomo-cigars\/#breadcrumb"},"inLanguage":"fr-FR","potentialAction":[{"@type":"ReadAction","target":["https:\/\/cigarpackagingbags.com\/custom-zip-lock-cigar-humidor-bag-with-hydrating-layer-for-perdomo-cigars\/"]}]},{"@type":"ImageObject","inLanguage":"fr-FR","@id":"https:\/\/cigarpackagingbags.com\/custom-zip-lock-cigar-humidor-bag-with-hydrating-layer-for-perdomo-cigars\/#primaryimage","url":"https:\/\/cigarpackagingbags.com\/wp-content\/uploads\/2023\/10\/perdomo-cigars-bag.jpg","contentUrl":"https:\/\/cigarpackagingbags.com\/wp-content\/uploads\/2023\/10\/perdomo-cigars-bag.jpg","width":640,"height":640,"caption":"perdomo cigar humidor bag"},{"@type":"BreadcrumbList","@id":"https:\/\/cigarpackagingbags.com\/custom-zip-lock-cigar-humidor-bag-with-hydrating-layer-for-perdomo-cigars\/#breadcrumb","itemListElement":[{"@type":"ListItem","position":1,"name":"\u9996\u9875","item":"https:\/\/cigarpackagingbags.com\/"},{"@type":"ListItem","position":2,"name":"Products","item":"https:\/\/cigarpackagingbags.com\/products\/"},{"@type":"ListItem","position":3,"name":"Custom Zip Lock Cigar Humidor Bag With Hydrating Layer for Perdomo Cigars"}]},{"@type":"WebSite","@id":"https:\/\/cigarpackagingbags.com\/#website","url":"https:\/\/cigarpackagingbags.com\/","name":"HP Tobacco &amp; Cigar bags | Cigar Humidor Bags | Cigar Packaging Bags Solution","description":"Sacs \u00e0 tabac et \u00e0 cigares personnalis\u00e9s \u00e0 bon prix","publisher":{"@id":"https:\/\/cigarpackagingbags.com\/#organization"},"alternateName":"Cigar Humidor Bags Manufacturer","potentialAction":[{"@type":"SearchAction","target":{"@type":"EntryPoint","urlTemplate":"https:\/\/cigarpackagingbags.com\/?s={search_term_string}"},"query-input":{"@type":"PropertyValueSpecification","valueRequired":true,"valueName":"search_term_string"}}],"inLanguage":"fr-FR"},{"@type":"Organization","@id":"https:\/\/cigarpackagingbags.com\/#organization","name":"HP Tobacco &amp; Cigar bags | Cigar Humidor Bags | Cigar Packaging Bags Solution","url":"https:\/\/cigarpackagingbags.com\/","logo":{"@type":"ImageObject","inLanguage":"fr-FR","@id":"https:\/\/cigarpackagingbags.com\/#\/schema\/logo\/image\/","url":"https:\/\/cigarpackagingbags.com\/wp-content\/uploads\/2023\/07\/cigar-bags-2.jpg","contentUrl":"https:\/\/cigarpackagingbags.com\/wp-content\/uploads\/2023\/07\/cigar-bags-2.jpg","width":1001,"height":1001,"caption":"HP Tobacco &amp; Cigar bags | Cigar Humidor Bags | Cigar Packaging Bags Solution"},"image":{"@id":"https:\/\/cigarpackagingbags.com\/#\/schema\/logo\/image\/"},"sameAs":["https:\/\/www.facebook.com\/profile.php?id=100083059694645"]}]}},"_links":{"self":[{"href":"https:\/\/cigarpackagingbags.com\/fr\/wp-json\/wp\/v2\/product\/1025","targetHints":{"allow":["GET"]}}],"collection":[{"href":"https:\/\/cigarpackagingbags.com\/fr\/wp-json\/wp\/v2\/product"}],"about":[{"href":"https:\/\/cigarpackagingbags.com\/fr\/wp-json\/wp\/v2\/types\/product"}],"replies":[{"embeddable":true,"href":"https:\/\/cigarpackagingbags.com\/fr\/wp-json\/wp\/v2\/comments?post=1025"}],"wp:featuredmedia":[{"embeddable":true,"href":"https:\/\/cigarpackagingbags.com\/fr\/wp-json\/wp\/v2\/media\/1028"}],"wp:attachment":[{"href":"https:\/\/cigarpackagingbags.com\/fr\/wp-json\/wp\/v2\/media?parent=1025"}],"wp:term":[{"taxonomy":"product_brand","embeddable":true,"href":"https:\/\/cigarpackagingbags.com\/fr\/wp-json\/wp\/v2\/product_brand?post=1025"},{"taxonomy":"product_cat","embeddable":true,"href":"https:\/\/cigarpackagingbags.com\/fr\/wp-json\/wp\/v2\/product_cat?post=1025"},{"taxonomy":"product_tag","embeddable":true,"href":"https:\/\/cigarpackagingbags.com\/fr\/wp-json\/wp\/v2\/product_tag?post=1025"}],"curies":[{"name":"wp","href":"https:\/\/api.w.org\/{rel}","templated":true}]}}