{"id":844,"date":"2023-07-26T09:43:57","date_gmt":"2023-07-26T09:43:57","guid":{"rendered":"https:\/\/cigarpackagingbags.com\/?post_type=product&#038;p=844"},"modified":"2026-02-28T01:09:17","modified_gmt":"2026-02-28T01:09:17","slug":"tobacco-cigar-humidity-packaging-bag-with-window","status":"publish","type":"product","link":"https:\/\/cigarpackagingbags.com\/es\/tobacco-cigar-humidity-packaging-bag-with-window\/","title":{"rendered":"Impresi\u00f3n personalizada Resellable Tob"},"content":{"rendered":"<ol>\n<li>Tama\u00f1o:130x250mm, personalizaci\u00f3n<\/li>\n<li>Estructura de los materiales: PET\/PE, OPP\/PE, MattOPP\/PE<\/li>\n<li>Logotipo: Personalizaci\u00f3n<\/li>\n<li>Impresi\u00f3n: Huecograbado<\/li>\n<li>Color: 1-9 colores disponibles.<\/li>\n<li>V\u00e1lida: Una vez abierta, esta bolsa conservar\u00e1 sus puros en condiciones adecuadas de humedad durante 90 d\u00edas<\/li>\n<li>Cierre de cremallera resellable para abrir y cerrar la bolsa f\u00e1cilmente, pr\u00e1ctico para llevar los puros<\/li>\n<li>Plazo de entrega: 21 d\u00edas tras la confirmaci\u00f3n del pago<\/li>\n<li>Pagos: T\/T, Visa, Paypal, etc.<\/li>\n<\/ol>\n<p><strong>Servicio log\u00edstico:<\/strong><\/p>\n<ul>\n<li>Si la cantidad del pedido no es muy grande, podr\u00edamos enviar las bolsas por entrega urgente,como TNT,DHL,UPS,Fedex,etc.<\/li>\n<li>Si la orden es grande, le aconsejamos que utilice el env\u00edo del aire o el env\u00edo del mar a trav\u00e9s de usted nombr\u00f3 agent.or del promotor que nuestro agente cooperado a largo plazo est\u00e1 tambi\u00e9n disponible.<\/li>\n<li>Flete recogido si el env\u00edo es a granel<\/li>\n<\/ul>\n<p><strong>V\u00eddeo de la bolsa de humedad para puros<\/strong><\/p>\n<div class=\"wp-playlist wp-video-playlist wp-playlist-light\">\n\t\t<video controls=\"controls\" preload=\"none\" width=\"1268\"\n\t\t height=\"713\"\t><\/video>\n\t<div class=\"wp-playlist-next\"><\/div>\n\t<div class=\"wp-playlist-prev\"><\/div>\n\t<noscript>\n\t<ol>\n\t\t<li><a href='https:\/\/cigarpackagingbags.com\/wp-content\/uploads\/2023\/07\/operation-video-of-cigar-humidor-bags.mp4'>v\u00eddeo de funcionamiento de las bolsas para humidores de puros<\/a><\/li>\t<\/ol>\n\t<\/noscript>\n\t<script type=\"application\/json\" class=\"wp-playlist-script\">{\"type\":\"video\",\"tracklist\":true,\"tracknumbers\":true,\"images\":true,\"artists\":true,\"tracks\":[{\"src\":\"https:\/\/cigarpackagingbags.com\/wp-content\/uploads\/2023\/07\/operation-video-of-cigar-humidor-bags.mp4\",\"type\":\"video\/mp4\",\"title\":\"operation video of cigar humidor bags\",\"caption\":\"video of cigar humidor bag\",\"description\":\"how to use cigar humidor bags\",\"meta\":{\"length_formatted\":\"0:26\"},\"dimensions\":{\"original\":{\"width\":1280,\"height\":720},\"resized\":{\"width\":1268,\"height\":713}},\"image\":{\"src\":\"https:\/\/cigarpackagingbags.com\/wp-includes\/images\/media\/video.svg\",\"width\":48,\"height\":64},\"thumb\":{\"src\":\"https:\/\/cigarpackagingbags.com\/wp-includes\/images\/media\/video.svg\",\"width\":48,\"height\":64}}]}<\/script>\n<\/div>","protected":false},"excerpt":{"rendered":"<ol>\n<li>Precio de f\u00e1brica: USD0.2\/pcs~USD0.3<\/li>\n<li>Size: 133x220mm,135x250mm,135x260mm<\/li>\n<li>MOQ: 10000pcs<\/li>\n<li>Coste del molde de color: 78 USD\/color<\/li>\n<li>Materiales:OPP\/PE,PET\/PE<\/li>\n<li>Plazo de entrega: 21 d\u00edas tras la confirmaci\u00f3n del pago<\/li>\n<li>T\u00e9rmino del precio: EXW,CFN,CIF,DDP,etc.<\/li>\n<li>Pagos: T\/T,Visa,Paypal,etc.<\/li>\n<\/ol>","protected":false},"featured_media":841,"comment_status":"open","ping_status":"closed","template":"","meta":{"_kadence_starter_templates_imported_post":false,"_kad_post_transparent":"default","_kad_post_title":"","_kad_post_layout":"default","_kad_post_sidebar_id":"","_kad_post_content_style":"default","_kad_post_vertical_padding":"default","_kad_post_feature":"","_kad_post_feature_position":"","_kad_post_header":false,"_kad_post_footer":false},"product_brand":[],"product_cat":[21],"product_tag":[],"class_list":{"0":"post-844","1":"product","2":"type-product","3":"status-publish","4":"has-post-thumbnail","6":"product_cat-cigar-humidor-bags","8":"first","9":"instock","10":"shipping-taxable","11":"product-type-simple","12":"entry","13":"content-bg","14":"loop-entry"},"yoast_head":"<!-- This site is optimized with the Yoast SEO plugin v27.2 - https:\/\/yoast.com\/product\/yoast-seo-wordpress\/ -->\n<title>Custom Printing Resealable Tobacco Cigar Humdity Packaging Bags With Window - HP Tobacco &amp; Cigar bags | Cigar Humidor Bags | Cigar Packaging Bags Solution<\/title>\n<meta name=\"description\" content=\"Custom printing resealable tobacco cigar humidity packaging bags, welcome to send your inquiry and artwork, let&#039;s discuss more details for cigar packaging\" \/>\n<meta name=\"robots\" content=\"index, follow, max-snippet:-1, max-image-preview:large, max-video-preview:-1\" \/>\n<link rel=\"canonical\" href=\"https:\/\/cigarpackagingbags.com\/es\/tobacco-cigar-humidity-packaging-bag-with-window\/\" \/>\n<meta property=\"og:locale\" content=\"es_ES\" \/>\n<meta property=\"og:type\" content=\"article\" \/>\n<meta property=\"og:title\" content=\"Custom Printing Resealable Tobacco Cigar Humdity Packaging Bags With Window - HP Tobacco &amp; Cigar bags | Cigar Humidor Bags | Cigar Packaging Bags Solution\" \/>\n<meta property=\"og:description\" content=\"Custom printing resealable tobacco cigar humidity packaging bags, welcome to send your inquiry and artwork, let&#039;s discuss more details for cigar packaging\" \/>\n<meta property=\"og:url\" content=\"https:\/\/cigarpackagingbags.com\/es\/tobacco-cigar-humidity-packaging-bag-with-window\/\" \/>\n<meta property=\"og:site_name\" content=\"HP Tobacco &amp; Cigar bags | Cigar Humidor Bags | Cigar Packaging Bags Solution\" \/>\n<meta property=\"article:publisher\" content=\"https:\/\/www.facebook.com\/profile.php?id=100083059694645\" \/>\n<meta property=\"article:modified_time\" content=\"2026-02-28T01:09:17+00:00\" \/>\n<meta property=\"og:image\" content=\"https:\/\/cigarpackagingbags.com\/wp-content\/uploads\/2023\/07\/cigar-bags-2.jpg\" \/>\n\t<meta property=\"og:image:width\" content=\"1001\" \/>\n\t<meta property=\"og:image:height\" content=\"1001\" \/>\n\t<meta property=\"og:image:type\" content=\"image\/jpeg\" \/>\n<meta name=\"twitter:card\" content=\"summary_large_image\" \/>\n<meta name=\"twitter:label1\" content=\"Tiempo de lectura\" \/>\n\t<meta name=\"twitter:data1\" content=\"1 minuto\" \/>\n<script type=\"application\/ld+json\" class=\"yoast-schema-graph\">{\"@context\":\"https:\/\/schema.org\",\"@graph\":[{\"@type\":\"WebPage\",\"@id\":\"https:\/\/cigarpackagingbags.com\/tobacco-cigar-humidity-packaging-bag-with-window\/\",\"url\":\"https:\/\/cigarpackagingbags.com\/tobacco-cigar-humidity-packaging-bag-with-window\/\",\"name\":\"Custom Printing Resealable Tobacco Cigar Humdity Packaging Bags With Window - HP Tobacco &amp; Cigar bags | Cigar Humidor Bags | Cigar Packaging Bags Solution\",\"isPartOf\":{\"@id\":\"https:\/\/cigarpackagingbags.com\/#website\"},\"primaryImageOfPage\":{\"@id\":\"https:\/\/cigarpackagingbags.com\/tobacco-cigar-humidity-packaging-bag-with-window\/#primaryimage\"},\"image\":{\"@id\":\"https:\/\/cigarpackagingbags.com\/tobacco-cigar-humidity-packaging-bag-with-window\/#primaryimage\"},\"thumbnailUrl\":\"https:\/\/cigarpackagingbags.com\/wp-content\/uploads\/2023\/07\/cigar-bags-2.jpg\",\"datePublished\":\"2023-07-26T09:43:57+00:00\",\"dateModified\":\"2026-02-28T01:09:17+00:00\",\"description\":\"Custom printing resealable tobacco cigar humidity packaging bags, welcome to send your inquiry and artwork, let's discuss more details for cigar packaging\",\"breadcrumb\":{\"@id\":\"https:\/\/cigarpackagingbags.com\/tobacco-cigar-humidity-packaging-bag-with-window\/#breadcrumb\"},\"inLanguage\":\"es-CO\",\"potentialAction\":[{\"@type\":\"ReadAction\",\"target\":[\"https:\/\/cigarpackagingbags.com\/tobacco-cigar-humidity-packaging-bag-with-window\/\"]}]},{\"@type\":\"ImageObject\",\"inLanguage\":\"es-CO\",\"@id\":\"https:\/\/cigarpackagingbags.com\/tobacco-cigar-humidity-packaging-bag-with-window\/#primaryimage\",\"url\":\"https:\/\/cigarpackagingbags.com\/wp-content\/uploads\/2023\/07\/cigar-bags-2.jpg\",\"contentUrl\":\"https:\/\/cigarpackagingbags.com\/wp-content\/uploads\/2023\/07\/cigar-bags-2.jpg\",\"width\":1001,\"height\":1001,\"caption\":\"Travel Cigar Humidor Bag\"},{\"@type\":\"BreadcrumbList\",\"@id\":\"https:\/\/cigarpackagingbags.com\/tobacco-cigar-humidity-packaging-bag-with-window\/#breadcrumb\",\"itemListElement\":[{\"@type\":\"ListItem\",\"position\":1,\"name\":\"\u9996\u9875\",\"item\":\"https:\/\/cigarpackagingbags.com\/\"},{\"@type\":\"ListItem\",\"position\":2,\"name\":\"Products\",\"item\":\"https:\/\/cigarpackagingbags.com\/products\/\"},{\"@type\":\"ListItem\",\"position\":3,\"name\":\"Custom Printing Resealable Tobacco Cigar Humdity Packaging Bags With Window\"}]},{\"@type\":\"WebSite\",\"@id\":\"https:\/\/cigarpackagingbags.com\/#website\",\"url\":\"https:\/\/cigarpackagingbags.com\/\",\"name\":\"HP Tobacco &amp; Cigar bags | Cigar Humidor Bags | Cigar Packaging Bags Solution\",\"description\":\"Custom Tobacco &amp; Cigar Bags With Good Price\",\"publisher\":{\"@id\":\"https:\/\/cigarpackagingbags.com\/#organization\"},\"alternateName\":\"Cigar Humidor Bags Manufacturer\",\"potentialAction\":[{\"@type\":\"SearchAction\",\"target\":{\"@type\":\"EntryPoint\",\"urlTemplate\":\"https:\/\/cigarpackagingbags.com\/?s={search_term_string}\"},\"query-input\":{\"@type\":\"PropertyValueSpecification\",\"valueRequired\":true,\"valueName\":\"search_term_string\"}}],\"inLanguage\":\"es-CO\"},{\"@type\":\"Organization\",\"@id\":\"https:\/\/cigarpackagingbags.com\/#organization\",\"name\":\"HP Tobacco &amp; Cigar bags | Cigar Humidor Bags | Cigar Packaging Bags Solution\",\"url\":\"https:\/\/cigarpackagingbags.com\/\",\"logo\":{\"@type\":\"ImageObject\",\"inLanguage\":\"es-CO\",\"@id\":\"https:\/\/cigarpackagingbags.com\/#\/schema\/logo\/image\/\",\"url\":\"https:\/\/cigarpackagingbags.com\/wp-content\/uploads\/2023\/07\/cigar-bags-2.jpg\",\"contentUrl\":\"https:\/\/cigarpackagingbags.com\/wp-content\/uploads\/2023\/07\/cigar-bags-2.jpg\",\"width\":1001,\"height\":1001,\"caption\":\"HP Tobacco &amp; Cigar bags | Cigar Humidor Bags | Cigar Packaging Bags Solution\"},\"image\":{\"@id\":\"https:\/\/cigarpackagingbags.com\/#\/schema\/logo\/image\/\"},\"sameAs\":[\"https:\/\/www.facebook.com\/profile.php?id=100083059694645\"]}]}<\/script>\n<!-- \/ Yoast SEO plugin. -->","yoast_head_json":{"title":"Bolsas de empaque resellables personalizadas para tabaco y cigarros con ventana - Bolsas para tabaco y cigarros HP | Bolsas para humidor de cigarros | Soluci\u00f3n de bolsas de empaque para cigarros","description":"Bolsas de empaque resellables personalizadas para tabaco y cigarros, con control de humedad. Le invitamos a enviarnos su consulta y su dise\u00f1o, para discutir m\u00e1s detalles sobre el empaque de cigarros.","robots":{"index":"index","follow":"follow","max-snippet":"max-snippet:-1","max-image-preview":"max-image-preview:large","max-video-preview":"max-video-preview:-1"},"canonical":"https:\/\/cigarpackagingbags.com\/es\/tobacco-cigar-humidity-packaging-bag-with-window\/","og_locale":"es_ES","og_type":"article","og_title":"Custom Printing Resealable Tobacco Cigar Humdity Packaging Bags With Window - HP Tobacco &amp; Cigar bags | Cigar Humidor Bags | Cigar Packaging Bags Solution","og_description":"Custom printing resealable tobacco cigar humidity packaging bags, welcome to send your inquiry and artwork, let's discuss more details for cigar packaging","og_url":"https:\/\/cigarpackagingbags.com\/es\/tobacco-cigar-humidity-packaging-bag-with-window\/","og_site_name":"HP Tobacco &amp; Cigar bags | Cigar Humidor Bags | Cigar Packaging Bags Solution","article_publisher":"https:\/\/www.facebook.com\/profile.php?id=100083059694645","article_modified_time":"2026-02-28T01:09:17+00:00","og_image":[{"width":1001,"height":1001,"url":"https:\/\/cigarpackagingbags.com\/wp-content\/uploads\/2023\/07\/cigar-bags-2.jpg","type":"image\/jpeg"}],"twitter_card":"summary_large_image","twitter_misc":{"Tiempo de lectura":"1 minuto"},"schema":{"@context":"https:\/\/schema.org","@graph":[{"@type":"WebPage","@id":"https:\/\/cigarpackagingbags.com\/tobacco-cigar-humidity-packaging-bag-with-window\/","url":"https:\/\/cigarpackagingbags.com\/tobacco-cigar-humidity-packaging-bag-with-window\/","name":"Bolsas de empaque resellables personalizadas para tabaco y cigarros con ventana - Bolsas para tabaco y cigarros HP | Bolsas para humidor de cigarros | Soluci\u00f3n de bolsas de empaque para cigarros","isPartOf":{"@id":"https:\/\/cigarpackagingbags.com\/#website"},"primaryImageOfPage":{"@id":"https:\/\/cigarpackagingbags.com\/tobacco-cigar-humidity-packaging-bag-with-window\/#primaryimage"},"image":{"@id":"https:\/\/cigarpackagingbags.com\/tobacco-cigar-humidity-packaging-bag-with-window\/#primaryimage"},"thumbnailUrl":"https:\/\/cigarpackagingbags.com\/wp-content\/uploads\/2023\/07\/cigar-bags-2.jpg","datePublished":"2023-07-26T09:43:57+00:00","dateModified":"2026-02-28T01:09:17+00:00","description":"Bolsas de empaque resellables personalizadas para tabaco y cigarros, con control de humedad. Le invitamos a enviarnos su consulta y su dise\u00f1o, para discutir m\u00e1s detalles sobre el empaque de cigarros.","breadcrumb":{"@id":"https:\/\/cigarpackagingbags.com\/tobacco-cigar-humidity-packaging-bag-with-window\/#breadcrumb"},"inLanguage":"es-CO","potentialAction":[{"@type":"ReadAction","target":["https:\/\/cigarpackagingbags.com\/tobacco-cigar-humidity-packaging-bag-with-window\/"]}]},{"@type":"ImageObject","inLanguage":"es-CO","@id":"https:\/\/cigarpackagingbags.com\/tobacco-cigar-humidity-packaging-bag-with-window\/#primaryimage","url":"https:\/\/cigarpackagingbags.com\/wp-content\/uploads\/2023\/07\/cigar-bags-2.jpg","contentUrl":"https:\/\/cigarpackagingbags.com\/wp-content\/uploads\/2023\/07\/cigar-bags-2.jpg","width":1001,"height":1001,"caption":"Travel Cigar Humidor Bag"},{"@type":"BreadcrumbList","@id":"https:\/\/cigarpackagingbags.com\/tobacco-cigar-humidity-packaging-bag-with-window\/#breadcrumb","itemListElement":[{"@type":"ListItem","position":1,"name":"\u9996\u9875","item":"https:\/\/cigarpackagingbags.com\/"},{"@type":"ListItem","position":2,"name":"Products","item":"https:\/\/cigarpackagingbags.com\/products\/"},{"@type":"ListItem","position":3,"name":"Custom Printing Resealable Tobacco Cigar Humdity Packaging Bags With Window"}]},{"@type":"WebSite","@id":"https:\/\/cigarpackagingbags.com\/#website","url":"https:\/\/cigarpackagingbags.com\/","name":"HP Bolsas para tabaco y puros | Bolsas para humidores de puros | Soluci\u00f3n de bolsas para el empaquetado de puros","description":"Bolsas personalizadas para tabaco y puros a buen precio","publisher":{"@id":"https:\/\/cigarpackagingbags.com\/#organization"},"alternateName":"Cigar Humidor Bags Manufacturer","potentialAction":[{"@type":"SearchAction","target":{"@type":"EntryPoint","urlTemplate":"https:\/\/cigarpackagingbags.com\/?s={search_term_string}"},"query-input":{"@type":"PropertyValueSpecification","valueRequired":true,"valueName":"search_term_string"}}],"inLanguage":"es-CO"},{"@type":"Organization","@id":"https:\/\/cigarpackagingbags.com\/#organization","name":"HP Bolsas para tabaco y puros | Bolsas para humidores de puros | Soluci\u00f3n de bolsas para el empaquetado de puros","url":"https:\/\/cigarpackagingbags.com\/","logo":{"@type":"ImageObject","inLanguage":"es-CO","@id":"https:\/\/cigarpackagingbags.com\/#\/schema\/logo\/image\/","url":"https:\/\/cigarpackagingbags.com\/wp-content\/uploads\/2023\/07\/cigar-bags-2.jpg","contentUrl":"https:\/\/cigarpackagingbags.com\/wp-content\/uploads\/2023\/07\/cigar-bags-2.jpg","width":1001,"height":1001,"caption":"HP Tobacco &amp; Cigar bags | Cigar Humidor Bags | Cigar Packaging Bags Solution"},"image":{"@id":"https:\/\/cigarpackagingbags.com\/#\/schema\/logo\/image\/"},"sameAs":["https:\/\/www.facebook.com\/profile.php?id=100083059694645"]}]}},"_links":{"self":[{"href":"https:\/\/cigarpackagingbags.com\/es\/wp-json\/wp\/v2\/product\/844","targetHints":{"allow":["GET"]}}],"collection":[{"href":"https:\/\/cigarpackagingbags.com\/es\/wp-json\/wp\/v2\/product"}],"about":[{"href":"https:\/\/cigarpackagingbags.com\/es\/wp-json\/wp\/v2\/types\/product"}],"replies":[{"embeddable":true,"href":"https:\/\/cigarpackagingbags.com\/es\/wp-json\/wp\/v2\/comments?post=844"}],"wp:featuredmedia":[{"embeddable":true,"href":"https:\/\/cigarpackagingbags.com\/es\/wp-json\/wp\/v2\/media\/841"}],"wp:attachment":[{"href":"https:\/\/cigarpackagingbags.com\/es\/wp-json\/wp\/v2\/media?parent=844"}],"wp:term":[{"taxonomy":"product_brand","embeddable":true,"href":"https:\/\/cigarpackagingbags.com\/es\/wp-json\/wp\/v2\/product_brand?post=844"},{"taxonomy":"product_cat","embeddable":true,"href":"https:\/\/cigarpackagingbags.com\/es\/wp-json\/wp\/v2\/product_cat?post=844"},{"taxonomy":"product_tag","embeddable":true,"href":"https:\/\/cigarpackagingbags.com\/es\/wp-json\/wp\/v2\/product_tag?post=844"}],"curies":[{"name":"wp","href":"https:\/\/api.w.org\/{rel}","templated":true}]}}