{"id":812,"date":"2023-07-25T06:22:25","date_gmt":"2023-07-25T06:22:25","guid":{"rendered":"https:\/\/cigarpackagingbags.com\/?post_type=product&#038;p=812"},"modified":"2023-07-25T06:22:25","modified_gmt":"2023-07-25T06:22:25","slug":"factory-c1s-art-paper-cigar-display-box-for-cigars-with-humidor-bag","status":"publish","type":"product","link":"https:\/\/cigarpackagingbags.com\/es\/factory-c1s-art-paper-cigar-display-box-for-cigars-with-humidor-bag\/","title":{"rendered":"F\u00e1brica C1S Art Paper Cigar Di"},"content":{"rendered":"<ol>\n<li>Nombre del producto: Caja expositora para puros con bolsa humidor<\/li>\n<li>Materiales:Papel art\u00edstico C1S<\/li>\n<li>Mango de impresi\u00f3n:Laminaci\u00f3n mate, Barnizado, Estampaci\u00f3n, Gofrado<\/li>\n<li>Forma:Rect\u00e1ngulo, Rect\u00e1ngulo redondo Forma personalizada<\/li>\n<li>Impresi\u00f3n en color: Marr\u00f3n, blanco, personalizaci\u00f3n<\/li>\n<li>Impresi\u00f3n en color: Marr\u00f3n, blanco, personalizaci\u00f3n<\/li>\n<li>Embalaje: Caja de embalaje est\u00e1ndar para exportaci\u00f3n<\/li>\n<\/ol>\n<p><a href=\"maito:sales@cigarpackagingbags.com\">Le invitamos a que nos env\u00ede su consulta y sus ilustraciones, y discutiremos m\u00e1s detalles.<\/a><\/p>","protected":false},"excerpt":{"rendered":"<ol>\n<li>Precio de f\u00e1brica:$0.1~$0.8<\/li>\n<li>MOQ:5000pcs<\/li>\n<li>Forma: Personalizaci\u00f3n<\/li>\n<li>Impresi\u00f3n: laminado mate, barnizado, estampado, gofrado, etc.<\/li>\n<li>Material gr\u00e1fico: AI, PDF, PSD, etc.<\/li>\n<li>Plazo de entrega:2~3 semanas<\/li>\n<li>Pagos:VISA,T\/T,Paypal,etc.<\/li>\n<li><\/li>\n<\/ol>","protected":false},"featured_media":801,"comment_status":"open","ping_status":"closed","template":"","meta":{"_kadence_starter_templates_imported_post":false,"_kad_post_transparent":"default","_kad_post_title":"","_kad_post_layout":"default","_kad_post_sidebar_id":"","_kad_post_content_style":"default","_kad_post_vertical_padding":"default","_kad_post_feature":"","_kad_post_feature_position":"","_kad_post_header":false,"_kad_post_footer":false},"product_brand":[],"product_cat":[23],"product_tag":[],"class_list":{"0":"post-812","1":"product","2":"type-product","3":"status-publish","4":"has-post-thumbnail","6":"product_cat-cigar-display-box","8":"first","9":"instock","10":"shipping-taxable","11":"product-type-simple","12":"entry","13":"content-bg","14":"loop-entry"},"yoast_head":"<!-- This site is optimized with the Yoast SEO plugin v27.2 - https:\/\/yoast.com\/product\/yoast-seo-wordpress\/ -->\n<title>Factory C1S Art Paper Cigar Display Box For Cigars With Humidor Bag HP Tobacco &amp; Cigar bags | Cigar Humidor Bags | Cigar Packaging Bags Solution<\/title>\n<meta name=\"description\" content=\"Manufacture art paper cigar display box for cigars with cigar humidor bags,welcome to send your artwork and requirements, let&#039;s discuss more details\" \/>\n<meta name=\"robots\" content=\"index, follow, max-snippet:-1, max-image-preview:large, max-video-preview:-1\" \/>\n<link rel=\"canonical\" href=\"https:\/\/cigarpackagingbags.com\/es\/factory-c1s-art-paper-cigar-display-box-for-cigars-with-humidor-bag\/\" \/>\n<meta property=\"og:locale\" content=\"es_ES\" \/>\n<meta property=\"og:type\" content=\"article\" \/>\n<meta property=\"og:title\" content=\"Factory C1S Art Paper Cigar Display Box For Cigars With Humidor Bag HP Tobacco &amp; Cigar bags | Cigar Humidor Bags | Cigar Packaging Bags Solution\" \/>\n<meta property=\"og:description\" content=\"Manufacture art paper cigar display box for cigars with cigar humidor bags,welcome to send your artwork and requirements, let&#039;s discuss more details\" \/>\n<meta property=\"og:url\" content=\"https:\/\/cigarpackagingbags.com\/es\/factory-c1s-art-paper-cigar-display-box-for-cigars-with-humidor-bag\/\" \/>\n<meta property=\"og:site_name\" content=\"HP Tobacco &amp; Cigar bags | Cigar Humidor Bags | Cigar Packaging Bags Solution\" \/>\n<meta property=\"article:publisher\" content=\"https:\/\/www.facebook.com\/profile.php?id=100083059694645\" \/>\n<meta property=\"og:image\" content=\"https:\/\/cigarpackagingbags.com\/wp-content\/uploads\/2023\/07\/box-5.jpg\" \/>\n\t<meta property=\"og:image:width\" content=\"640\" \/>\n\t<meta property=\"og:image:height\" content=\"640\" \/>\n\t<meta property=\"og:image:type\" content=\"image\/jpeg\" \/>\n<meta name=\"twitter:card\" content=\"summary_large_image\" \/>\n<meta name=\"twitter:label1\" content=\"Tiempo de lectura\" \/>\n\t<meta name=\"twitter:data1\" content=\"1 minuto\" \/>\n<script type=\"application\/ld+json\" class=\"yoast-schema-graph\">{\"@context\":\"https:\/\/schema.org\",\"@graph\":[{\"@type\":\"WebPage\",\"@id\":\"https:\/\/cigarpackagingbags.com\/factory-c1s-art-paper-cigar-display-box-for-cigars-with-humidor-bag\/\",\"url\":\"https:\/\/cigarpackagingbags.com\/factory-c1s-art-paper-cigar-display-box-for-cigars-with-humidor-bag\/\",\"name\":\"Factory C1S Art Paper Cigar Display Box For Cigars With Humidor Bag HP Tobacco &amp; Cigar bags | Cigar Humidor Bags | Cigar Packaging Bags Solution\",\"isPartOf\":{\"@id\":\"https:\/\/cigarpackagingbags.com\/#website\"},\"primaryImageOfPage\":{\"@id\":\"https:\/\/cigarpackagingbags.com\/factory-c1s-art-paper-cigar-display-box-for-cigars-with-humidor-bag\/#primaryimage\"},\"image\":{\"@id\":\"https:\/\/cigarpackagingbags.com\/factory-c1s-art-paper-cigar-display-box-for-cigars-with-humidor-bag\/#primaryimage\"},\"thumbnailUrl\":\"https:\/\/cigarpackagingbags.com\/wp-content\/uploads\/2023\/07\/box-5.jpg\",\"datePublished\":\"2023-07-25T06:22:25+00:00\",\"description\":\"Manufacture art paper cigar display box for cigars with cigar humidor bags,welcome to send your artwork and requirements, let's discuss more details\",\"breadcrumb\":{\"@id\":\"https:\/\/cigarpackagingbags.com\/factory-c1s-art-paper-cigar-display-box-for-cigars-with-humidor-bag\/#breadcrumb\"},\"inLanguage\":\"es-CO\",\"potentialAction\":[{\"@type\":\"ReadAction\",\"target\":[\"https:\/\/cigarpackagingbags.com\/factory-c1s-art-paper-cigar-display-box-for-cigars-with-humidor-bag\/\"]}]},{\"@type\":\"ImageObject\",\"inLanguage\":\"es-CO\",\"@id\":\"https:\/\/cigarpackagingbags.com\/factory-c1s-art-paper-cigar-display-box-for-cigars-with-humidor-bag\/#primaryimage\",\"url\":\"https:\/\/cigarpackagingbags.com\/wp-content\/uploads\/2023\/07\/box-5.jpg\",\"contentUrl\":\"https:\/\/cigarpackagingbags.com\/wp-content\/uploads\/2023\/07\/box-5.jpg\",\"width\":640,\"height\":640},{\"@type\":\"BreadcrumbList\",\"@id\":\"https:\/\/cigarpackagingbags.com\/factory-c1s-art-paper-cigar-display-box-for-cigars-with-humidor-bag\/#breadcrumb\",\"itemListElement\":[{\"@type\":\"ListItem\",\"position\":1,\"name\":\"\u9996\u9875\",\"item\":\"https:\/\/cigarpackagingbags.com\/\"},{\"@type\":\"ListItem\",\"position\":2,\"name\":\"Products\",\"item\":\"https:\/\/cigarpackagingbags.com\/products\/\"},{\"@type\":\"ListItem\",\"position\":3,\"name\":\"Factory C1S Art Paper Cigar Display Box For Cigars With Humidor Bag\"}]},{\"@type\":\"WebSite\",\"@id\":\"https:\/\/cigarpackagingbags.com\/#website\",\"url\":\"https:\/\/cigarpackagingbags.com\/\",\"name\":\"HP Tobacco &amp; Cigar bags | Cigar Humidor Bags | Cigar Packaging Bags Solution\",\"description\":\"Custom Tobacco &amp; Cigar Bags With Good Price\",\"publisher\":{\"@id\":\"https:\/\/cigarpackagingbags.com\/#organization\"},\"alternateName\":\"Cigar Humidor Bags Manufacturer\",\"potentialAction\":[{\"@type\":\"SearchAction\",\"target\":{\"@type\":\"EntryPoint\",\"urlTemplate\":\"https:\/\/cigarpackagingbags.com\/?s={search_term_string}\"},\"query-input\":{\"@type\":\"PropertyValueSpecification\",\"valueRequired\":true,\"valueName\":\"search_term_string\"}}],\"inLanguage\":\"es-CO\"},{\"@type\":\"Organization\",\"@id\":\"https:\/\/cigarpackagingbags.com\/#organization\",\"name\":\"HP Tobacco &amp; Cigar bags | Cigar Humidor Bags | Cigar Packaging Bags Solution\",\"url\":\"https:\/\/cigarpackagingbags.com\/\",\"logo\":{\"@type\":\"ImageObject\",\"inLanguage\":\"es-CO\",\"@id\":\"https:\/\/cigarpackagingbags.com\/#\/schema\/logo\/image\/\",\"url\":\"https:\/\/cigarpackagingbags.com\/wp-content\/uploads\/2023\/07\/cigar-bags-2.jpg\",\"contentUrl\":\"https:\/\/cigarpackagingbags.com\/wp-content\/uploads\/2023\/07\/cigar-bags-2.jpg\",\"width\":1001,\"height\":1001,\"caption\":\"HP Tobacco &amp; Cigar bags | Cigar Humidor Bags | Cigar Packaging Bags Solution\"},\"image\":{\"@id\":\"https:\/\/cigarpackagingbags.com\/#\/schema\/logo\/image\/\"},\"sameAs\":[\"https:\/\/www.facebook.com\/profile.php?id=100083059694645\"]}]}<\/script>\n<!-- \/ Yoast SEO plugin. -->","yoast_head_json":{"title":"Factory C1S Art Paper Cigar Display Box For Cigars With Humidor Bag HP Tobacco &amp; Cigar bags | Cigar Humidor Bags | Cigar Packaging Bags Solution","description":"Manufacture art paper cigar display box for cigars with cigar humidor bags,welcome to send your artwork and requirements, let's discuss more details","robots":{"index":"index","follow":"follow","max-snippet":"max-snippet:-1","max-image-preview":"max-image-preview:large","max-video-preview":"max-video-preview:-1"},"canonical":"https:\/\/cigarpackagingbags.com\/es\/factory-c1s-art-paper-cigar-display-box-for-cigars-with-humidor-bag\/","og_locale":"es_ES","og_type":"article","og_title":"Factory C1S Art Paper Cigar Display Box For Cigars With Humidor Bag HP Tobacco &amp; Cigar bags | Cigar Humidor Bags | Cigar Packaging Bags Solution","og_description":"Manufacture art paper cigar display box for cigars with cigar humidor bags,welcome to send your artwork and requirements, let's discuss more details","og_url":"https:\/\/cigarpackagingbags.com\/es\/factory-c1s-art-paper-cigar-display-box-for-cigars-with-humidor-bag\/","og_site_name":"HP Tobacco &amp; Cigar bags | Cigar Humidor Bags | Cigar Packaging Bags Solution","article_publisher":"https:\/\/www.facebook.com\/profile.php?id=100083059694645","og_image":[{"width":640,"height":640,"url":"https:\/\/cigarpackagingbags.com\/wp-content\/uploads\/2023\/07\/box-5.jpg","type":"image\/jpeg"}],"twitter_card":"summary_large_image","twitter_misc":{"Tiempo de lectura":"1 minuto"},"schema":{"@context":"https:\/\/schema.org","@graph":[{"@type":"WebPage","@id":"https:\/\/cigarpackagingbags.com\/factory-c1s-art-paper-cigar-display-box-for-cigars-with-humidor-bag\/","url":"https:\/\/cigarpackagingbags.com\/factory-c1s-art-paper-cigar-display-box-for-cigars-with-humidor-bag\/","name":"Factory C1S Art Paper Cigar Display Box For Cigars With Humidor Bag HP Tobacco &amp; Cigar bags | Cigar Humidor Bags | Cigar Packaging Bags Solution","isPartOf":{"@id":"https:\/\/cigarpackagingbags.com\/#website"},"primaryImageOfPage":{"@id":"https:\/\/cigarpackagingbags.com\/factory-c1s-art-paper-cigar-display-box-for-cigars-with-humidor-bag\/#primaryimage"},"image":{"@id":"https:\/\/cigarpackagingbags.com\/factory-c1s-art-paper-cigar-display-box-for-cigars-with-humidor-bag\/#primaryimage"},"thumbnailUrl":"https:\/\/cigarpackagingbags.com\/wp-content\/uploads\/2023\/07\/box-5.jpg","datePublished":"2023-07-25T06:22:25+00:00","description":"Manufacture art paper cigar display box for cigars with cigar humidor bags,welcome to send your artwork and requirements, let's discuss more details","breadcrumb":{"@id":"https:\/\/cigarpackagingbags.com\/factory-c1s-art-paper-cigar-display-box-for-cigars-with-humidor-bag\/#breadcrumb"},"inLanguage":"es-CO","potentialAction":[{"@type":"ReadAction","target":["https:\/\/cigarpackagingbags.com\/factory-c1s-art-paper-cigar-display-box-for-cigars-with-humidor-bag\/"]}]},{"@type":"ImageObject","inLanguage":"es-CO","@id":"https:\/\/cigarpackagingbags.com\/factory-c1s-art-paper-cigar-display-box-for-cigars-with-humidor-bag\/#primaryimage","url":"https:\/\/cigarpackagingbags.com\/wp-content\/uploads\/2023\/07\/box-5.jpg","contentUrl":"https:\/\/cigarpackagingbags.com\/wp-content\/uploads\/2023\/07\/box-5.jpg","width":640,"height":640},{"@type":"BreadcrumbList","@id":"https:\/\/cigarpackagingbags.com\/factory-c1s-art-paper-cigar-display-box-for-cigars-with-humidor-bag\/#breadcrumb","itemListElement":[{"@type":"ListItem","position":1,"name":"\u9996\u9875","item":"https:\/\/cigarpackagingbags.com\/"},{"@type":"ListItem","position":2,"name":"Products","item":"https:\/\/cigarpackagingbags.com\/products\/"},{"@type":"ListItem","position":3,"name":"Factory C1S Art Paper Cigar Display Box For Cigars With Humidor Bag"}]},{"@type":"WebSite","@id":"https:\/\/cigarpackagingbags.com\/#website","url":"https:\/\/cigarpackagingbags.com\/","name":"HP Bolsas para tabaco y puros | Bolsas para humidores de puros | Soluci\u00f3n de bolsas para el empaquetado de puros","description":"Bolsas personalizadas para tabaco y puros a buen precio","publisher":{"@id":"https:\/\/cigarpackagingbags.com\/#organization"},"alternateName":"Cigar Humidor Bags Manufacturer","potentialAction":[{"@type":"SearchAction","target":{"@type":"EntryPoint","urlTemplate":"https:\/\/cigarpackagingbags.com\/?s={search_term_string}"},"query-input":{"@type":"PropertyValueSpecification","valueRequired":true,"valueName":"search_term_string"}}],"inLanguage":"es-CO"},{"@type":"Organization","@id":"https:\/\/cigarpackagingbags.com\/#organization","name":"HP Bolsas para tabaco y puros | Bolsas para humidores de puros | Soluci\u00f3n de bolsas para el empaquetado de puros","url":"https:\/\/cigarpackagingbags.com\/","logo":{"@type":"ImageObject","inLanguage":"es-CO","@id":"https:\/\/cigarpackagingbags.com\/#\/schema\/logo\/image\/","url":"https:\/\/cigarpackagingbags.com\/wp-content\/uploads\/2023\/07\/cigar-bags-2.jpg","contentUrl":"https:\/\/cigarpackagingbags.com\/wp-content\/uploads\/2023\/07\/cigar-bags-2.jpg","width":1001,"height":1001,"caption":"HP Tobacco &amp; Cigar bags | Cigar Humidor Bags | Cigar Packaging Bags Solution"},"image":{"@id":"https:\/\/cigarpackagingbags.com\/#\/schema\/logo\/image\/"},"sameAs":["https:\/\/www.facebook.com\/profile.php?id=100083059694645"]}]}},"_links":{"self":[{"href":"https:\/\/cigarpackagingbags.com\/es\/wp-json\/wp\/v2\/product\/812","targetHints":{"allow":["GET"]}}],"collection":[{"href":"https:\/\/cigarpackagingbags.com\/es\/wp-json\/wp\/v2\/product"}],"about":[{"href":"https:\/\/cigarpackagingbags.com\/es\/wp-json\/wp\/v2\/types\/product"}],"replies":[{"embeddable":true,"href":"https:\/\/cigarpackagingbags.com\/es\/wp-json\/wp\/v2\/comments?post=812"}],"wp:featuredmedia":[{"embeddable":true,"href":"https:\/\/cigarpackagingbags.com\/es\/wp-json\/wp\/v2\/media\/801"}],"wp:attachment":[{"href":"https:\/\/cigarpackagingbags.com\/es\/wp-json\/wp\/v2\/media?parent=812"}],"wp:term":[{"taxonomy":"product_brand","embeddable":true,"href":"https:\/\/cigarpackagingbags.com\/es\/wp-json\/wp\/v2\/product_brand?post=812"},{"taxonomy":"product_cat","embeddable":true,"href":"https:\/\/cigarpackagingbags.com\/es\/wp-json\/wp\/v2\/product_cat?post=812"},{"taxonomy":"product_tag","embeddable":true,"href":"https:\/\/cigarpackagingbags.com\/es\/wp-json\/wp\/v2\/product_tag?post=812"}],"curies":[{"name":"wp","href":"https:\/\/api.w.org\/{rel}","templated":true}]}}