{"id":790,"date":"2023-07-21T15:38:49","date_gmt":"2023-07-21T15:38:49","guid":{"rendered":"https:\/\/cigarpackagingbags.com\/?post_type=product&#038;p=790"},"modified":"2026-04-21T13:39:39","modified_gmt":"2026-04-21T13:39:39","slug":"custom-printed-69-percent-relative-humidity-cigar-packaging-bags","status":"publish","type":"product","link":"https:\/\/cigarpackagingbags.com\/es\/custom-printed-69-percent-relative-humidity-cigar-packaging-bags\/","title":{"rendered":"Impresi\u00f3n personalizada 69% RH Cigar Pa"},"content":{"rendered":"<ol>\n<li>Bolsas humidificadoras de puros cl\u00e1sicas con sistema humidificado para mantener los puros frescos y anticorrosivos<\/li>\n<li>Capacidad: 5-6 puros<\/li>\n<li>V\u00e1lida: Una vez abierta, esta bolsa conservar\u00e1 sus puros en condiciones adecuadas de humedad durante 90 d\u00edas<\/li>\n<li>El puro puede verse a trav\u00e9s de la ventana y tiene un orificio en el asa para transportarlo<\/li>\n<\/ol>","protected":false},"excerpt":{"rendered":"<ol>\n<li>Price:$0.12~$0.8<\/li>\n<li>MOQ:15000pcs<\/li>\n<li>Capacidad:5 puros<\/li>\n<li>Tama\u00f1o: 135x250mm, tama\u00f1o personalizado disponible.<\/li>\n<li>Materiales: OPP\/PE,MattOPP\/PE,OPP\/PET\/PE<\/li>\n<li>Una vez abierta, esta bolsa mantendr\u00e1 los puros frescos durante 90 d\u00edas<\/li>\n<\/ol>","protected":false},"featured_media":773,"comment_status":"open","ping_status":"closed","template":"","meta":{"_kadence_starter_templates_imported_post":false,"_kad_post_transparent":"default","_kad_post_title":"","_kad_post_layout":"default","_kad_post_sidebar_id":"","_kad_post_content_style":"default","_kad_post_vertical_padding":"default","_kad_post_feature":"","_kad_post_feature_position":"","_kad_post_header":false,"_kad_post_footer":false},"product_brand":[],"product_cat":[21],"product_tag":[],"class_list":{"0":"post-790","1":"product","2":"type-product","3":"status-publish","4":"has-post-thumbnail","6":"product_cat-cigar-humidor-bags","8":"first","9":"instock","10":"shipping-taxable","11":"product-type-simple","12":"entry","13":"content-bg","14":"loop-entry"},"yoast_head":"<!-- This site is optimized with the Yoast SEO plugin v27.2 - https:\/\/yoast.com\/product\/yoast-seo-wordpress\/ -->\n<title>Custom Printed 69% RH Cigar Packaging Bags - HP Tobacco &amp; Cigar bags | Cigar Humidor Bags | Cigar Packaging Bags Solution<\/title>\n<meta name=\"description\" content=\"Customize 65%-75% RH cigar packaging bags for cigar brands,cigar factory,the bag keep cigars fresh for up to 90 days. portable!\" \/>\n<meta name=\"robots\" content=\"index, follow, max-snippet:-1, max-image-preview:large, max-video-preview:-1\" \/>\n<link rel=\"canonical\" href=\"https:\/\/cigarpackagingbags.com\/es\/custom-printed-69-percent-relative-humidity-cigar-packaging-bags\/\" \/>\n<meta property=\"og:locale\" content=\"es_ES\" \/>\n<meta property=\"og:type\" content=\"article\" \/>\n<meta property=\"og:title\" content=\"Custom Printed 69% RH Cigar Packaging Bags - HP Tobacco &amp; Cigar bags | Cigar Humidor Bags | Cigar Packaging Bags Solution\" \/>\n<meta property=\"og:description\" content=\"Customize 65%-75% RH cigar packaging bags for cigar brands,cigar factory,the bag keep cigars fresh for up to 90 days. portable!\" \/>\n<meta property=\"og:url\" content=\"https:\/\/cigarpackagingbags.com\/es\/custom-printed-69-percent-relative-humidity-cigar-packaging-bags\/\" \/>\n<meta property=\"og:site_name\" content=\"HP Tobacco &amp; Cigar bags | Cigar Humidor Bags | Cigar Packaging Bags Solution\" \/>\n<meta property=\"article:publisher\" content=\"https:\/\/www.facebook.com\/profile.php?id=100083059694645\" \/>\n<meta property=\"article:modified_time\" content=\"2026-04-21T13:39:39+00:00\" \/>\n<meta property=\"og:image\" content=\"https:\/\/cigarpackagingbags.com\/wp-content\/uploads\/2023\/07\/6-1.jpg\" \/>\n\t<meta property=\"og:image:width\" content=\"640\" \/>\n\t<meta property=\"og:image:height\" content=\"640\" \/>\n\t<meta property=\"og:image:type\" content=\"image\/jpeg\" \/>\n<meta name=\"twitter:card\" content=\"summary_large_image\" \/>\n<meta name=\"twitter:label1\" content=\"Tiempo de lectura\" \/>\n\t<meta name=\"twitter:data1\" content=\"1 minuto\" \/>\n<script type=\"application\/ld+json\" class=\"yoast-schema-graph\">{\"@context\":\"https:\/\/schema.org\",\"@graph\":[{\"@type\":\"WebPage\",\"@id\":\"https:\/\/cigarpackagingbags.com\/custom-printed-69-percent-relative-humidity-cigar-packaging-bags\/\",\"url\":\"https:\/\/cigarpackagingbags.com\/custom-printed-69-percent-relative-humidity-cigar-packaging-bags\/\",\"name\":\"Custom Printed 69% RH Cigar Packaging Bags - HP Tobacco &amp; Cigar bags | Cigar Humidor Bags | Cigar Packaging Bags Solution\",\"isPartOf\":{\"@id\":\"https:\/\/cigarpackagingbags.com\/#website\"},\"primaryImageOfPage\":{\"@id\":\"https:\/\/cigarpackagingbags.com\/custom-printed-69-percent-relative-humidity-cigar-packaging-bags\/#primaryimage\"},\"image\":{\"@id\":\"https:\/\/cigarpackagingbags.com\/custom-printed-69-percent-relative-humidity-cigar-packaging-bags\/#primaryimage\"},\"thumbnailUrl\":\"https:\/\/cigarpackagingbags.com\/wp-content\/uploads\/2023\/07\/6-1.jpg\",\"datePublished\":\"2023-07-21T15:38:49+00:00\",\"dateModified\":\"2026-04-21T13:39:39+00:00\",\"description\":\"Customize 65%-75% RH cigar packaging bags for cigar brands,cigar factory,the bag keep cigars fresh for up to 90 days. portable!\",\"breadcrumb\":{\"@id\":\"https:\/\/cigarpackagingbags.com\/custom-printed-69-percent-relative-humidity-cigar-packaging-bags\/#breadcrumb\"},\"inLanguage\":\"es-CO\",\"potentialAction\":[{\"@type\":\"ReadAction\",\"target\":[\"https:\/\/cigarpackagingbags.com\/custom-printed-69-percent-relative-humidity-cigar-packaging-bags\/\"]}]},{\"@type\":\"ImageObject\",\"inLanguage\":\"es-CO\",\"@id\":\"https:\/\/cigarpackagingbags.com\/custom-printed-69-percent-relative-humidity-cigar-packaging-bags\/#primaryimage\",\"url\":\"https:\/\/cigarpackagingbags.com\/wp-content\/uploads\/2023\/07\/6-1.jpg\",\"contentUrl\":\"https:\/\/cigarpackagingbags.com\/wp-content\/uploads\/2023\/07\/6-1.jpg\",\"width\":640,\"height\":640,\"caption\":\"cigar packaging bags\"},{\"@type\":\"BreadcrumbList\",\"@id\":\"https:\/\/cigarpackagingbags.com\/custom-printed-69-percent-relative-humidity-cigar-packaging-bags\/#breadcrumb\",\"itemListElement\":[{\"@type\":\"ListItem\",\"position\":1,\"name\":\"\u9996\u9875\",\"item\":\"https:\/\/cigarpackagingbags.com\/\"},{\"@type\":\"ListItem\",\"position\":2,\"name\":\"Products\",\"item\":\"https:\/\/cigarpackagingbags.com\/products\/\"},{\"@type\":\"ListItem\",\"position\":3,\"name\":\"Custom Printed 69% RH Cigar Packaging Bags\"}]},{\"@type\":\"WebSite\",\"@id\":\"https:\/\/cigarpackagingbags.com\/#website\",\"url\":\"https:\/\/cigarpackagingbags.com\/\",\"name\":\"HP Tobacco &amp; Cigar bags | Cigar Humidor Bags | Cigar Packaging Bags Solution\",\"description\":\"Custom Tobacco &amp; Cigar Bags With Good Price\",\"publisher\":{\"@id\":\"https:\/\/cigarpackagingbags.com\/#organization\"},\"alternateName\":\"Cigar Humidor Bags Manufacturer\",\"potentialAction\":[{\"@type\":\"SearchAction\",\"target\":{\"@type\":\"EntryPoint\",\"urlTemplate\":\"https:\/\/cigarpackagingbags.com\/?s={search_term_string}\"},\"query-input\":{\"@type\":\"PropertyValueSpecification\",\"valueRequired\":true,\"valueName\":\"search_term_string\"}}],\"inLanguage\":\"es-CO\"},{\"@type\":\"Organization\",\"@id\":\"https:\/\/cigarpackagingbags.com\/#organization\",\"name\":\"HP Tobacco &amp; Cigar bags | Cigar Humidor Bags | Cigar Packaging Bags Solution\",\"url\":\"https:\/\/cigarpackagingbags.com\/\",\"logo\":{\"@type\":\"ImageObject\",\"inLanguage\":\"es-CO\",\"@id\":\"https:\/\/cigarpackagingbags.com\/#\/schema\/logo\/image\/\",\"url\":\"https:\/\/cigarpackagingbags.com\/wp-content\/uploads\/2023\/07\/cigar-bags-2.jpg\",\"contentUrl\":\"https:\/\/cigarpackagingbags.com\/wp-content\/uploads\/2023\/07\/cigar-bags-2.jpg\",\"width\":1001,\"height\":1001,\"caption\":\"HP Tobacco &amp; Cigar bags | Cigar Humidor Bags | Cigar Packaging Bags Solution\"},\"image\":{\"@id\":\"https:\/\/cigarpackagingbags.com\/#\/schema\/logo\/image\/\"},\"sameAs\":[\"https:\/\/www.facebook.com\/profile.php?id=100083059694645\"]}]}<\/script>\n<!-- \/ Yoast SEO plugin. -->","yoast_head_json":{"title":"Custom Printed 69% RH Cigar Packaging Bags - HP Tobacco &amp; Cigar bags | Cigar Humidor Bags | Cigar Packaging Bags Solution","description":"Customize 65%-75% RH cigar packaging bags for cigar brands,cigar factory,the bag keep cigars fresh for up to 90 days. portable!","robots":{"index":"index","follow":"follow","max-snippet":"max-snippet:-1","max-image-preview":"max-image-preview:large","max-video-preview":"max-video-preview:-1"},"canonical":"https:\/\/cigarpackagingbags.com\/es\/custom-printed-69-percent-relative-humidity-cigar-packaging-bags\/","og_locale":"es_ES","og_type":"article","og_title":"Custom Printed 69% RH Cigar Packaging Bags - HP Tobacco &amp; Cigar bags | Cigar Humidor Bags | Cigar Packaging Bags Solution","og_description":"Customize 65%-75% RH cigar packaging bags for cigar brands,cigar factory,the bag keep cigars fresh for up to 90 days. portable!","og_url":"https:\/\/cigarpackagingbags.com\/es\/custom-printed-69-percent-relative-humidity-cigar-packaging-bags\/","og_site_name":"HP Tobacco &amp; Cigar bags | Cigar Humidor Bags | Cigar Packaging Bags Solution","article_publisher":"https:\/\/www.facebook.com\/profile.php?id=100083059694645","article_modified_time":"2026-04-21T13:39:39+00:00","og_image":[{"width":640,"height":640,"url":"https:\/\/cigarpackagingbags.com\/wp-content\/uploads\/2023\/07\/6-1.jpg","type":"image\/jpeg"}],"twitter_card":"summary_large_image","twitter_misc":{"Tiempo de lectura":"1 minuto"},"schema":{"@context":"https:\/\/schema.org","@graph":[{"@type":"WebPage","@id":"https:\/\/cigarpackagingbags.com\/custom-printed-69-percent-relative-humidity-cigar-packaging-bags\/","url":"https:\/\/cigarpackagingbags.com\/custom-printed-69-percent-relative-humidity-cigar-packaging-bags\/","name":"Custom Printed 69% RH Cigar Packaging Bags - HP Tobacco &amp; Cigar bags | Cigar Humidor Bags | Cigar Packaging Bags Solution","isPartOf":{"@id":"https:\/\/cigarpackagingbags.com\/#website"},"primaryImageOfPage":{"@id":"https:\/\/cigarpackagingbags.com\/custom-printed-69-percent-relative-humidity-cigar-packaging-bags\/#primaryimage"},"image":{"@id":"https:\/\/cigarpackagingbags.com\/custom-printed-69-percent-relative-humidity-cigar-packaging-bags\/#primaryimage"},"thumbnailUrl":"https:\/\/cigarpackagingbags.com\/wp-content\/uploads\/2023\/07\/6-1.jpg","datePublished":"2023-07-21T15:38:49+00:00","dateModified":"2026-04-21T13:39:39+00:00","description":"Customize 65%-75% RH cigar packaging bags for cigar brands,cigar factory,the bag keep cigars fresh for up to 90 days. portable!","breadcrumb":{"@id":"https:\/\/cigarpackagingbags.com\/custom-printed-69-percent-relative-humidity-cigar-packaging-bags\/#breadcrumb"},"inLanguage":"es-CO","potentialAction":[{"@type":"ReadAction","target":["https:\/\/cigarpackagingbags.com\/custom-printed-69-percent-relative-humidity-cigar-packaging-bags\/"]}]},{"@type":"ImageObject","inLanguage":"es-CO","@id":"https:\/\/cigarpackagingbags.com\/custom-printed-69-percent-relative-humidity-cigar-packaging-bags\/#primaryimage","url":"https:\/\/cigarpackagingbags.com\/wp-content\/uploads\/2023\/07\/6-1.jpg","contentUrl":"https:\/\/cigarpackagingbags.com\/wp-content\/uploads\/2023\/07\/6-1.jpg","width":640,"height":640,"caption":"cigar packaging bags"},{"@type":"BreadcrumbList","@id":"https:\/\/cigarpackagingbags.com\/custom-printed-69-percent-relative-humidity-cigar-packaging-bags\/#breadcrumb","itemListElement":[{"@type":"ListItem","position":1,"name":"\u9996\u9875","item":"https:\/\/cigarpackagingbags.com\/"},{"@type":"ListItem","position":2,"name":"Products","item":"https:\/\/cigarpackagingbags.com\/products\/"},{"@type":"ListItem","position":3,"name":"Custom Printed 69% RH Cigar Packaging Bags"}]},{"@type":"WebSite","@id":"https:\/\/cigarpackagingbags.com\/#website","url":"https:\/\/cigarpackagingbags.com\/","name":"HP Bolsas para tabaco y puros | Bolsas para humidores de puros | Soluci\u00f3n de bolsas para el empaquetado de puros","description":"Bolsas personalizadas para tabaco y puros a buen precio","publisher":{"@id":"https:\/\/cigarpackagingbags.com\/#organization"},"alternateName":"Cigar Humidor Bags Manufacturer","potentialAction":[{"@type":"SearchAction","target":{"@type":"EntryPoint","urlTemplate":"https:\/\/cigarpackagingbags.com\/?s={search_term_string}"},"query-input":{"@type":"PropertyValueSpecification","valueRequired":true,"valueName":"search_term_string"}}],"inLanguage":"es-CO"},{"@type":"Organization","@id":"https:\/\/cigarpackagingbags.com\/#organization","name":"HP Bolsas para tabaco y puros | Bolsas para humidores de puros | Soluci\u00f3n de bolsas para el empaquetado de puros","url":"https:\/\/cigarpackagingbags.com\/","logo":{"@type":"ImageObject","inLanguage":"es-CO","@id":"https:\/\/cigarpackagingbags.com\/#\/schema\/logo\/image\/","url":"https:\/\/cigarpackagingbags.com\/wp-content\/uploads\/2023\/07\/cigar-bags-2.jpg","contentUrl":"https:\/\/cigarpackagingbags.com\/wp-content\/uploads\/2023\/07\/cigar-bags-2.jpg","width":1001,"height":1001,"caption":"HP Tobacco &amp; Cigar bags | Cigar Humidor Bags | Cigar Packaging Bags Solution"},"image":{"@id":"https:\/\/cigarpackagingbags.com\/#\/schema\/logo\/image\/"},"sameAs":["https:\/\/www.facebook.com\/profile.php?id=100083059694645"]}]}},"_links":{"self":[{"href":"https:\/\/cigarpackagingbags.com\/es\/wp-json\/wp\/v2\/product\/790","targetHints":{"allow":["GET"]}}],"collection":[{"href":"https:\/\/cigarpackagingbags.com\/es\/wp-json\/wp\/v2\/product"}],"about":[{"href":"https:\/\/cigarpackagingbags.com\/es\/wp-json\/wp\/v2\/types\/product"}],"replies":[{"embeddable":true,"href":"https:\/\/cigarpackagingbags.com\/es\/wp-json\/wp\/v2\/comments?post=790"}],"wp:featuredmedia":[{"embeddable":true,"href":"https:\/\/cigarpackagingbags.com\/es\/wp-json\/wp\/v2\/media\/773"}],"wp:attachment":[{"href":"https:\/\/cigarpackagingbags.com\/es\/wp-json\/wp\/v2\/media?parent=790"}],"wp:term":[{"taxonomy":"product_brand","embeddable":true,"href":"https:\/\/cigarpackagingbags.com\/es\/wp-json\/wp\/v2\/product_brand?post=790"},{"taxonomy":"product_cat","embeddable":true,"href":"https:\/\/cigarpackagingbags.com\/es\/wp-json\/wp\/v2\/product_cat?post=790"},{"taxonomy":"product_tag","embeddable":true,"href":"https:\/\/cigarpackagingbags.com\/es\/wp-json\/wp\/v2\/product_tag?post=790"}],"curies":[{"name":"wp","href":"https:\/\/api.w.org\/{rel}","templated":true}]}}