{"id":1118,"date":"2024-03-20T08:31:53","date_gmt":"2024-03-20T08:31:53","guid":{"rendered":"https:\/\/cigarpackagingbags.com\/?post_type=product&#038;p=1118"},"modified":"2024-03-20T08:33:34","modified_gmt":"2024-03-20T08:33:34","slug":"brown-leather-travel-cigar-case-luxury-portable-cigar-humidor-quality-cigar-cutter-lighter-set","status":"publish","type":"product","link":"https:\/\/cigarpackagingbags.com\/es\/brown-leather-travel-cigar-case-luxury-portable-cigar-humidor-quality-cigar-cutter-lighter-set\/","title":{"rendered":"Estuche de viaje de piel marr\u00f3n para puros"},"content":{"rendered":"<p>Estuche de viaje para puros de cuero marr\u00f3n Humidificador de puros port\u00e1til de lujo Juego de cortapuros de calidad Encendedor<\/p>\n<ul>\n<li>Nombre: Estuche Humidificador Madera Cuero<\/li>\n<li>Tama\u00f1o:203x123x77mm<\/li>\n<li>Capacidad: 4 puros<\/li>\n<li>Color: marr\u00f3n, personalizaci\u00f3n<\/li>\n<li>Materiales: Madera de cedro, cuero PU<\/li>\n<li>Uso: almacenamiento de puros<\/li>\n<li>Peso del art\u00edculo: 0,875 kg<\/li>\n<li>Logotipo: l\u00e1ser\/impresi\u00f3n\/pegatina\/serigraf\u00eda<\/li>\n<\/ul>","protected":false},"excerpt":{"rendered":"<ol>\n<li>Precio de f\u00e1brica: 1-50 set:USD29.1\/set; 50~100sets:USD28.1\/set;100+: USD27.1\/set<\/li>\n<li>Tama\u00f1o: 203x123x77mm<\/li>\n<li>Capacidad:4 puros<\/li>\n<li>MOQ: 200pcs (personalizaci\u00f3n)<\/li>\n<li>Materiales: Cuero PU, madera de cedro<\/li>\n<li>Plazo de entrega: 21 d\u00edas tras la confirmaci\u00f3n del pago<\/li>\n<li>T\u00e9rmino del precio: EXW,CFN,CIF,DDP,etc.<\/li>\n<li>Pagos: T\/T,Visa,Paypal,etc.<\/li>\n<\/ol>","protected":false},"featured_media":1104,"comment_status":"open","ping_status":"closed","template":"","meta":{"_kadence_starter_templates_imported_post":false,"_kad_post_transparent":"default","_kad_post_title":"","_kad_post_layout":"default","_kad_post_sidebar_id":"","_kad_post_content_style":"default","_kad_post_vertical_padding":"default","_kad_post_feature":"","_kad_post_feature_position":"","_kad_post_header":false,"_kad_post_footer":false},"product_brand":[],"product_cat":[28,27],"product_tag":[],"class_list":{"0":"post-1118","1":"product","2":"type-product","3":"status-publish","4":"has-post-thumbnail","6":"product_cat-brand-cigar-accessories","7":"product_cat-cigar-humidor-box","9":"first","10":"instock","11":"shipping-taxable","12":"product-type-simple","13":"entry","14":"content-bg","15":"loop-entry"},"yoast_head":"<!-- This site is optimized with the Yoast SEO plugin v27.2 - https:\/\/yoast.com\/product\/yoast-seo-wordpress\/ -->\n<title>Brown Leather Travel Cigar Case Luxury Portable Cigar Humidor Quality Cigar Cutter Lighter Set - HP Tobacco &amp; Cigar bags | Cigar Humidor Bags | Cigar Packaging Bags Solution<\/title>\n<meta name=\"description\" content=\"Brown Leather Travel Cigar Case Luxury Portable Cigar Humidor Quality Cigar Cutter Lighter Set, welcome to send your inquiry for more details.\" \/>\n<meta name=\"robots\" content=\"index, follow, max-snippet:-1, max-image-preview:large, max-video-preview:-1\" \/>\n<link rel=\"canonical\" href=\"https:\/\/cigarpackagingbags.com\/es\/brown-leather-travel-cigar-case-luxury-portable-cigar-humidor-quality-cigar-cutter-lighter-set\/\" \/>\n<meta property=\"og:locale\" content=\"es_ES\" \/>\n<meta property=\"og:type\" content=\"article\" \/>\n<meta property=\"og:title\" content=\"Brown Leather Travel Cigar Case Luxury Portable Cigar Humidor Quality Cigar Cutter Lighter Set - HP Tobacco &amp; Cigar bags | Cigar Humidor Bags | Cigar Packaging Bags Solution\" \/>\n<meta property=\"og:description\" content=\"Brown Leather Travel Cigar Case Luxury Portable Cigar Humidor Quality Cigar Cutter Lighter Set, welcome to send your inquiry for more details.\" \/>\n<meta property=\"og:url\" content=\"https:\/\/cigarpackagingbags.com\/es\/brown-leather-travel-cigar-case-luxury-portable-cigar-humidor-quality-cigar-cutter-lighter-set\/\" \/>\n<meta property=\"og:site_name\" content=\"HP Tobacco &amp; Cigar bags | Cigar Humidor Bags | Cigar Packaging Bags Solution\" \/>\n<meta property=\"article:publisher\" content=\"https:\/\/www.facebook.com\/profile.php?id=100083059694645\" \/>\n<meta property=\"article:modified_time\" content=\"2024-03-20T08:33:34+00:00\" \/>\n<meta property=\"og:image\" content=\"https:\/\/cigarpackagingbags.com\/wp-content\/uploads\/2024\/03\/brow-yellow.jpg\" \/>\n\t<meta property=\"og:image:width\" content=\"800\" \/>\n\t<meta property=\"og:image:height\" content=\"800\" \/>\n\t<meta property=\"og:image:type\" content=\"image\/jpeg\" \/>\n<meta name=\"twitter:card\" content=\"summary_large_image\" \/>\n<meta name=\"twitter:label1\" content=\"Tiempo de lectura\" \/>\n\t<meta name=\"twitter:data1\" content=\"2 minutos\" \/>\n<script type=\"application\/ld+json\" class=\"yoast-schema-graph\">{\"@context\":\"https:\/\/schema.org\",\"@graph\":[{\"@type\":\"WebPage\",\"@id\":\"https:\/\/cigarpackagingbags.com\/brown-leather-travel-cigar-case-luxury-portable-cigar-humidor-quality-cigar-cutter-lighter-set\/\",\"url\":\"https:\/\/cigarpackagingbags.com\/brown-leather-travel-cigar-case-luxury-portable-cigar-humidor-quality-cigar-cutter-lighter-set\/\",\"name\":\"Brown Leather Travel Cigar Case Luxury Portable Cigar Humidor Quality Cigar Cutter Lighter Set - HP Tobacco &amp; Cigar bags | Cigar Humidor Bags | Cigar Packaging Bags Solution\",\"isPartOf\":{\"@id\":\"https:\/\/cigarpackagingbags.com\/#website\"},\"primaryImageOfPage\":{\"@id\":\"https:\/\/cigarpackagingbags.com\/brown-leather-travel-cigar-case-luxury-portable-cigar-humidor-quality-cigar-cutter-lighter-set\/#primaryimage\"},\"image\":{\"@id\":\"https:\/\/cigarpackagingbags.com\/brown-leather-travel-cigar-case-luxury-portable-cigar-humidor-quality-cigar-cutter-lighter-set\/#primaryimage\"},\"thumbnailUrl\":\"https:\/\/cigarpackagingbags.com\/wp-content\/uploads\/2024\/03\/brow-yellow.jpg\",\"datePublished\":\"2024-03-20T08:31:53+00:00\",\"dateModified\":\"2024-03-20T08:33:34+00:00\",\"description\":\"Brown Leather Travel Cigar Case Luxury Portable Cigar Humidor Quality Cigar Cutter Lighter Set, welcome to send your inquiry for more details.\",\"breadcrumb\":{\"@id\":\"https:\/\/cigarpackagingbags.com\/brown-leather-travel-cigar-case-luxury-portable-cigar-humidor-quality-cigar-cutter-lighter-set\/#breadcrumb\"},\"inLanguage\":\"es-CO\",\"potentialAction\":[{\"@type\":\"ReadAction\",\"target\":[\"https:\/\/cigarpackagingbags.com\/brown-leather-travel-cigar-case-luxury-portable-cigar-humidor-quality-cigar-cutter-lighter-set\/\"]}]},{\"@type\":\"ImageObject\",\"inLanguage\":\"es-CO\",\"@id\":\"https:\/\/cigarpackagingbags.com\/brown-leather-travel-cigar-case-luxury-portable-cigar-humidor-quality-cigar-cutter-lighter-set\/#primaryimage\",\"url\":\"https:\/\/cigarpackagingbags.com\/wp-content\/uploads\/2024\/03\/brow-yellow.jpg\",\"contentUrl\":\"https:\/\/cigarpackagingbags.com\/wp-content\/uploads\/2024\/03\/brow-yellow.jpg\",\"width\":800,\"height\":800,\"caption\":\"cedar travel humidor bag\"},{\"@type\":\"BreadcrumbList\",\"@id\":\"https:\/\/cigarpackagingbags.com\/brown-leather-travel-cigar-case-luxury-portable-cigar-humidor-quality-cigar-cutter-lighter-set\/#breadcrumb\",\"itemListElement\":[{\"@type\":\"ListItem\",\"position\":1,\"name\":\"\u9996\u9875\",\"item\":\"https:\/\/cigarpackagingbags.com\/\"},{\"@type\":\"ListItem\",\"position\":2,\"name\":\"Products\",\"item\":\"https:\/\/cigarpackagingbags.com\/products\/\"},{\"@type\":\"ListItem\",\"position\":3,\"name\":\"Brown Leather Travel Cigar Case Luxury Portable Cigar Humidor Quality Cigar Cutter Lighter Set\"}]},{\"@type\":\"WebSite\",\"@id\":\"https:\/\/cigarpackagingbags.com\/#website\",\"url\":\"https:\/\/cigarpackagingbags.com\/\",\"name\":\"HP Tobacco &amp; Cigar bags | Cigar Humidor Bags | Cigar Packaging Bags Solution\",\"description\":\"Custom Tobacco &amp; Cigar Bags With Good Price\",\"publisher\":{\"@id\":\"https:\/\/cigarpackagingbags.com\/#organization\"},\"alternateName\":\"Cigar Humidor Bags Manufacturer\",\"potentialAction\":[{\"@type\":\"SearchAction\",\"target\":{\"@type\":\"EntryPoint\",\"urlTemplate\":\"https:\/\/cigarpackagingbags.com\/?s={search_term_string}\"},\"query-input\":{\"@type\":\"PropertyValueSpecification\",\"valueRequired\":true,\"valueName\":\"search_term_string\"}}],\"inLanguage\":\"es-CO\"},{\"@type\":\"Organization\",\"@id\":\"https:\/\/cigarpackagingbags.com\/#organization\",\"name\":\"HP Tobacco &amp; Cigar bags | Cigar Humidor Bags | Cigar Packaging Bags Solution\",\"url\":\"https:\/\/cigarpackagingbags.com\/\",\"logo\":{\"@type\":\"ImageObject\",\"inLanguage\":\"es-CO\",\"@id\":\"https:\/\/cigarpackagingbags.com\/#\/schema\/logo\/image\/\",\"url\":\"https:\/\/cigarpackagingbags.com\/wp-content\/uploads\/2023\/07\/cigar-bags-2.jpg\",\"contentUrl\":\"https:\/\/cigarpackagingbags.com\/wp-content\/uploads\/2023\/07\/cigar-bags-2.jpg\",\"width\":1001,\"height\":1001,\"caption\":\"HP Tobacco &amp; Cigar bags | Cigar Humidor Bags | Cigar Packaging Bags Solution\"},\"image\":{\"@id\":\"https:\/\/cigarpackagingbags.com\/#\/schema\/logo\/image\/\"},\"sameAs\":[\"https:\/\/www.facebook.com\/profile.php?id=100083059694645\"]}]}<\/script>\n<!-- \/ Yoast SEO plugin. -->","yoast_head_json":{"title":"Estuche de viaje para puros de cuero marr\u00f3n Humidificador de puros port\u00e1til de lujo Cortador de puros de calidad Juego de encendedores - HP Bolsas para tabaco y puros | Bolsas para humidificador de puros | Bolsas para empaquetar puros Soluci\u00f3n","description":"Marr\u00f3n de cuero de viaje Cigarro Caso de lujo port\u00e1til humidor de puros Calidad Cigarro Cortador Encendedor Set, Bienvenido a enviar su consulta para m\u00e1s detalles.","robots":{"index":"index","follow":"follow","max-snippet":"max-snippet:-1","max-image-preview":"max-image-preview:large","max-video-preview":"max-video-preview:-1"},"canonical":"https:\/\/cigarpackagingbags.com\/es\/brown-leather-travel-cigar-case-luxury-portable-cigar-humidor-quality-cigar-cutter-lighter-set\/","og_locale":"es_ES","og_type":"article","og_title":"Brown Leather Travel Cigar Case Luxury Portable Cigar Humidor Quality Cigar Cutter Lighter Set - HP Tobacco &amp; Cigar bags | Cigar Humidor Bags | Cigar Packaging Bags Solution","og_description":"Brown Leather Travel Cigar Case Luxury Portable Cigar Humidor Quality Cigar Cutter Lighter Set, welcome to send your inquiry for more details.","og_url":"https:\/\/cigarpackagingbags.com\/es\/brown-leather-travel-cigar-case-luxury-portable-cigar-humidor-quality-cigar-cutter-lighter-set\/","og_site_name":"HP Tobacco &amp; Cigar bags | Cigar Humidor Bags | Cigar Packaging Bags Solution","article_publisher":"https:\/\/www.facebook.com\/profile.php?id=100083059694645","article_modified_time":"2024-03-20T08:33:34+00:00","og_image":[{"width":800,"height":800,"url":"https:\/\/cigarpackagingbags.com\/wp-content\/uploads\/2024\/03\/brow-yellow.jpg","type":"image\/jpeg"}],"twitter_card":"summary_large_image","twitter_misc":{"Tiempo de lectura":"2 minutos"},"schema":{"@context":"https:\/\/schema.org","@graph":[{"@type":"WebPage","@id":"https:\/\/cigarpackagingbags.com\/brown-leather-travel-cigar-case-luxury-portable-cigar-humidor-quality-cigar-cutter-lighter-set\/","url":"https:\/\/cigarpackagingbags.com\/brown-leather-travel-cigar-case-luxury-portable-cigar-humidor-quality-cigar-cutter-lighter-set\/","name":"Estuche de viaje para puros de cuero marr\u00f3n Humidificador de puros port\u00e1til de lujo Cortador de puros de calidad Juego de encendedores - HP Bolsas para tabaco y puros | Bolsas para humidificador de puros | Bolsas para empaquetar puros Soluci\u00f3n","isPartOf":{"@id":"https:\/\/cigarpackagingbags.com\/#website"},"primaryImageOfPage":{"@id":"https:\/\/cigarpackagingbags.com\/brown-leather-travel-cigar-case-luxury-portable-cigar-humidor-quality-cigar-cutter-lighter-set\/#primaryimage"},"image":{"@id":"https:\/\/cigarpackagingbags.com\/brown-leather-travel-cigar-case-luxury-portable-cigar-humidor-quality-cigar-cutter-lighter-set\/#primaryimage"},"thumbnailUrl":"https:\/\/cigarpackagingbags.com\/wp-content\/uploads\/2024\/03\/brow-yellow.jpg","datePublished":"2024-03-20T08:31:53+00:00","dateModified":"2024-03-20T08:33:34+00:00","description":"Marr\u00f3n de cuero de viaje Cigarro Caso de lujo port\u00e1til humidor de puros Calidad Cigarro Cortador Encendedor Set, Bienvenido a enviar su consulta para m\u00e1s detalles.","breadcrumb":{"@id":"https:\/\/cigarpackagingbags.com\/brown-leather-travel-cigar-case-luxury-portable-cigar-humidor-quality-cigar-cutter-lighter-set\/#breadcrumb"},"inLanguage":"es-CO","potentialAction":[{"@type":"ReadAction","target":["https:\/\/cigarpackagingbags.com\/brown-leather-travel-cigar-case-luxury-portable-cigar-humidor-quality-cigar-cutter-lighter-set\/"]}]},{"@type":"ImageObject","inLanguage":"es-CO","@id":"https:\/\/cigarpackagingbags.com\/brown-leather-travel-cigar-case-luxury-portable-cigar-humidor-quality-cigar-cutter-lighter-set\/#primaryimage","url":"https:\/\/cigarpackagingbags.com\/wp-content\/uploads\/2024\/03\/brow-yellow.jpg","contentUrl":"https:\/\/cigarpackagingbags.com\/wp-content\/uploads\/2024\/03\/brow-yellow.jpg","width":800,"height":800,"caption":"cedar travel humidor bag"},{"@type":"BreadcrumbList","@id":"https:\/\/cigarpackagingbags.com\/brown-leather-travel-cigar-case-luxury-portable-cigar-humidor-quality-cigar-cutter-lighter-set\/#breadcrumb","itemListElement":[{"@type":"ListItem","position":1,"name":"\u9996\u9875","item":"https:\/\/cigarpackagingbags.com\/"},{"@type":"ListItem","position":2,"name":"Products","item":"https:\/\/cigarpackagingbags.com\/products\/"},{"@type":"ListItem","position":3,"name":"Brown Leather Travel Cigar Case Luxury Portable Cigar Humidor Quality Cigar Cutter Lighter Set"}]},{"@type":"WebSite","@id":"https:\/\/cigarpackagingbags.com\/#website","url":"https:\/\/cigarpackagingbags.com\/","name":"HP Bolsas para tabaco y puros | Bolsas para humidores de puros | Soluci\u00f3n de bolsas para el empaquetado de puros","description":"Bolsas personalizadas para tabaco y puros a buen precio","publisher":{"@id":"https:\/\/cigarpackagingbags.com\/#organization"},"alternateName":"Cigar Humidor Bags Manufacturer","potentialAction":[{"@type":"SearchAction","target":{"@type":"EntryPoint","urlTemplate":"https:\/\/cigarpackagingbags.com\/?s={search_term_string}"},"query-input":{"@type":"PropertyValueSpecification","valueRequired":true,"valueName":"search_term_string"}}],"inLanguage":"es-CO"},{"@type":"Organization","@id":"https:\/\/cigarpackagingbags.com\/#organization","name":"HP Bolsas para tabaco y puros | Bolsas para humidores de puros | Soluci\u00f3n de bolsas para el empaquetado de puros","url":"https:\/\/cigarpackagingbags.com\/","logo":{"@type":"ImageObject","inLanguage":"es-CO","@id":"https:\/\/cigarpackagingbags.com\/#\/schema\/logo\/image\/","url":"https:\/\/cigarpackagingbags.com\/wp-content\/uploads\/2023\/07\/cigar-bags-2.jpg","contentUrl":"https:\/\/cigarpackagingbags.com\/wp-content\/uploads\/2023\/07\/cigar-bags-2.jpg","width":1001,"height":1001,"caption":"HP Tobacco &amp; Cigar bags | Cigar Humidor Bags | Cigar Packaging Bags Solution"},"image":{"@id":"https:\/\/cigarpackagingbags.com\/#\/schema\/logo\/image\/"},"sameAs":["https:\/\/www.facebook.com\/profile.php?id=100083059694645"]}]}},"_links":{"self":[{"href":"https:\/\/cigarpackagingbags.com\/es\/wp-json\/wp\/v2\/product\/1118","targetHints":{"allow":["GET"]}}],"collection":[{"href":"https:\/\/cigarpackagingbags.com\/es\/wp-json\/wp\/v2\/product"}],"about":[{"href":"https:\/\/cigarpackagingbags.com\/es\/wp-json\/wp\/v2\/types\/product"}],"replies":[{"embeddable":true,"href":"https:\/\/cigarpackagingbags.com\/es\/wp-json\/wp\/v2\/comments?post=1118"}],"wp:featuredmedia":[{"embeddable":true,"href":"https:\/\/cigarpackagingbags.com\/es\/wp-json\/wp\/v2\/media\/1104"}],"wp:attachment":[{"href":"https:\/\/cigarpackagingbags.com\/es\/wp-json\/wp\/v2\/media?parent=1118"}],"wp:term":[{"taxonomy":"product_brand","embeddable":true,"href":"https:\/\/cigarpackagingbags.com\/es\/wp-json\/wp\/v2\/product_brand?post=1118"},{"taxonomy":"product_cat","embeddable":true,"href":"https:\/\/cigarpackagingbags.com\/es\/wp-json\/wp\/v2\/product_cat?post=1118"},{"taxonomy":"product_tag","embeddable":true,"href":"https:\/\/cigarpackagingbags.com\/es\/wp-json\/wp\/v2\/product_tag?post=1118"}],"curies":[{"name":"wp","href":"https:\/\/api.w.org\/{rel}","templated":true}]}}