{"id":1081,"date":"2024-02-27T08:31:35","date_gmt":"2024-02-27T08:31:35","guid":{"rendered":"https:\/\/cigarpackagingbags.com\/?post_type=product&#038;p=1081"},"modified":"2024-02-27T08:33:25","modified_gmt":"2024-02-27T08:33:25","slug":"wholesale-cigar-travel-humidor-cedar-wood-leather-cigar-case-with-cigar-accessories-gift-set","status":"publish","type":"product","link":"https:\/\/cigarpackagingbags.com\/es\/wholesale-cigar-travel-humidor-cedar-wood-leather-cigar-case-with-cigar-accessories-gift-set\/","title":{"rendered":"Mayorista Humidificador de viaje para puros"},"content":{"rendered":"<p>Mayorista Humidificador de viaje para puros Estuche para puros de piel de cedro con accesorios para puros Set de regalo<\/p>\n<ul>\n<li>Nombre: Estuche Humidificador Madera Cuero<\/li>\n<li>Tama\u00f1o:20,6\u00d713,8\u00d77,7 cm<\/li>\n<li>Capacidad: 6 puros<\/li>\n<li>Color: Negro,marr\u00f3n,personalizaci\u00f3n<\/li>\n<li>Uso:almacenamiento de puros<\/li>\n<li>Peso del art\u00edculo: 0,875 kg<\/li>\n<li>Logotipo:l\u00e1ser\/impresi\u00f3n\/pegatina\/serigraf\u00eda<div class=\"wp-playlist wp-video-playlist wp-playlist-light\">\n\t\t<video controls=\"controls\" preload=\"none\" width=\"1268\"\n\t\t height=\"713\"\t><\/video>\n\t<div class=\"wp-playlist-next\"><\/div>\n\t<div class=\"wp-playlist-prev\"><\/div>\n\t<noscript>\n\t<ol>\n\t\t<li><a href='https:\/\/cigarpackagingbags.com\/wp-content\/uploads\/2024\/02\/new-design-wood-leather-humidor-box.mp4'>nuevo dise\u00f1o de madera de cuero caja humidor<\/a><\/li>\t<\/ol>\n\t<\/noscript>\n\t<script type=\"application\/json\" class=\"wp-playlist-script\">{\"type\":\"video\",\"tracklist\":true,\"tracknumbers\":true,\"images\":true,\"artists\":true,\"tracks\":[{\"src\":\"https:\/\/cigarpackagingbags.com\/wp-content\/uploads\/2024\/02\/new-design-wood-leather-humidor-box.mp4\",\"type\":\"video\/mp4\",\"title\":\"new design wood leather humidor box\",\"caption\":\"\",\"description\":\"wood leather cigar humidor case\",\"meta\":{\"length_formatted\":\"0:30\"},\"dimensions\":{\"original\":{\"width\":960,\"height\":540},\"resized\":{\"width\":1268,\"height\":713}},\"image\":{\"src\":\"https:\/\/cigarpackagingbags.com\/wp-includes\/images\/media\/video.svg\",\"width\":48,\"height\":64},\"thumb\":{\"src\":\"https:\/\/cigarpackagingbags.com\/wp-includes\/images\/media\/video.svg\",\"width\":48,\"height\":64}}]}<\/script>\n<\/div>\n\t<\/li>\n<\/ul>","protected":false},"excerpt":{"rendered":"<ol>\n<li>Precio de f\u00e1brica: USD24~USD27<\/li>\n<li>Tama\u00f1o: 20.6*13.8*7.7cm<\/li>\n<li>Capacidad:6 puros<\/li>\n<li>Cantidad m\u00ednima: 500 unidades<\/li>\n<li>Materiales: cuero de PU, madera de cedro<\/li>\n<li>Plazo de entrega: 21 d\u00edas tras la confirmaci\u00f3n del pago<\/li>\n<li>T\u00e9rmino del precio: EXW,CFN,CIF,DDP,etc.<\/li>\n<li>Pagos: T\/T,Visa,Paypal,etc.<\/li>\n<\/ol>","protected":false},"featured_media":1080,"comment_status":"open","ping_status":"closed","template":"","meta":{"_kadence_starter_templates_imported_post":false,"_kad_post_transparent":"default","_kad_post_title":"","_kad_post_layout":"default","_kad_post_sidebar_id":"","_kad_post_content_style":"default","_kad_post_vertical_padding":"default","_kad_post_feature":"","_kad_post_feature_position":"","_kad_post_header":false,"_kad_post_footer":false},"product_brand":[],"product_cat":[27],"product_tag":[],"class_list":{"0":"post-1081","1":"product","2":"type-product","3":"status-publish","4":"has-post-thumbnail","6":"product_cat-cigar-humidor-box","8":"first","9":"instock","10":"shipping-taxable","11":"product-type-simple","12":"entry","13":"content-bg","14":"loop-entry"},"yoast_head":"<!-- This site is optimized with the Yoast SEO plugin v27.2 - https:\/\/yoast.com\/product\/yoast-seo-wordpress\/ -->\n<title>Wholesale Cigar Travel Humidor Cedar Wood Leather Cigar Case with Cigar Accessories Gift Set - HP Tobacco &amp; Cigar bags | Cigar Humidor Bags | Cigar Packaging Bags Solution<\/title>\n<meta name=\"description\" content=\"Wholesale Cigar Travel Humidor Cedar Wood Leather Cigar Case with Cigar Accessories Gift Set, welcome to send your inquiry for more details.\" \/>\n<meta name=\"robots\" content=\"index, follow, max-snippet:-1, max-image-preview:large, max-video-preview:-1\" \/>\n<link rel=\"canonical\" href=\"https:\/\/cigarpackagingbags.com\/es\/wholesale-cigar-travel-humidor-cedar-wood-leather-cigar-case-with-cigar-accessories-gift-set\/\" \/>\n<meta property=\"og:locale\" content=\"es_ES\" \/>\n<meta property=\"og:type\" content=\"article\" \/>\n<meta property=\"og:title\" content=\"Wholesale Cigar Travel Humidor Cedar Wood Leather Cigar Case with Cigar Accessories Gift Set - HP Tobacco &amp; Cigar bags | Cigar Humidor Bags | Cigar Packaging Bags Solution\" \/>\n<meta property=\"og:description\" content=\"Wholesale Cigar Travel Humidor Cedar Wood Leather Cigar Case with Cigar Accessories Gift Set, welcome to send your inquiry for more details.\" \/>\n<meta property=\"og:url\" content=\"https:\/\/cigarpackagingbags.com\/es\/wholesale-cigar-travel-humidor-cedar-wood-leather-cigar-case-with-cigar-accessories-gift-set\/\" \/>\n<meta property=\"og:site_name\" content=\"HP Tobacco &amp; Cigar bags | Cigar Humidor Bags | Cigar Packaging Bags Solution\" \/>\n<meta property=\"article:publisher\" content=\"https:\/\/www.facebook.com\/profile.php?id=100083059694645\" \/>\n<meta property=\"article:modified_time\" content=\"2024-02-27T08:33:25+00:00\" \/>\n<meta property=\"og:image\" content=\"https:\/\/cigarpackagingbags.com\/wp-content\/uploads\/2024\/02\/cigar-humidor-box-2.jpg\" \/>\n\t<meta property=\"og:image:width\" content=\"800\" \/>\n\t<meta property=\"og:image:height\" content=\"800\" \/>\n\t<meta property=\"og:image:type\" content=\"image\/jpeg\" \/>\n<meta name=\"twitter:card\" content=\"summary_large_image\" \/>\n<meta name=\"twitter:label1\" content=\"Tiempo de lectura\" \/>\n\t<meta name=\"twitter:data1\" content=\"2 minutos\" \/>\n<script type=\"application\/ld+json\" class=\"yoast-schema-graph\">{\"@context\":\"https:\/\/schema.org\",\"@graph\":[{\"@type\":\"WebPage\",\"@id\":\"https:\/\/cigarpackagingbags.com\/wholesale-cigar-travel-humidor-cedar-wood-leather-cigar-case-with-cigar-accessories-gift-set\/\",\"url\":\"https:\/\/cigarpackagingbags.com\/wholesale-cigar-travel-humidor-cedar-wood-leather-cigar-case-with-cigar-accessories-gift-set\/\",\"name\":\"Wholesale Cigar Travel Humidor Cedar Wood Leather Cigar Case with Cigar Accessories Gift Set - HP Tobacco &amp; Cigar bags | Cigar Humidor Bags | Cigar Packaging Bags Solution\",\"isPartOf\":{\"@id\":\"https:\/\/cigarpackagingbags.com\/#website\"},\"primaryImageOfPage\":{\"@id\":\"https:\/\/cigarpackagingbags.com\/wholesale-cigar-travel-humidor-cedar-wood-leather-cigar-case-with-cigar-accessories-gift-set\/#primaryimage\"},\"image\":{\"@id\":\"https:\/\/cigarpackagingbags.com\/wholesale-cigar-travel-humidor-cedar-wood-leather-cigar-case-with-cigar-accessories-gift-set\/#primaryimage\"},\"thumbnailUrl\":\"https:\/\/cigarpackagingbags.com\/wp-content\/uploads\/2024\/02\/cigar-humidor-box-2.jpg\",\"datePublished\":\"2024-02-27T08:31:35+00:00\",\"dateModified\":\"2024-02-27T08:33:25+00:00\",\"description\":\"Wholesale Cigar Travel Humidor Cedar Wood Leather Cigar Case with Cigar Accessories Gift Set, welcome to send your inquiry for more details.\",\"breadcrumb\":{\"@id\":\"https:\/\/cigarpackagingbags.com\/wholesale-cigar-travel-humidor-cedar-wood-leather-cigar-case-with-cigar-accessories-gift-set\/#breadcrumb\"},\"inLanguage\":\"es-CO\",\"potentialAction\":[{\"@type\":\"ReadAction\",\"target\":[\"https:\/\/cigarpackagingbags.com\/wholesale-cigar-travel-humidor-cedar-wood-leather-cigar-case-with-cigar-accessories-gift-set\/\"]}]},{\"@type\":\"ImageObject\",\"inLanguage\":\"es-CO\",\"@id\":\"https:\/\/cigarpackagingbags.com\/wholesale-cigar-travel-humidor-cedar-wood-leather-cigar-case-with-cigar-accessories-gift-set\/#primaryimage\",\"url\":\"https:\/\/cigarpackagingbags.com\/wp-content\/uploads\/2024\/02\/cigar-humidor-box-2.jpg\",\"contentUrl\":\"https:\/\/cigarpackagingbags.com\/wp-content\/uploads\/2024\/02\/cigar-humidor-box-2.jpg\",\"width\":800,\"height\":800,\"caption\":\"Cigar Humidor Box\"},{\"@type\":\"BreadcrumbList\",\"@id\":\"https:\/\/cigarpackagingbags.com\/wholesale-cigar-travel-humidor-cedar-wood-leather-cigar-case-with-cigar-accessories-gift-set\/#breadcrumb\",\"itemListElement\":[{\"@type\":\"ListItem\",\"position\":1,\"name\":\"\u9996\u9875\",\"item\":\"https:\/\/cigarpackagingbags.com\/\"},{\"@type\":\"ListItem\",\"position\":2,\"name\":\"Products\",\"item\":\"https:\/\/cigarpackagingbags.com\/products\/\"},{\"@type\":\"ListItem\",\"position\":3,\"name\":\"Wholesale Cigar Travel Humidor Cedar Wood Leather Cigar Case with Cigar Accessories Gift Set\"}]},{\"@type\":\"WebSite\",\"@id\":\"https:\/\/cigarpackagingbags.com\/#website\",\"url\":\"https:\/\/cigarpackagingbags.com\/\",\"name\":\"HP Tobacco &amp; Cigar bags | Cigar Humidor Bags | Cigar Packaging Bags Solution\",\"description\":\"Custom Tobacco &amp; Cigar Bags With Good Price\",\"publisher\":{\"@id\":\"https:\/\/cigarpackagingbags.com\/#organization\"},\"alternateName\":\"Cigar Humidor Bags Manufacturer\",\"potentialAction\":[{\"@type\":\"SearchAction\",\"target\":{\"@type\":\"EntryPoint\",\"urlTemplate\":\"https:\/\/cigarpackagingbags.com\/?s={search_term_string}\"},\"query-input\":{\"@type\":\"PropertyValueSpecification\",\"valueRequired\":true,\"valueName\":\"search_term_string\"}}],\"inLanguage\":\"es-CO\"},{\"@type\":\"Organization\",\"@id\":\"https:\/\/cigarpackagingbags.com\/#organization\",\"name\":\"HP Tobacco &amp; Cigar bags | Cigar Humidor Bags | Cigar Packaging Bags Solution\",\"url\":\"https:\/\/cigarpackagingbags.com\/\",\"logo\":{\"@type\":\"ImageObject\",\"inLanguage\":\"es-CO\",\"@id\":\"https:\/\/cigarpackagingbags.com\/#\/schema\/logo\/image\/\",\"url\":\"https:\/\/cigarpackagingbags.com\/wp-content\/uploads\/2023\/07\/cigar-bags-2.jpg\",\"contentUrl\":\"https:\/\/cigarpackagingbags.com\/wp-content\/uploads\/2023\/07\/cigar-bags-2.jpg\",\"width\":1001,\"height\":1001,\"caption\":\"HP Tobacco &amp; Cigar bags | Cigar Humidor Bags | Cigar Packaging Bags Solution\"},\"image\":{\"@id\":\"https:\/\/cigarpackagingbags.com\/#\/schema\/logo\/image\/\"},\"sameAs\":[\"https:\/\/www.facebook.com\/profile.php?id=100083059694645\"]}]}<\/script>\n<!-- \/ Yoast SEO plugin. -->","yoast_head_json":{"title":"Wholesale Cigar Travel Humidor Cedar Wood Leather Cigar Case with Cigar Accessories Gift Set - HP Tobacco &amp; Cigar bags | Cigar Humidor Bags | Cigar Packaging Bags Solution","description":"Wholesale Cigar Travel Humidor Cedar Wood Leather Cigar Case with Cigar Accessories Gift Set, welcome to send your inquiry for more details.","robots":{"index":"index","follow":"follow","max-snippet":"max-snippet:-1","max-image-preview":"max-image-preview:large","max-video-preview":"max-video-preview:-1"},"canonical":"https:\/\/cigarpackagingbags.com\/es\/wholesale-cigar-travel-humidor-cedar-wood-leather-cigar-case-with-cigar-accessories-gift-set\/","og_locale":"es_ES","og_type":"article","og_title":"Wholesale Cigar Travel Humidor Cedar Wood Leather Cigar Case with Cigar Accessories Gift Set - HP Tobacco &amp; Cigar bags | Cigar Humidor Bags | Cigar Packaging Bags Solution","og_description":"Wholesale Cigar Travel Humidor Cedar Wood Leather Cigar Case with Cigar Accessories Gift Set, welcome to send your inquiry for more details.","og_url":"https:\/\/cigarpackagingbags.com\/es\/wholesale-cigar-travel-humidor-cedar-wood-leather-cigar-case-with-cigar-accessories-gift-set\/","og_site_name":"HP Tobacco &amp; Cigar bags | Cigar Humidor Bags | Cigar Packaging Bags Solution","article_publisher":"https:\/\/www.facebook.com\/profile.php?id=100083059694645","article_modified_time":"2024-02-27T08:33:25+00:00","og_image":[{"width":800,"height":800,"url":"https:\/\/cigarpackagingbags.com\/wp-content\/uploads\/2024\/02\/cigar-humidor-box-2.jpg","type":"image\/jpeg"}],"twitter_card":"summary_large_image","twitter_misc":{"Tiempo de lectura":"2 minutos"},"schema":{"@context":"https:\/\/schema.org","@graph":[{"@type":"WebPage","@id":"https:\/\/cigarpackagingbags.com\/wholesale-cigar-travel-humidor-cedar-wood-leather-cigar-case-with-cigar-accessories-gift-set\/","url":"https:\/\/cigarpackagingbags.com\/wholesale-cigar-travel-humidor-cedar-wood-leather-cigar-case-with-cigar-accessories-gift-set\/","name":"Wholesale Cigar Travel Humidor Cedar Wood Leather Cigar Case with Cigar Accessories Gift Set - HP Tobacco &amp; Cigar bags | Cigar Humidor Bags | Cigar Packaging Bags Solution","isPartOf":{"@id":"https:\/\/cigarpackagingbags.com\/#website"},"primaryImageOfPage":{"@id":"https:\/\/cigarpackagingbags.com\/wholesale-cigar-travel-humidor-cedar-wood-leather-cigar-case-with-cigar-accessories-gift-set\/#primaryimage"},"image":{"@id":"https:\/\/cigarpackagingbags.com\/wholesale-cigar-travel-humidor-cedar-wood-leather-cigar-case-with-cigar-accessories-gift-set\/#primaryimage"},"thumbnailUrl":"https:\/\/cigarpackagingbags.com\/wp-content\/uploads\/2024\/02\/cigar-humidor-box-2.jpg","datePublished":"2024-02-27T08:31:35+00:00","dateModified":"2024-02-27T08:33:25+00:00","description":"Wholesale Cigar Travel Humidor Cedar Wood Leather Cigar Case with Cigar Accessories Gift Set, welcome to send your inquiry for more details.","breadcrumb":{"@id":"https:\/\/cigarpackagingbags.com\/wholesale-cigar-travel-humidor-cedar-wood-leather-cigar-case-with-cigar-accessories-gift-set\/#breadcrumb"},"inLanguage":"es-CO","potentialAction":[{"@type":"ReadAction","target":["https:\/\/cigarpackagingbags.com\/wholesale-cigar-travel-humidor-cedar-wood-leather-cigar-case-with-cigar-accessories-gift-set\/"]}]},{"@type":"ImageObject","inLanguage":"es-CO","@id":"https:\/\/cigarpackagingbags.com\/wholesale-cigar-travel-humidor-cedar-wood-leather-cigar-case-with-cigar-accessories-gift-set\/#primaryimage","url":"https:\/\/cigarpackagingbags.com\/wp-content\/uploads\/2024\/02\/cigar-humidor-box-2.jpg","contentUrl":"https:\/\/cigarpackagingbags.com\/wp-content\/uploads\/2024\/02\/cigar-humidor-box-2.jpg","width":800,"height":800,"caption":"Cigar Humidor Box"},{"@type":"BreadcrumbList","@id":"https:\/\/cigarpackagingbags.com\/wholesale-cigar-travel-humidor-cedar-wood-leather-cigar-case-with-cigar-accessories-gift-set\/#breadcrumb","itemListElement":[{"@type":"ListItem","position":1,"name":"\u9996\u9875","item":"https:\/\/cigarpackagingbags.com\/"},{"@type":"ListItem","position":2,"name":"Products","item":"https:\/\/cigarpackagingbags.com\/products\/"},{"@type":"ListItem","position":3,"name":"Wholesale Cigar Travel Humidor Cedar Wood Leather Cigar Case with Cigar Accessories Gift Set"}]},{"@type":"WebSite","@id":"https:\/\/cigarpackagingbags.com\/#website","url":"https:\/\/cigarpackagingbags.com\/","name":"HP Bolsas para tabaco y puros | Bolsas para humidores de puros | Soluci\u00f3n de bolsas para el empaquetado de puros","description":"Bolsas personalizadas para tabaco y puros a buen precio","publisher":{"@id":"https:\/\/cigarpackagingbags.com\/#organization"},"alternateName":"Cigar Humidor Bags Manufacturer","potentialAction":[{"@type":"SearchAction","target":{"@type":"EntryPoint","urlTemplate":"https:\/\/cigarpackagingbags.com\/?s={search_term_string}"},"query-input":{"@type":"PropertyValueSpecification","valueRequired":true,"valueName":"search_term_string"}}],"inLanguage":"es-CO"},{"@type":"Organization","@id":"https:\/\/cigarpackagingbags.com\/#organization","name":"HP Bolsas para tabaco y puros | Bolsas para humidores de puros | Soluci\u00f3n de bolsas para el empaquetado de puros","url":"https:\/\/cigarpackagingbags.com\/","logo":{"@type":"ImageObject","inLanguage":"es-CO","@id":"https:\/\/cigarpackagingbags.com\/#\/schema\/logo\/image\/","url":"https:\/\/cigarpackagingbags.com\/wp-content\/uploads\/2023\/07\/cigar-bags-2.jpg","contentUrl":"https:\/\/cigarpackagingbags.com\/wp-content\/uploads\/2023\/07\/cigar-bags-2.jpg","width":1001,"height":1001,"caption":"HP Tobacco &amp; Cigar bags | Cigar Humidor Bags | Cigar Packaging Bags Solution"},"image":{"@id":"https:\/\/cigarpackagingbags.com\/#\/schema\/logo\/image\/"},"sameAs":["https:\/\/www.facebook.com\/profile.php?id=100083059694645"]}]}},"_links":{"self":[{"href":"https:\/\/cigarpackagingbags.com\/es\/wp-json\/wp\/v2\/product\/1081","targetHints":{"allow":["GET"]}}],"collection":[{"href":"https:\/\/cigarpackagingbags.com\/es\/wp-json\/wp\/v2\/product"}],"about":[{"href":"https:\/\/cigarpackagingbags.com\/es\/wp-json\/wp\/v2\/types\/product"}],"replies":[{"embeddable":true,"href":"https:\/\/cigarpackagingbags.com\/es\/wp-json\/wp\/v2\/comments?post=1081"}],"wp:featuredmedia":[{"embeddable":true,"href":"https:\/\/cigarpackagingbags.com\/es\/wp-json\/wp\/v2\/media\/1080"}],"wp:attachment":[{"href":"https:\/\/cigarpackagingbags.com\/es\/wp-json\/wp\/v2\/media?parent=1081"}],"wp:term":[{"taxonomy":"product_brand","embeddable":true,"href":"https:\/\/cigarpackagingbags.com\/es\/wp-json\/wp\/v2\/product_brand?post=1081"},{"taxonomy":"product_cat","embeddable":true,"href":"https:\/\/cigarpackagingbags.com\/es\/wp-json\/wp\/v2\/product_cat?post=1081"},{"taxonomy":"product_tag","embeddable":true,"href":"https:\/\/cigarpackagingbags.com\/es\/wp-json\/wp\/v2\/product_tag?post=1081"}],"curies":[{"name":"wp","href":"https:\/\/api.w.org\/{rel}","templated":true}]}}