{"id":1031,"date":"2023-10-23T05:37:42","date_gmt":"2023-10-23T05:37:42","guid":{"rendered":"https:\/\/cigarpackagingbags.com\/?post_type=product&#038;p=1031"},"modified":"2023-10-23T05:44:59","modified_gmt":"2023-10-23T05:44:59","slug":"printed-polyethylene-slide-seal-lock-cigar-bags-10-x-5","status":"publish","type":"product","link":"https:\/\/cigarpackagingbags.com\/es\/printed-polyethylene-slide-seal-lock-cigar-bags-10-x-5\/","title":{"rendered":"Polietileno impreso a medida Sl"},"content":{"rendered":"<ul>\n<li class=\"a-spacing-mini\"><span class=\"a-list-item\">100 PAQUETES DE BOLSAS DE PL\u00c1STICO ZIP 10 x 5 pulgadas: La bolsa para puros de polietileno mantiene sus puros secos y sabrosos, utilizando cierre superior deslizante, \u00a1evitando cualquier olor lateral! Las bolsas de pl\u00e1stico transparente de 3 mil proporcionan una protecci\u00f3n duradera contra diversos impactos y conservan los puros como nuevos.<\/span><\/li>\n<li class=\"a-spacing-mini\"><span class=\"a-list-item\">BOLSAS ZIP DURADERAS: Las bolsas de pl\u00e1stico con cierre est\u00e1n fabricadas con LDPE. Las bolsas de pl\u00e1stico con cierre son impermeables. Las mini bolsas de pl\u00e1stico garantizan la seguridad de sus puros frente a la humedad, ayud\u00e1ndole a disfrutar de sus regalos para puros para hombres y mujeres mucho m\u00e1s tiempo. Las bolsitas de pl\u00e1stico son un gran complemento para sus accesorios de fumador.<\/span><\/li>\n<li class=\"a-spacing-mini\"><span class=\"a-list-item\">RETENCI\u00d3N DEL OLOR: Las bolsas de pl\u00e1stico para puros permiten guardarlos f\u00e1cilmente, manteni\u00e9ndolos frescos. Las peque\u00f1as bolsas de polietileno mantienen alejados el ox\u00edgeno y la humedad. Las mini bolsas zip de 3 mil de grosor mantienen todo el aroma en su interior. Las bolsas peque\u00f1as de pl\u00e1stico transparente para puros son una elecci\u00f3n de confianza para todo fumador.<\/span><\/li>\n<li>ATENCI\u00d3N A LOS DETALLES: La bolsa de pl\u00e1stico resellable tiene un dise\u00f1o de moda con \"Fine Cigars\" impreso en ella. Las bolsitas de pl\u00e1stico tienen un cierre herm\u00e9tico y un material de polietileno de gran claridad. Extra apretado, flexible, suave peque\u00f1as bolsas con cremallera son ideales para su caja de cigarros de viaje.<\/li>\n<li class=\"a-spacing-mini\"><span class=\"a-list-item\">ENVASADO DE REGALOS PARA HOMBRES: Los regalos de Navidad deben ser conmovedores, incluidos los regalos para pap\u00e1, al que le encantan los puros. \u00bfO busca regalos para empleados? Parece que a los fumadores de puros les encantar\u00edan las bolsas de pl\u00e1stico transparentes con cremallera como regalo para Navidad. Los regalos para hombre deben ser geniales \u00a1Hacer una adici\u00f3n a stocking stuffers!<\/span><\/li>\n<\/ul>","protected":false},"excerpt":{"rendered":"<ol>\n<li>Tama\u00f1o:10\u00d75\u2033;<\/li>\n<li>Precio: USD0.02~0.6<\/li>\n<li>Dise\u00f1o de impresi\u00f3n: Personalizaci\u00f3n<\/li>\n<li>MOQ:20000pcs<\/li>\n<li>Materiales: Polietileno de baja densidad<\/li>\n<li>Caracter\u00edstica:reutilizable y reciclable<\/li>\n<li>Tipo:Cierre de cremallera de una v\u00eda<\/li>\n<li>Plazo de entrega: 21 d\u00edas tras la confirmaci\u00f3n del pago<\/li>\n<li>T\u00e9rmino del precio: EXW,CFN,CIF,DDP,etc.<\/li>\n<li>Pagos: T\/T,Visa,Paypal,etc.<\/li>\n<\/ol>","protected":false},"featured_media":1033,"comment_status":"open","ping_status":"closed","template":"","meta":{"_kadence_starter_templates_imported_post":false,"_kad_post_transparent":"default","_kad_post_title":"","_kad_post_layout":"default","_kad_post_sidebar_id":"","_kad_post_content_style":"default","_kad_post_vertical_padding":"default","_kad_post_feature":"","_kad_post_feature_position":"","_kad_post_header":false,"_kad_post_footer":false},"product_brand":[],"product_cat":[22],"product_tag":[],"class_list":{"0":"post-1031","1":"product","2":"type-product","3":"status-publish","4":"has-post-thumbnail","6":"product_cat-cigar-packaging-bags","8":"first","9":"instock","10":"shipping-taxable","11":"product-type-simple","12":"entry","13":"content-bg","14":"loop-entry"},"yoast_head":"<!-- This site is optimized with the Yoast SEO plugin v27.2 - https:\/\/yoast.com\/product\/yoast-seo-wordpress\/ -->\n<title>Custom Printed Polyethylene Slide Seal Lock Cigar Bags 10 x 5 HP Tobacco &amp; Cigar bags | Cigar Humidor Bags | Cigar Packaging Bags Solution<\/title>\n<meta name=\"description\" content=\"China zip lock cigar bags manufacturer, produce zip lock cigar bags, cigar humidor bags and all kinds of plastic cigar packaging bags\" \/>\n<meta name=\"robots\" content=\"index, follow, max-snippet:-1, max-image-preview:large, max-video-preview:-1\" \/>\n<link rel=\"canonical\" href=\"https:\/\/cigarpackagingbags.com\/es\/printed-polyethylene-slide-seal-lock-cigar-bags-10-x-5\/\" \/>\n<meta property=\"og:locale\" content=\"es_ES\" \/>\n<meta property=\"og:type\" content=\"article\" \/>\n<meta property=\"og:title\" content=\"Custom Printed Polyethylene Slide Seal Lock Cigar Bags 10 x 5 HP Tobacco &amp; Cigar bags | Cigar Humidor Bags | Cigar Packaging Bags Solution\" \/>\n<meta property=\"og:description\" content=\"China zip lock cigar bags manufacturer, produce zip lock cigar bags, cigar humidor bags and all kinds of plastic cigar packaging bags\" \/>\n<meta property=\"og:url\" content=\"https:\/\/cigarpackagingbags.com\/es\/printed-polyethylene-slide-seal-lock-cigar-bags-10-x-5\/\" \/>\n<meta property=\"og:site_name\" content=\"HP Tobacco &amp; Cigar bags | Cigar Humidor Bags | Cigar Packaging Bags Solution\" \/>\n<meta property=\"article:publisher\" content=\"https:\/\/www.facebook.com\/profile.php?id=100083059694645\" \/>\n<meta property=\"article:modified_time\" content=\"2023-10-23T05:44:59+00:00\" \/>\n<meta property=\"og:image\" content=\"https:\/\/cigarpackagingbags.com\/wp-content\/uploads\/2023\/10\/fine-tobacco-side-seal-lock-bag.jpg\" \/>\n\t<meta property=\"og:image:width\" content=\"640\" \/>\n\t<meta property=\"og:image:height\" content=\"640\" \/>\n\t<meta property=\"og:image:type\" content=\"image\/jpeg\" \/>\n<meta name=\"twitter:card\" content=\"summary_large_image\" \/>\n<meta name=\"twitter:label1\" content=\"Tiempo de lectura\" \/>\n\t<meta name=\"twitter:data1\" content=\"1 minuto\" \/>\n<script type=\"application\/ld+json\" class=\"yoast-schema-graph\">{\"@context\":\"https:\/\/schema.org\",\"@graph\":[{\"@type\":\"WebPage\",\"@id\":\"https:\/\/cigarpackagingbags.com\/printed-polyethylene-slide-seal-lock-cigar-bags-10-x-5\/\",\"url\":\"https:\/\/cigarpackagingbags.com\/printed-polyethylene-slide-seal-lock-cigar-bags-10-x-5\/\",\"name\":\"Custom Printed Polyethylene Slide Seal Lock Cigar Bags 10 x 5 HP Tobacco &amp; Cigar bags | Cigar Humidor Bags | Cigar Packaging Bags Solution\",\"isPartOf\":{\"@id\":\"https:\/\/cigarpackagingbags.com\/#website\"},\"primaryImageOfPage\":{\"@id\":\"https:\/\/cigarpackagingbags.com\/printed-polyethylene-slide-seal-lock-cigar-bags-10-x-5\/#primaryimage\"},\"image\":{\"@id\":\"https:\/\/cigarpackagingbags.com\/printed-polyethylene-slide-seal-lock-cigar-bags-10-x-5\/#primaryimage\"},\"thumbnailUrl\":\"https:\/\/cigarpackagingbags.com\/wp-content\/uploads\/2023\/10\/fine-tobacco-side-seal-lock-bag.jpg\",\"datePublished\":\"2023-10-23T05:37:42+00:00\",\"dateModified\":\"2023-10-23T05:44:59+00:00\",\"description\":\"China zip lock cigar bags manufacturer, produce zip lock cigar bags, cigar humidor bags and all kinds of plastic cigar packaging bags\",\"breadcrumb\":{\"@id\":\"https:\/\/cigarpackagingbags.com\/printed-polyethylene-slide-seal-lock-cigar-bags-10-x-5\/#breadcrumb\"},\"inLanguage\":\"es-CO\",\"potentialAction\":[{\"@type\":\"ReadAction\",\"target\":[\"https:\/\/cigarpackagingbags.com\/printed-polyethylene-slide-seal-lock-cigar-bags-10-x-5\/\"]}]},{\"@type\":\"ImageObject\",\"inLanguage\":\"es-CO\",\"@id\":\"https:\/\/cigarpackagingbags.com\/printed-polyethylene-slide-seal-lock-cigar-bags-10-x-5\/#primaryimage\",\"url\":\"https:\/\/cigarpackagingbags.com\/wp-content\/uploads\/2023\/10\/fine-tobacco-side-seal-lock-bag.jpg\",\"contentUrl\":\"https:\/\/cigarpackagingbags.com\/wp-content\/uploads\/2023\/10\/fine-tobacco-side-seal-lock-bag.jpg\",\"width\":640,\"height\":640,\"caption\":\"zip lock cigar bag\"},{\"@type\":\"BreadcrumbList\",\"@id\":\"https:\/\/cigarpackagingbags.com\/printed-polyethylene-slide-seal-lock-cigar-bags-10-x-5\/#breadcrumb\",\"itemListElement\":[{\"@type\":\"ListItem\",\"position\":1,\"name\":\"\u9996\u9875\",\"item\":\"https:\/\/cigarpackagingbags.com\/\"},{\"@type\":\"ListItem\",\"position\":2,\"name\":\"Products\",\"item\":\"https:\/\/cigarpackagingbags.com\/products\/\"},{\"@type\":\"ListItem\",\"position\":3,\"name\":\"Custom Printed Polyethylene Slide Seal Lock Cigar Bags 10 x 5\"}]},{\"@type\":\"WebSite\",\"@id\":\"https:\/\/cigarpackagingbags.com\/#website\",\"url\":\"https:\/\/cigarpackagingbags.com\/\",\"name\":\"HP Tobacco &amp; Cigar bags | Cigar Humidor Bags | Cigar Packaging Bags Solution\",\"description\":\"Custom Tobacco &amp; Cigar Bags With Good Price\",\"publisher\":{\"@id\":\"https:\/\/cigarpackagingbags.com\/#organization\"},\"alternateName\":\"Cigar Humidor Bags Manufacturer\",\"potentialAction\":[{\"@type\":\"SearchAction\",\"target\":{\"@type\":\"EntryPoint\",\"urlTemplate\":\"https:\/\/cigarpackagingbags.com\/?s={search_term_string}\"},\"query-input\":{\"@type\":\"PropertyValueSpecification\",\"valueRequired\":true,\"valueName\":\"search_term_string\"}}],\"inLanguage\":\"es-CO\"},{\"@type\":\"Organization\",\"@id\":\"https:\/\/cigarpackagingbags.com\/#organization\",\"name\":\"HP Tobacco &amp; Cigar bags | Cigar Humidor Bags | Cigar Packaging Bags Solution\",\"url\":\"https:\/\/cigarpackagingbags.com\/\",\"logo\":{\"@type\":\"ImageObject\",\"inLanguage\":\"es-CO\",\"@id\":\"https:\/\/cigarpackagingbags.com\/#\/schema\/logo\/image\/\",\"url\":\"https:\/\/cigarpackagingbags.com\/wp-content\/uploads\/2023\/07\/cigar-bags-2.jpg\",\"contentUrl\":\"https:\/\/cigarpackagingbags.com\/wp-content\/uploads\/2023\/07\/cigar-bags-2.jpg\",\"width\":1001,\"height\":1001,\"caption\":\"HP Tobacco &amp; Cigar bags | Cigar Humidor Bags | Cigar Packaging Bags Solution\"},\"image\":{\"@id\":\"https:\/\/cigarpackagingbags.com\/#\/schema\/logo\/image\/\"},\"sameAs\":[\"https:\/\/www.facebook.com\/profile.php?id=100083059694645\"]}]}<\/script>\n<!-- \/ Yoast SEO plugin. -->","yoast_head_json":{"title":"Custom Printed Polyethylene Slide Seal Lock Cigar Bags 10 x 5 HP Tobacco &amp; Cigar bags | Cigar Humidor Bags | Cigar Packaging Bags Solution","description":"China zip lock cigar bags manufacturer, produce zip lock cigar bags, cigar humidor bags and all kinds of plastic cigar packaging bags","robots":{"index":"index","follow":"follow","max-snippet":"max-snippet:-1","max-image-preview":"max-image-preview:large","max-video-preview":"max-video-preview:-1"},"canonical":"https:\/\/cigarpackagingbags.com\/es\/printed-polyethylene-slide-seal-lock-cigar-bags-10-x-5\/","og_locale":"es_ES","og_type":"article","og_title":"Custom Printed Polyethylene Slide Seal Lock Cigar Bags 10 x 5 HP Tobacco &amp; Cigar bags | Cigar Humidor Bags | Cigar Packaging Bags Solution","og_description":"China zip lock cigar bags manufacturer, produce zip lock cigar bags, cigar humidor bags and all kinds of plastic cigar packaging bags","og_url":"https:\/\/cigarpackagingbags.com\/es\/printed-polyethylene-slide-seal-lock-cigar-bags-10-x-5\/","og_site_name":"HP Tobacco &amp; Cigar bags | Cigar Humidor Bags | Cigar Packaging Bags Solution","article_publisher":"https:\/\/www.facebook.com\/profile.php?id=100083059694645","article_modified_time":"2023-10-23T05:44:59+00:00","og_image":[{"width":640,"height":640,"url":"https:\/\/cigarpackagingbags.com\/wp-content\/uploads\/2023\/10\/fine-tobacco-side-seal-lock-bag.jpg","type":"image\/jpeg"}],"twitter_card":"summary_large_image","twitter_misc":{"Tiempo de lectura":"1 minuto"},"schema":{"@context":"https:\/\/schema.org","@graph":[{"@type":"WebPage","@id":"https:\/\/cigarpackagingbags.com\/printed-polyethylene-slide-seal-lock-cigar-bags-10-x-5\/","url":"https:\/\/cigarpackagingbags.com\/printed-polyethylene-slide-seal-lock-cigar-bags-10-x-5\/","name":"Custom Printed Polyethylene Slide Seal Lock Cigar Bags 10 x 5 HP Tobacco &amp; Cigar bags | Cigar Humidor Bags | Cigar Packaging Bags Solution","isPartOf":{"@id":"https:\/\/cigarpackagingbags.com\/#website"},"primaryImageOfPage":{"@id":"https:\/\/cigarpackagingbags.com\/printed-polyethylene-slide-seal-lock-cigar-bags-10-x-5\/#primaryimage"},"image":{"@id":"https:\/\/cigarpackagingbags.com\/printed-polyethylene-slide-seal-lock-cigar-bags-10-x-5\/#primaryimage"},"thumbnailUrl":"https:\/\/cigarpackagingbags.com\/wp-content\/uploads\/2023\/10\/fine-tobacco-side-seal-lock-bag.jpg","datePublished":"2023-10-23T05:37:42+00:00","dateModified":"2023-10-23T05:44:59+00:00","description":"China zip lock cigar bags manufacturer, produce zip lock cigar bags, cigar humidor bags and all kinds of plastic cigar packaging bags","breadcrumb":{"@id":"https:\/\/cigarpackagingbags.com\/printed-polyethylene-slide-seal-lock-cigar-bags-10-x-5\/#breadcrumb"},"inLanguage":"es-CO","potentialAction":[{"@type":"ReadAction","target":["https:\/\/cigarpackagingbags.com\/printed-polyethylene-slide-seal-lock-cigar-bags-10-x-5\/"]}]},{"@type":"ImageObject","inLanguage":"es-CO","@id":"https:\/\/cigarpackagingbags.com\/printed-polyethylene-slide-seal-lock-cigar-bags-10-x-5\/#primaryimage","url":"https:\/\/cigarpackagingbags.com\/wp-content\/uploads\/2023\/10\/fine-tobacco-side-seal-lock-bag.jpg","contentUrl":"https:\/\/cigarpackagingbags.com\/wp-content\/uploads\/2023\/10\/fine-tobacco-side-seal-lock-bag.jpg","width":640,"height":640,"caption":"zip lock cigar bag"},{"@type":"BreadcrumbList","@id":"https:\/\/cigarpackagingbags.com\/printed-polyethylene-slide-seal-lock-cigar-bags-10-x-5\/#breadcrumb","itemListElement":[{"@type":"ListItem","position":1,"name":"\u9996\u9875","item":"https:\/\/cigarpackagingbags.com\/"},{"@type":"ListItem","position":2,"name":"Products","item":"https:\/\/cigarpackagingbags.com\/products\/"},{"@type":"ListItem","position":3,"name":"Custom Printed Polyethylene Slide Seal Lock Cigar Bags 10 x 5"}]},{"@type":"WebSite","@id":"https:\/\/cigarpackagingbags.com\/#website","url":"https:\/\/cigarpackagingbags.com\/","name":"HP Bolsas para tabaco y puros | Bolsas para humidores de puros | Soluci\u00f3n de bolsas para el empaquetado de puros","description":"Bolsas personalizadas para tabaco y puros a buen precio","publisher":{"@id":"https:\/\/cigarpackagingbags.com\/#organization"},"alternateName":"Cigar Humidor Bags Manufacturer","potentialAction":[{"@type":"SearchAction","target":{"@type":"EntryPoint","urlTemplate":"https:\/\/cigarpackagingbags.com\/?s={search_term_string}"},"query-input":{"@type":"PropertyValueSpecification","valueRequired":true,"valueName":"search_term_string"}}],"inLanguage":"es-CO"},{"@type":"Organization","@id":"https:\/\/cigarpackagingbags.com\/#organization","name":"HP Bolsas para tabaco y puros | Bolsas para humidores de puros | Soluci\u00f3n de bolsas para el empaquetado de puros","url":"https:\/\/cigarpackagingbags.com\/","logo":{"@type":"ImageObject","inLanguage":"es-CO","@id":"https:\/\/cigarpackagingbags.com\/#\/schema\/logo\/image\/","url":"https:\/\/cigarpackagingbags.com\/wp-content\/uploads\/2023\/07\/cigar-bags-2.jpg","contentUrl":"https:\/\/cigarpackagingbags.com\/wp-content\/uploads\/2023\/07\/cigar-bags-2.jpg","width":1001,"height":1001,"caption":"HP Tobacco &amp; Cigar bags | Cigar Humidor Bags | Cigar Packaging Bags Solution"},"image":{"@id":"https:\/\/cigarpackagingbags.com\/#\/schema\/logo\/image\/"},"sameAs":["https:\/\/www.facebook.com\/profile.php?id=100083059694645"]}]}},"_links":{"self":[{"href":"https:\/\/cigarpackagingbags.com\/es\/wp-json\/wp\/v2\/product\/1031","targetHints":{"allow":["GET"]}}],"collection":[{"href":"https:\/\/cigarpackagingbags.com\/es\/wp-json\/wp\/v2\/product"}],"about":[{"href":"https:\/\/cigarpackagingbags.com\/es\/wp-json\/wp\/v2\/types\/product"}],"replies":[{"embeddable":true,"href":"https:\/\/cigarpackagingbags.com\/es\/wp-json\/wp\/v2\/comments?post=1031"}],"wp:featuredmedia":[{"embeddable":true,"href":"https:\/\/cigarpackagingbags.com\/es\/wp-json\/wp\/v2\/media\/1033"}],"wp:attachment":[{"href":"https:\/\/cigarpackagingbags.com\/es\/wp-json\/wp\/v2\/media?parent=1031"}],"wp:term":[{"taxonomy":"product_brand","embeddable":true,"href":"https:\/\/cigarpackagingbags.com\/es\/wp-json\/wp\/v2\/product_brand?post=1031"},{"taxonomy":"product_cat","embeddable":true,"href":"https:\/\/cigarpackagingbags.com\/es\/wp-json\/wp\/v2\/product_cat?post=1031"},{"taxonomy":"product_tag","embeddable":true,"href":"https:\/\/cigarpackagingbags.com\/es\/wp-json\/wp\/v2\/product_tag?post=1031"}],"curies":[{"name":"wp","href":"https:\/\/api.w.org\/{rel}","templated":true}]}}