{"id":939,"date":"2023-08-24T08:45:07","date_gmt":"2023-08-24T08:45:07","guid":{"rendered":"https:\/\/cigarpackagingbags.com\/?post_type=product&#038;p=939"},"modified":"2023-08-24T08:51:02","modified_gmt":"2023-08-24T08:51:02","slug":"tobacco-imprint-zip-lock-bags","status":"publish","type":"product","link":"https:\/\/cigarpackagingbags.com\/de\/produkt\/tobacco-imprint-zip-lock-bags\/","title":{"rendered":"Individuelle wiederverwendbare Tabakspritze"},"content":{"rendered":"<ol>\n<li>Material: Polyethylen niedriger Dichte<\/li>\n<li>Druckdesign:Individualisierung<\/li>\n<li>Das Produkt ist wiederverwendbar und recycelbar<\/li>\n<li>Typ: Einspurige Rei\u00dfverschlussverriegelung<\/li>\n<\/ol>\n<p>Diese Beutel sind aus hochwertigen Materialien hergestellt und k\u00f6nnen problemlos eine gro\u00dfe Menge Tabak aufbewahren, w\u00e4hrend sie ihn frisch halten. Auf der Vorderseite des Beutels ist \"Fine Tobacco\" aufgedruckt, der etwa 3 ml dick ist. Der wiederverschlie\u00dfbare Beutel mit Rei\u00dfverschluss h\u00e4lt den Tabak sicher und verhindert au\u00dferdem, dass Feuchtigkeit und Sauerstoff ins Innere gelangen. So k\u00f6nnen Sie den Tabak einfach in diesem Beutel aufbewahren und ihn die ganze Zeit \u00fcber frisch halten.<\/p>","protected":false},"excerpt":{"rendered":"<ol>\n<li>Gr\u00f6\u00dfe:6\u00d78\u2033;6\u00d710\u2033;8\u00d710\u2033; Anpassung<\/li>\n<li>Preis: USD0,02~0,6<\/li>\n<li>Druckdesign: Personalisierung<\/li>\n<li>MOQ:20000St\u00fcck<\/li>\n<li>Materialien: Polyethylen niedriger Dichte<\/li>\n<li>Merkmal:wiederverwendbar und recycelbar<\/li>\n<li>Typ:Einspurige Rei\u00dfverschlussverriegelung<\/li>\n<li>Lieferzeit:21 Tage nach best\u00e4tigter Zahlung<\/li>\n<li>Preis Begriff: EXW,CFN,CIF,DDP,etc.<\/li>\n<li>Zahlungen: T\/T, Visa, Paypal, etc.<\/li>\n<\/ol>","protected":false},"featured_media":928,"comment_status":"open","ping_status":"closed","template":"","meta":{"_kadence_starter_templates_imported_post":false,"_kad_post_transparent":"default","_kad_post_title":"","_kad_post_layout":"default","_kad_post_sidebar_id":"","_kad_post_content_style":"default","_kad_post_vertical_padding":"default","_kad_post_feature":"","_kad_post_feature_position":"","_kad_post_header":false,"_kad_post_footer":false},"product_brand":[],"product_cat":[22],"product_tag":[],"class_list":{"0":"post-939","1":"product","2":"type-product","3":"status-publish","4":"has-post-thumbnail","6":"product_cat-cigar-packaging-bags","8":"first","9":"instock","10":"shipping-taxable","11":"product-type-simple","12":"entry","13":"content-bg","14":"loop-entry"},"yoast_head":"<!-- This site is optimized with the Yoast SEO plugin v27.2 - https:\/\/yoast.com\/product\/yoast-seo-wordpress\/ -->\n<title>Custom Reusable Tobacco Imprint Zip lock Bags HP Tobacco &amp; Cigar bags | Cigar Humidor Bags | Cigar Packaging Bags Solution<\/title>\n<meta name=\"description\" content=\"China zip lock tobacco manufacturer, produce zip lock cigar bags, cigar humidor bags and all kinds of plastic cigar packaging bags\" \/>\n<meta name=\"robots\" content=\"index, follow, max-snippet:-1, max-image-preview:large, max-video-preview:-1\" \/>\n<link rel=\"canonical\" href=\"https:\/\/cigarpackagingbags.com\/de\/tobacco-imprint-zip-lock-bags\/\" \/>\n<meta property=\"og:locale\" content=\"de_DE\" \/>\n<meta property=\"og:type\" content=\"article\" \/>\n<meta property=\"og:title\" content=\"Custom Reusable Tobacco Imprint Zip lock Bags HP Tobacco &amp; Cigar bags | Cigar Humidor Bags | Cigar Packaging Bags Solution\" \/>\n<meta property=\"og:description\" content=\"China zip lock tobacco manufacturer, produce zip lock cigar bags, cigar humidor bags and all kinds of plastic cigar packaging bags\" \/>\n<meta property=\"og:url\" content=\"https:\/\/cigarpackagingbags.com\/de\/tobacco-imprint-zip-lock-bags\/\" \/>\n<meta property=\"og:site_name\" content=\"HP Tobacco &amp; Cigar bags | Cigar Humidor Bags | Cigar Packaging Bags Solution\" \/>\n<meta property=\"article:publisher\" content=\"https:\/\/www.facebook.com\/profile.php?id=100083059694645\" \/>\n<meta property=\"article:modified_time\" content=\"2023-08-24T08:51:02+00:00\" \/>\n<meta property=\"og:image\" content=\"https:\/\/cigarpackagingbags.com\/wp-content\/uploads\/2023\/08\/fine-tobacco-imprint-cigar-bag.jpg\" \/>\n\t<meta property=\"og:image:width\" content=\"500\" \/>\n\t<meta property=\"og:image:height\" content=\"500\" \/>\n\t<meta property=\"og:image:type\" content=\"image\/jpeg\" \/>\n<meta name=\"twitter:card\" content=\"summary_large_image\" \/>\n<meta name=\"twitter:label1\" content=\"Gesch\u00e4tzte Lesezeit\" \/>\n\t<meta name=\"twitter:data1\" content=\"1\u00a0Minute\" \/>\n<script type=\"application\/ld+json\" class=\"yoast-schema-graph\">{\"@context\":\"https:\/\/schema.org\",\"@graph\":[{\"@type\":\"WebPage\",\"@id\":\"https:\/\/cigarpackagingbags.com\/tobacco-imprint-zip-lock-bags\/\",\"url\":\"https:\/\/cigarpackagingbags.com\/tobacco-imprint-zip-lock-bags\/\",\"name\":\"Custom Reusable Tobacco Imprint Zip lock Bags HP Tobacco &amp; Cigar bags | Cigar Humidor Bags | Cigar Packaging Bags Solution\",\"isPartOf\":{\"@id\":\"https:\/\/cigarpackagingbags.com\/#website\"},\"primaryImageOfPage\":{\"@id\":\"https:\/\/cigarpackagingbags.com\/tobacco-imprint-zip-lock-bags\/#primaryimage\"},\"image\":{\"@id\":\"https:\/\/cigarpackagingbags.com\/tobacco-imprint-zip-lock-bags\/#primaryimage\"},\"thumbnailUrl\":\"https:\/\/cigarpackagingbags.com\/wp-content\/uploads\/2023\/08\/fine-tobacco-imprint-cigar-bag.jpg\",\"datePublished\":\"2023-08-24T08:45:07+00:00\",\"dateModified\":\"2023-08-24T08:51:02+00:00\",\"description\":\"China zip lock tobacco manufacturer, produce zip lock cigar bags, cigar humidor bags and all kinds of plastic cigar packaging bags\",\"breadcrumb\":{\"@id\":\"https:\/\/cigarpackagingbags.com\/tobacco-imprint-zip-lock-bags\/#breadcrumb\"},\"inLanguage\":\"de\",\"potentialAction\":[{\"@type\":\"ReadAction\",\"target\":[\"https:\/\/cigarpackagingbags.com\/tobacco-imprint-zip-lock-bags\/\"]}]},{\"@type\":\"ImageObject\",\"inLanguage\":\"de\",\"@id\":\"https:\/\/cigarpackagingbags.com\/tobacco-imprint-zip-lock-bags\/#primaryimage\",\"url\":\"https:\/\/cigarpackagingbags.com\/wp-content\/uploads\/2023\/08\/fine-tobacco-imprint-cigar-bag.jpg\",\"contentUrl\":\"https:\/\/cigarpackagingbags.com\/wp-content\/uploads\/2023\/08\/fine-tobacco-imprint-cigar-bag.jpg\",\"width\":500,\"height\":500,\"caption\":\"fine tobacco zip lock cigar bags\"},{\"@type\":\"BreadcrumbList\",\"@id\":\"https:\/\/cigarpackagingbags.com\/tobacco-imprint-zip-lock-bags\/#breadcrumb\",\"itemListElement\":[{\"@type\":\"ListItem\",\"position\":1,\"name\":\"\u9996\u9875\",\"item\":\"https:\/\/cigarpackagingbags.com\/\"},{\"@type\":\"ListItem\",\"position\":2,\"name\":\"Products\",\"item\":\"https:\/\/cigarpackagingbags.com\/products\/\"},{\"@type\":\"ListItem\",\"position\":3,\"name\":\"Custom Reusable Tobacco Imprint Zip lock Bags\"}]},{\"@type\":\"WebSite\",\"@id\":\"https:\/\/cigarpackagingbags.com\/#website\",\"url\":\"https:\/\/cigarpackagingbags.com\/\",\"name\":\"HP Tobacco &amp; Cigar bags | Cigar Humidor Bags | Cigar Packaging Bags Solution\",\"description\":\"Custom Tobacco &amp; Cigar Bags With Good Price\",\"publisher\":{\"@id\":\"https:\/\/cigarpackagingbags.com\/#organization\"},\"alternateName\":\"Cigar Humidor Bags Manufacturer\",\"potentialAction\":[{\"@type\":\"SearchAction\",\"target\":{\"@type\":\"EntryPoint\",\"urlTemplate\":\"https:\/\/cigarpackagingbags.com\/?s={search_term_string}\"},\"query-input\":{\"@type\":\"PropertyValueSpecification\",\"valueRequired\":true,\"valueName\":\"search_term_string\"}}],\"inLanguage\":\"de\"},{\"@type\":\"Organization\",\"@id\":\"https:\/\/cigarpackagingbags.com\/#organization\",\"name\":\"HP Tobacco &amp; Cigar bags | Cigar Humidor Bags | Cigar Packaging Bags Solution\",\"url\":\"https:\/\/cigarpackagingbags.com\/\",\"logo\":{\"@type\":\"ImageObject\",\"inLanguage\":\"de\",\"@id\":\"https:\/\/cigarpackagingbags.com\/#\/schema\/logo\/image\/\",\"url\":\"https:\/\/cigarpackagingbags.com\/wp-content\/uploads\/2023\/07\/cigar-bags-2.jpg\",\"contentUrl\":\"https:\/\/cigarpackagingbags.com\/wp-content\/uploads\/2023\/07\/cigar-bags-2.jpg\",\"width\":1001,\"height\":1001,\"caption\":\"HP Tobacco &amp; Cigar bags | Cigar Humidor Bags | Cigar Packaging Bags Solution\"},\"image\":{\"@id\":\"https:\/\/cigarpackagingbags.com\/#\/schema\/logo\/image\/\"},\"sameAs\":[\"https:\/\/www.facebook.com\/profile.php?id=100083059694645\"]}]}<\/script>\n<!-- \/ Yoast SEO plugin. -->","yoast_head_json":{"title":"Custom Reusable Tobacco Imprint Zip lock Bags HP Tobacco &amp; Cigar bags | Cigar Humidor Bags | Cigar Packaging Bags Solution","description":"China zip lock tobacco manufacturer, produce zip lock cigar bags, cigar humidor bags and all kinds of plastic cigar packaging bags","robots":{"index":"index","follow":"follow","max-snippet":"max-snippet:-1","max-image-preview":"max-image-preview:large","max-video-preview":"max-video-preview:-1"},"canonical":"https:\/\/cigarpackagingbags.com\/de\/tobacco-imprint-zip-lock-bags\/","og_locale":"de_DE","og_type":"article","og_title":"Custom Reusable Tobacco Imprint Zip lock Bags HP Tobacco &amp; Cigar bags | Cigar Humidor Bags | Cigar Packaging Bags Solution","og_description":"China zip lock tobacco manufacturer, produce zip lock cigar bags, cigar humidor bags and all kinds of plastic cigar packaging bags","og_url":"https:\/\/cigarpackagingbags.com\/de\/tobacco-imprint-zip-lock-bags\/","og_site_name":"HP Tobacco &amp; Cigar bags | Cigar Humidor Bags | Cigar Packaging Bags Solution","article_publisher":"https:\/\/www.facebook.com\/profile.php?id=100083059694645","article_modified_time":"2023-08-24T08:51:02+00:00","og_image":[{"width":500,"height":500,"url":"https:\/\/cigarpackagingbags.com\/wp-content\/uploads\/2023\/08\/fine-tobacco-imprint-cigar-bag.jpg","type":"image\/jpeg"}],"twitter_card":"summary_large_image","twitter_misc":{"Gesch\u00e4tzte Lesezeit":"1\u00a0Minute"},"schema":{"@context":"https:\/\/schema.org","@graph":[{"@type":"WebPage","@id":"https:\/\/cigarpackagingbags.com\/tobacco-imprint-zip-lock-bags\/","url":"https:\/\/cigarpackagingbags.com\/tobacco-imprint-zip-lock-bags\/","name":"Custom Reusable Tobacco Imprint Zip lock Bags HP Tobacco &amp; Cigar bags | Cigar Humidor Bags | Cigar Packaging Bags Solution","isPartOf":{"@id":"https:\/\/cigarpackagingbags.com\/#website"},"primaryImageOfPage":{"@id":"https:\/\/cigarpackagingbags.com\/tobacco-imprint-zip-lock-bags\/#primaryimage"},"image":{"@id":"https:\/\/cigarpackagingbags.com\/tobacco-imprint-zip-lock-bags\/#primaryimage"},"thumbnailUrl":"https:\/\/cigarpackagingbags.com\/wp-content\/uploads\/2023\/08\/fine-tobacco-imprint-cigar-bag.jpg","datePublished":"2023-08-24T08:45:07+00:00","dateModified":"2023-08-24T08:51:02+00:00","description":"China zip lock tobacco manufacturer, produce zip lock cigar bags, cigar humidor bags and all kinds of plastic cigar packaging bags","breadcrumb":{"@id":"https:\/\/cigarpackagingbags.com\/tobacco-imprint-zip-lock-bags\/#breadcrumb"},"inLanguage":"de","potentialAction":[{"@type":"ReadAction","target":["https:\/\/cigarpackagingbags.com\/tobacco-imprint-zip-lock-bags\/"]}]},{"@type":"ImageObject","inLanguage":"de","@id":"https:\/\/cigarpackagingbags.com\/tobacco-imprint-zip-lock-bags\/#primaryimage","url":"https:\/\/cigarpackagingbags.com\/wp-content\/uploads\/2023\/08\/fine-tobacco-imprint-cigar-bag.jpg","contentUrl":"https:\/\/cigarpackagingbags.com\/wp-content\/uploads\/2023\/08\/fine-tobacco-imprint-cigar-bag.jpg","width":500,"height":500,"caption":"fine tobacco zip lock cigar bags"},{"@type":"BreadcrumbList","@id":"https:\/\/cigarpackagingbags.com\/tobacco-imprint-zip-lock-bags\/#breadcrumb","itemListElement":[{"@type":"ListItem","position":1,"name":"\u9996\u9875","item":"https:\/\/cigarpackagingbags.com\/"},{"@type":"ListItem","position":2,"name":"Products","item":"https:\/\/cigarpackagingbags.com\/products\/"},{"@type":"ListItem","position":3,"name":"Custom Reusable Tobacco Imprint Zip lock Bags"}]},{"@type":"WebSite","@id":"https:\/\/cigarpackagingbags.com\/#website","url":"https:\/\/cigarpackagingbags.com\/","name":"HP Tabak- &amp; Zigarrenbeutel | Zigarren-Humidorbeutel | Zigarrenverpackungsbeutel L\u00f6sung","description":"Individuelle Tabak- und Zigarrentaschen mit gutem Preis","publisher":{"@id":"https:\/\/cigarpackagingbags.com\/#organization"},"alternateName":"Cigar Humidor Bags Manufacturer","potentialAction":[{"@type":"SearchAction","target":{"@type":"EntryPoint","urlTemplate":"https:\/\/cigarpackagingbags.com\/?s={search_term_string}"},"query-input":{"@type":"PropertyValueSpecification","valueRequired":true,"valueName":"search_term_string"}}],"inLanguage":"de"},{"@type":"Organization","@id":"https:\/\/cigarpackagingbags.com\/#organization","name":"HP Tabak- &amp; Zigarrenbeutel | Zigarren-Humidorbeutel | Zigarrenverpackungsbeutel L\u00f6sung","url":"https:\/\/cigarpackagingbags.com\/","logo":{"@type":"ImageObject","inLanguage":"de","@id":"https:\/\/cigarpackagingbags.com\/#\/schema\/logo\/image\/","url":"https:\/\/cigarpackagingbags.com\/wp-content\/uploads\/2023\/07\/cigar-bags-2.jpg","contentUrl":"https:\/\/cigarpackagingbags.com\/wp-content\/uploads\/2023\/07\/cigar-bags-2.jpg","width":1001,"height":1001,"caption":"HP Tobacco &amp; Cigar bags | Cigar Humidor Bags | Cigar Packaging Bags Solution"},"image":{"@id":"https:\/\/cigarpackagingbags.com\/#\/schema\/logo\/image\/"},"sameAs":["https:\/\/www.facebook.com\/profile.php?id=100083059694645"]}]}},"_links":{"self":[{"href":"https:\/\/cigarpackagingbags.com\/de\/wp-json\/wp\/v2\/product\/939","targetHints":{"allow":["GET"]}}],"collection":[{"href":"https:\/\/cigarpackagingbags.com\/de\/wp-json\/wp\/v2\/product"}],"about":[{"href":"https:\/\/cigarpackagingbags.com\/de\/wp-json\/wp\/v2\/types\/product"}],"replies":[{"embeddable":true,"href":"https:\/\/cigarpackagingbags.com\/de\/wp-json\/wp\/v2\/comments?post=939"}],"wp:featuredmedia":[{"embeddable":true,"href":"https:\/\/cigarpackagingbags.com\/de\/wp-json\/wp\/v2\/media\/928"}],"wp:attachment":[{"href":"https:\/\/cigarpackagingbags.com\/de\/wp-json\/wp\/v2\/media?parent=939"}],"wp:term":[{"taxonomy":"product_brand","embeddable":true,"href":"https:\/\/cigarpackagingbags.com\/de\/wp-json\/wp\/v2\/product_brand?post=939"},{"taxonomy":"product_cat","embeddable":true,"href":"https:\/\/cigarpackagingbags.com\/de\/wp-json\/wp\/v2\/product_cat?post=939"},{"taxonomy":"product_tag","embeddable":true,"href":"https:\/\/cigarpackagingbags.com\/de\/wp-json\/wp\/v2\/product_tag?post=939"}],"curies":[{"name":"wp","href":"https:\/\/api.w.org\/{rel}","templated":true}]}}