{"id":927,"date":"2023-08-24T07:58:29","date_gmt":"2023-08-24T07:58:29","guid":{"rendered":"https:\/\/cigarpackagingbags.com\/?post_type=product&#038;p=927"},"modified":"2023-08-24T08:43:04","modified_gmt":"2023-08-24T08:43:04","slug":"zip-lock-cigar-bags-with-single-track-zipper-locking","status":"publish","type":"product","link":"https:\/\/cigarpackagingbags.com\/de\/produkt\/zip-lock-cigar-bags-with-single-track-zipper-locking\/","title":{"rendered":"Individuelle wiederverwendbare Zip Lock Zigarre"},"content":{"rendered":"<ol>\n<li>Material: Polyethylen niedriger Dichte<\/li>\n<li>Druckdesign:Individualisierung<\/li>\n<li>Das Produkt ist wiederverwendbar und recycelbar<\/li>\n<li>Typ: Einspurige Rei\u00dfverschlussverriegelung<\/li>\n<\/ol>\n<p>Diese wiederverschlie\u00dfbaren Zigarrenbeutel mit Rei\u00dfverschluss bieten Schutz f\u00fcr Zigarren und schlie\u00dfen Feuchtigkeit ein. Perfekt f\u00fcr Einzelh\u00e4ndler, die an Kunden verkaufen, oder f\u00fcr den Raucher, der unterwegs ein paar Zigarren mitnehmen m\u00f6chte. Jede Tasche hat die Ma\u00dfe 5\u2033 x 10\u2033 und ist mit einem \"Fine Cigars\"-Aufdruck in Schwarz und Gold versehen. Je nach Gr\u00f6\u00dfe der Zigarre, halten diese Taschen normalerweise bis zu 5 Zigarren.<\/p>","protected":false},"excerpt":{"rendered":"<ol>\n<li>Gr\u00f6\u00dfe: 5 x 10\u2033;<\/li>\n<li>Preis: USD0,02~0,6<\/li>\n<li>Druckdesign: Personalisierung<\/li>\n<li>MOQ:20000St\u00fcck<\/li>\n<li>Materialien: Polyethylen niedriger Dichte<\/li>\n<li>Merkmal:wiederverwendbar und recycelbar<\/li>\n<li>Typ:Einspurige Rei\u00dfverschlussverriegelung<\/li>\n<li>Lieferzeit:21 Tage nach best\u00e4tigter Zahlung<\/li>\n<li>Preis Begriff: EXW,CFN,CIF,DDP,etc.<\/li>\n<li>Zahlungen: T\/T, Visa, Paypal, etc.<\/li>\n<\/ol>","protected":false},"featured_media":929,"comment_status":"open","ping_status":"closed","template":"","meta":{"_kadence_starter_templates_imported_post":false,"_kad_post_transparent":"default","_kad_post_title":"","_kad_post_layout":"default","_kad_post_sidebar_id":"","_kad_post_content_style":"default","_kad_post_vertical_padding":"default","_kad_post_feature":"","_kad_post_feature_position":"","_kad_post_header":false,"_kad_post_footer":false},"product_brand":[],"product_cat":[22],"product_tag":[],"class_list":{"0":"post-927","1":"product","2":"type-product","3":"status-publish","4":"has-post-thumbnail","6":"product_cat-cigar-packaging-bags","8":"first","9":"instock","10":"shipping-taxable","11":"product-type-simple","12":"entry","13":"content-bg","14":"loop-entry"},"yoast_head":"<!-- This site is optimized with the Yoast SEO plugin v27.2 - https:\/\/yoast.com\/product\/yoast-seo-wordpress\/ -->\n<title>Custom Reusable Zip Lock Cigar Bags With Single Track Zipper Locking HP Tobacco &amp; Cigar bags | Cigar Humidor Bags | Cigar Packaging Bags Solution<\/title>\n<meta name=\"description\" content=\"China zip lock cigar bags manufacturer, produce zip lock cigar bags, cigar humidor bags and all kinds of plastic cigar packaging bags\" \/>\n<meta name=\"robots\" content=\"index, follow, max-snippet:-1, max-image-preview:large, max-video-preview:-1\" \/>\n<link rel=\"canonical\" href=\"https:\/\/cigarpackagingbags.com\/de\/zip-lock-cigar-bags-with-single-track-zipper-locking\/\" \/>\n<meta property=\"og:locale\" content=\"de_DE\" \/>\n<meta property=\"og:type\" content=\"article\" \/>\n<meta property=\"og:title\" content=\"Custom Reusable Zip Lock Cigar Bags With Single Track Zipper Locking HP Tobacco &amp; Cigar bags | Cigar Humidor Bags | Cigar Packaging Bags Solution\" \/>\n<meta property=\"og:description\" content=\"China zip lock cigar bags manufacturer, produce zip lock cigar bags, cigar humidor bags and all kinds of plastic cigar packaging bags\" \/>\n<meta property=\"og:url\" content=\"https:\/\/cigarpackagingbags.com\/de\/zip-lock-cigar-bags-with-single-track-zipper-locking\/\" \/>\n<meta property=\"og:site_name\" content=\"HP Tobacco &amp; Cigar bags | Cigar Humidor Bags | Cigar Packaging Bags Solution\" \/>\n<meta property=\"article:publisher\" content=\"https:\/\/www.facebook.com\/profile.php?id=100083059694645\" \/>\n<meta property=\"article:modified_time\" content=\"2023-08-24T08:43:04+00:00\" \/>\n<meta property=\"og:image\" content=\"https:\/\/cigarpackagingbags.com\/wp-content\/uploads\/2023\/08\/zip-lock-cigar-bags-for-fine-cigar.jpg\" \/>\n\t<meta property=\"og:image:width\" content=\"650\" \/>\n\t<meta property=\"og:image:height\" content=\"650\" \/>\n\t<meta property=\"og:image:type\" content=\"image\/jpeg\" \/>\n<meta name=\"twitter:card\" content=\"summary_large_image\" \/>\n<meta name=\"twitter:label1\" content=\"Gesch\u00e4tzte Lesezeit\" \/>\n\t<meta name=\"twitter:data1\" content=\"1\u00a0Minute\" \/>\n<script type=\"application\/ld+json\" class=\"yoast-schema-graph\">{\"@context\":\"https:\/\/schema.org\",\"@graph\":[{\"@type\":\"WebPage\",\"@id\":\"https:\/\/cigarpackagingbags.com\/zip-lock-cigar-bags-with-single-track-zipper-locking\/\",\"url\":\"https:\/\/cigarpackagingbags.com\/zip-lock-cigar-bags-with-single-track-zipper-locking\/\",\"name\":\"Custom Reusable Zip Lock Cigar Bags With Single Track Zipper Locking HP Tobacco &amp; Cigar bags | Cigar Humidor Bags | Cigar Packaging Bags Solution\",\"isPartOf\":{\"@id\":\"https:\/\/cigarpackagingbags.com\/#website\"},\"primaryImageOfPage\":{\"@id\":\"https:\/\/cigarpackagingbags.com\/zip-lock-cigar-bags-with-single-track-zipper-locking\/#primaryimage\"},\"image\":{\"@id\":\"https:\/\/cigarpackagingbags.com\/zip-lock-cigar-bags-with-single-track-zipper-locking\/#primaryimage\"},\"thumbnailUrl\":\"https:\/\/cigarpackagingbags.com\/wp-content\/uploads\/2023\/08\/zip-lock-cigar-bags-for-fine-cigar.jpg\",\"datePublished\":\"2023-08-24T07:58:29+00:00\",\"dateModified\":\"2023-08-24T08:43:04+00:00\",\"description\":\"China zip lock cigar bags manufacturer, produce zip lock cigar bags, cigar humidor bags and all kinds of plastic cigar packaging bags\",\"breadcrumb\":{\"@id\":\"https:\/\/cigarpackagingbags.com\/zip-lock-cigar-bags-with-single-track-zipper-locking\/#breadcrumb\"},\"inLanguage\":\"de\",\"potentialAction\":[{\"@type\":\"ReadAction\",\"target\":[\"https:\/\/cigarpackagingbags.com\/zip-lock-cigar-bags-with-single-track-zipper-locking\/\"]}]},{\"@type\":\"ImageObject\",\"inLanguage\":\"de\",\"@id\":\"https:\/\/cigarpackagingbags.com\/zip-lock-cigar-bags-with-single-track-zipper-locking\/#primaryimage\",\"url\":\"https:\/\/cigarpackagingbags.com\/wp-content\/uploads\/2023\/08\/zip-lock-cigar-bags-for-fine-cigar.jpg\",\"contentUrl\":\"https:\/\/cigarpackagingbags.com\/wp-content\/uploads\/2023\/08\/zip-lock-cigar-bags-for-fine-cigar.jpg\",\"width\":650,\"height\":650,\"caption\":\"zip lock cigar bags\"},{\"@type\":\"BreadcrumbList\",\"@id\":\"https:\/\/cigarpackagingbags.com\/zip-lock-cigar-bags-with-single-track-zipper-locking\/#breadcrumb\",\"itemListElement\":[{\"@type\":\"ListItem\",\"position\":1,\"name\":\"\u9996\u9875\",\"item\":\"https:\/\/cigarpackagingbags.com\/\"},{\"@type\":\"ListItem\",\"position\":2,\"name\":\"Products\",\"item\":\"https:\/\/cigarpackagingbags.com\/products\/\"},{\"@type\":\"ListItem\",\"position\":3,\"name\":\"Custom Reusable Zip Lock Cigar Bags With Single Track Zipper Locking\"}]},{\"@type\":\"WebSite\",\"@id\":\"https:\/\/cigarpackagingbags.com\/#website\",\"url\":\"https:\/\/cigarpackagingbags.com\/\",\"name\":\"HP Tobacco &amp; Cigar bags | Cigar Humidor Bags | Cigar Packaging Bags Solution\",\"description\":\"Custom Tobacco &amp; Cigar Bags With Good Price\",\"publisher\":{\"@id\":\"https:\/\/cigarpackagingbags.com\/#organization\"},\"alternateName\":\"Cigar Humidor Bags Manufacturer\",\"potentialAction\":[{\"@type\":\"SearchAction\",\"target\":{\"@type\":\"EntryPoint\",\"urlTemplate\":\"https:\/\/cigarpackagingbags.com\/?s={search_term_string}\"},\"query-input\":{\"@type\":\"PropertyValueSpecification\",\"valueRequired\":true,\"valueName\":\"search_term_string\"}}],\"inLanguage\":\"de\"},{\"@type\":\"Organization\",\"@id\":\"https:\/\/cigarpackagingbags.com\/#organization\",\"name\":\"HP Tobacco &amp; Cigar bags | Cigar Humidor Bags | Cigar Packaging Bags Solution\",\"url\":\"https:\/\/cigarpackagingbags.com\/\",\"logo\":{\"@type\":\"ImageObject\",\"inLanguage\":\"de\",\"@id\":\"https:\/\/cigarpackagingbags.com\/#\/schema\/logo\/image\/\",\"url\":\"https:\/\/cigarpackagingbags.com\/wp-content\/uploads\/2023\/07\/cigar-bags-2.jpg\",\"contentUrl\":\"https:\/\/cigarpackagingbags.com\/wp-content\/uploads\/2023\/07\/cigar-bags-2.jpg\",\"width\":1001,\"height\":1001,\"caption\":\"HP Tobacco &amp; Cigar bags | Cigar Humidor Bags | Cigar Packaging Bags Solution\"},\"image\":{\"@id\":\"https:\/\/cigarpackagingbags.com\/#\/schema\/logo\/image\/\"},\"sameAs\":[\"https:\/\/www.facebook.com\/profile.php?id=100083059694645\"]}]}<\/script>\n<!-- \/ Yoast SEO plugin. -->","yoast_head_json":{"title":"Custom Reusable Zip Lock Cigar Bags With Single Track Zipper Locking HP Tobacco &amp; Cigar bags | Cigar Humidor Bags | Cigar Packaging Bags Solution","description":"China zip lock cigar bags manufacturer, produce zip lock cigar bags, cigar humidor bags and all kinds of plastic cigar packaging bags","robots":{"index":"index","follow":"follow","max-snippet":"max-snippet:-1","max-image-preview":"max-image-preview:large","max-video-preview":"max-video-preview:-1"},"canonical":"https:\/\/cigarpackagingbags.com\/de\/zip-lock-cigar-bags-with-single-track-zipper-locking\/","og_locale":"de_DE","og_type":"article","og_title":"Custom Reusable Zip Lock Cigar Bags With Single Track Zipper Locking HP Tobacco &amp; Cigar bags | Cigar Humidor Bags | Cigar Packaging Bags Solution","og_description":"China zip lock cigar bags manufacturer, produce zip lock cigar bags, cigar humidor bags and all kinds of plastic cigar packaging bags","og_url":"https:\/\/cigarpackagingbags.com\/de\/zip-lock-cigar-bags-with-single-track-zipper-locking\/","og_site_name":"HP Tobacco &amp; Cigar bags | Cigar Humidor Bags | Cigar Packaging Bags Solution","article_publisher":"https:\/\/www.facebook.com\/profile.php?id=100083059694645","article_modified_time":"2023-08-24T08:43:04+00:00","og_image":[{"width":650,"height":650,"url":"https:\/\/cigarpackagingbags.com\/wp-content\/uploads\/2023\/08\/zip-lock-cigar-bags-for-fine-cigar.jpg","type":"image\/jpeg"}],"twitter_card":"summary_large_image","twitter_misc":{"Gesch\u00e4tzte Lesezeit":"1\u00a0Minute"},"schema":{"@context":"https:\/\/schema.org","@graph":[{"@type":"WebPage","@id":"https:\/\/cigarpackagingbags.com\/zip-lock-cigar-bags-with-single-track-zipper-locking\/","url":"https:\/\/cigarpackagingbags.com\/zip-lock-cigar-bags-with-single-track-zipper-locking\/","name":"Custom Reusable Zip Lock Cigar Bags With Single Track Zipper Locking HP Tobacco &amp; Cigar bags | Cigar Humidor Bags | Cigar Packaging Bags Solution","isPartOf":{"@id":"https:\/\/cigarpackagingbags.com\/#website"},"primaryImageOfPage":{"@id":"https:\/\/cigarpackagingbags.com\/zip-lock-cigar-bags-with-single-track-zipper-locking\/#primaryimage"},"image":{"@id":"https:\/\/cigarpackagingbags.com\/zip-lock-cigar-bags-with-single-track-zipper-locking\/#primaryimage"},"thumbnailUrl":"https:\/\/cigarpackagingbags.com\/wp-content\/uploads\/2023\/08\/zip-lock-cigar-bags-for-fine-cigar.jpg","datePublished":"2023-08-24T07:58:29+00:00","dateModified":"2023-08-24T08:43:04+00:00","description":"China zip lock cigar bags manufacturer, produce zip lock cigar bags, cigar humidor bags and all kinds of plastic cigar packaging bags","breadcrumb":{"@id":"https:\/\/cigarpackagingbags.com\/zip-lock-cigar-bags-with-single-track-zipper-locking\/#breadcrumb"},"inLanguage":"de","potentialAction":[{"@type":"ReadAction","target":["https:\/\/cigarpackagingbags.com\/zip-lock-cigar-bags-with-single-track-zipper-locking\/"]}]},{"@type":"ImageObject","inLanguage":"de","@id":"https:\/\/cigarpackagingbags.com\/zip-lock-cigar-bags-with-single-track-zipper-locking\/#primaryimage","url":"https:\/\/cigarpackagingbags.com\/wp-content\/uploads\/2023\/08\/zip-lock-cigar-bags-for-fine-cigar.jpg","contentUrl":"https:\/\/cigarpackagingbags.com\/wp-content\/uploads\/2023\/08\/zip-lock-cigar-bags-for-fine-cigar.jpg","width":650,"height":650,"caption":"zip lock cigar bags"},{"@type":"BreadcrumbList","@id":"https:\/\/cigarpackagingbags.com\/zip-lock-cigar-bags-with-single-track-zipper-locking\/#breadcrumb","itemListElement":[{"@type":"ListItem","position":1,"name":"\u9996\u9875","item":"https:\/\/cigarpackagingbags.com\/"},{"@type":"ListItem","position":2,"name":"Products","item":"https:\/\/cigarpackagingbags.com\/products\/"},{"@type":"ListItem","position":3,"name":"Custom Reusable Zip Lock Cigar Bags With Single Track Zipper Locking"}]},{"@type":"WebSite","@id":"https:\/\/cigarpackagingbags.com\/#website","url":"https:\/\/cigarpackagingbags.com\/","name":"HP Tabak- &amp; Zigarrenbeutel | Zigarren-Humidorbeutel | Zigarrenverpackungsbeutel L\u00f6sung","description":"Individuelle Tabak- und Zigarrentaschen mit gutem Preis","publisher":{"@id":"https:\/\/cigarpackagingbags.com\/#organization"},"alternateName":"Cigar Humidor Bags Manufacturer","potentialAction":[{"@type":"SearchAction","target":{"@type":"EntryPoint","urlTemplate":"https:\/\/cigarpackagingbags.com\/?s={search_term_string}"},"query-input":{"@type":"PropertyValueSpecification","valueRequired":true,"valueName":"search_term_string"}}],"inLanguage":"de"},{"@type":"Organization","@id":"https:\/\/cigarpackagingbags.com\/#organization","name":"HP Tabak- &amp; Zigarrenbeutel | Zigarren-Humidorbeutel | Zigarrenverpackungsbeutel L\u00f6sung","url":"https:\/\/cigarpackagingbags.com\/","logo":{"@type":"ImageObject","inLanguage":"de","@id":"https:\/\/cigarpackagingbags.com\/#\/schema\/logo\/image\/","url":"https:\/\/cigarpackagingbags.com\/wp-content\/uploads\/2023\/07\/cigar-bags-2.jpg","contentUrl":"https:\/\/cigarpackagingbags.com\/wp-content\/uploads\/2023\/07\/cigar-bags-2.jpg","width":1001,"height":1001,"caption":"HP Tobacco &amp; Cigar bags | Cigar Humidor Bags | Cigar Packaging Bags Solution"},"image":{"@id":"https:\/\/cigarpackagingbags.com\/#\/schema\/logo\/image\/"},"sameAs":["https:\/\/www.facebook.com\/profile.php?id=100083059694645"]}]}},"_links":{"self":[{"href":"https:\/\/cigarpackagingbags.com\/de\/wp-json\/wp\/v2\/product\/927","targetHints":{"allow":["GET"]}}],"collection":[{"href":"https:\/\/cigarpackagingbags.com\/de\/wp-json\/wp\/v2\/product"}],"about":[{"href":"https:\/\/cigarpackagingbags.com\/de\/wp-json\/wp\/v2\/types\/product"}],"replies":[{"embeddable":true,"href":"https:\/\/cigarpackagingbags.com\/de\/wp-json\/wp\/v2\/comments?post=927"}],"wp:featuredmedia":[{"embeddable":true,"href":"https:\/\/cigarpackagingbags.com\/de\/wp-json\/wp\/v2\/media\/929"}],"wp:attachment":[{"href":"https:\/\/cigarpackagingbags.com\/de\/wp-json\/wp\/v2\/media?parent=927"}],"wp:term":[{"taxonomy":"product_brand","embeddable":true,"href":"https:\/\/cigarpackagingbags.com\/de\/wp-json\/wp\/v2\/product_brand?post=927"},{"taxonomy":"product_cat","embeddable":true,"href":"https:\/\/cigarpackagingbags.com\/de\/wp-json\/wp\/v2\/product_cat?post=927"},{"taxonomy":"product_tag","embeddable":true,"href":"https:\/\/cigarpackagingbags.com\/de\/wp-json\/wp\/v2\/product_tag?post=927"}],"curies":[{"name":"wp","href":"https:\/\/api.w.org\/{rel}","templated":true}]}}