{"id":921,"date":"2023-08-23T08:30:56","date_gmt":"2023-08-23T08:30:56","guid":{"rendered":"https:\/\/cigarpackagingbags.com\/?post_type=product&#038;p=921"},"modified":"2023-08-23T08:43:32","modified_gmt":"2023-08-23T08:43:32","slug":"custom-humidor-cigar-bags-with-built-in-humidification","status":"publish","type":"product","link":"https:\/\/cigarpackagingbags.com\/de\/produkt\/custom-humidor-cigar-bags-with-built-in-humidification\/","title":{"rendered":"Custom Slide Lock Verschluss Humi"},"content":{"rendered":"<ol>\n<li>Gr\u00f6\u00dfe:133x240mm<\/li>\n<li>Materialien: PET\/PE, OPP\/PE, MattOPP\/PE<\/li>\n<li>Logo: Personalisierung f\u00fcr Lotus<\/li>\n<li>Druck: Tiefdruck<\/li>\n<li>Farbe: 1-9 Farben sind verf\u00fcgbar.<\/li>\n<li>Slide Lock-Verschluss<\/li>\n<li>G\u00fcltig: Einmal ge\u00f6ffnet, bewahrt dieser Beutel Ihre Zigarren 90 Tage lang unter angemessenen Feuchtigkeitsbedingungen auf.<\/li>\n<li>Wiederverschlie\u00dfbarer Rei\u00dfverschluss zum einfachen \u00d6ffnen und Schlie\u00dfen des Beutels, bequem zu tragen mit Zigarren<\/li>\n<li>Lieferzeit: 21 Tage nach best\u00e4tigter Zahlung<\/li>\n<li>Zahlungen: T\/T, Visa, Paypal, etc.<\/li>\n<\/ol>\n<p>Zigarrenhumidorbeutel, die Ihre Zigarren bis zu 90 Tage lang frisch und bereit halten und den Verlust der \u00e4therischen \u00d6le und des Geschmacks der Zigarre verhindern. Einmal ge\u00f6ffnet, halten die Reisehumidorbeutel Ihre Zigarren 90 Tage lang in der perfekten Umgebung mit einer Luftfeuchtigkeit von 65-75% RH. Legen Sie Ihre Zigarren einfach in den Beutel, schlie\u00dfen Sie den Rei\u00dfverschluss und gehen Sie, wohin Sie wollen.<\/p>\n<p><strong>Logistik-Dienstleistung:<\/strong><\/p>\n<ul>\n<li>Wenn die Menge der Bestellung nicht sehr gro\u00df ist, k\u00f6nnen wir die Taschen per Expressversand, wie TNT, DHL, UPS, Fedex, etc.<\/li>\n<li>Wenn die Bestellung gro\u00df ist, raten wir Ihnen, Luft-oder Seefracht durch Sie ernannt Spediteur agent.or unsere langfristige kooperiert Agent ist auch verf\u00fcgbar.<\/li>\n<li>Frachtfrei bei Massenversand.<\/li>\n<\/ul>\n<p><strong>Video-Show der Zigarren-Humidor-Tasche:<\/strong><\/p>\n<div class=\"wp-playlist wp-video-playlist wp-playlist-light\">\n\t\t<video controls=\"controls\" preload=\"none\" width=\"1268\"\n\t\t height=\"713\"\t><\/video>\n\t<div class=\"wp-playlist-next\"><\/div>\n\t<div class=\"wp-playlist-prev\"><\/div>\n\t<noscript>\n\t<ol>\n\t\t<li><a href='https:\/\/cigarpackagingbags.com\/wp-content\/uploads\/2023\/07\/operation-video-of-cigar-humidor-bags.mp4'>Video zur Bedienung von Zigarrenhumidorbeuteln<\/a><\/li>\t<\/ol>\n\t<\/noscript>\n\t<script type=\"application\/json\" class=\"wp-playlist-script\">{\"type\":\"video\",\"tracklist\":true,\"tracknumbers\":true,\"images\":true,\"artists\":true,\"tracks\":[{\"src\":\"https:\/\/cigarpackagingbags.com\/wp-content\/uploads\/2023\/07\/operation-video-of-cigar-humidor-bags.mp4\",\"type\":\"video\/mp4\",\"title\":\"operation video of cigar humidor bags\",\"caption\":\"video of cigar humidor bag\",\"description\":\"how to use cigar humidor bags\",\"meta\":{\"length_formatted\":\"0:26\"},\"dimensions\":{\"original\":{\"width\":1280,\"height\":720},\"resized\":{\"width\":1268,\"height\":713}},\"image\":{\"src\":\"https:\/\/cigarpackagingbags.com\/wp-includes\/images\/media\/video.svg\",\"width\":48,\"height\":64},\"thumb\":{\"src\":\"https:\/\/cigarpackagingbags.com\/wp-includes\/images\/media\/video.svg\",\"width\":48,\"height\":64}}]}<\/script>\n<\/div>","protected":false},"excerpt":{"rendered":"<ol>\n<li>Fabrik Preis: USD0.22\/PCS<\/li>\n<li>Gr\u00f6\u00dfe: 133x240mm<\/li>\n<li>Eingebaute Befeuchtung<\/li>\n<li>Zigarren und Tabak frisch halten<\/li>\n<li>F\u00fcr bis zu 6 Zigarren<\/li>\n<li>Wiederverschlie\u00dfbar und wiederverwendbar<\/li>\n<li>Slide Lock-Verschluss<\/li>\n<li>Lieferzeit: 21 Tage nach best\u00e4tigter Zahlung<\/li>\n<li>Preis Team: EXW, DDP, CNF, CIF, etc.<\/li>\n<li>Bezahlung: T\/T, Visa, Paypal, etc.<\/li>\n<\/ol>","protected":false},"featured_media":922,"comment_status":"open","ping_status":"closed","template":"","meta":{"_kadence_starter_templates_imported_post":false,"_kad_post_transparent":"default","_kad_post_title":"","_kad_post_layout":"default","_kad_post_sidebar_id":"","_kad_post_content_style":"default","_kad_post_vertical_padding":"default","_kad_post_feature":"","_kad_post_feature_position":"","_kad_post_header":false,"_kad_post_footer":false},"product_brand":[],"product_cat":[21],"product_tag":[],"class_list":{"0":"post-921","1":"product","2":"type-product","3":"status-publish","4":"has-post-thumbnail","6":"product_cat-cigar-humidor-bags","8":"first","9":"instock","10":"shipping-taxable","11":"product-type-simple","12":"entry","13":"content-bg","14":"loop-entry"},"yoast_head":"<!-- This site is optimized with the Yoast SEO plugin v27.2 - https:\/\/yoast.com\/product\/yoast-seo-wordpress\/ -->\n<title>Custom Slide Lock Closure Humidor Cigar bags With Built-in Humidification - HP Tobacco &amp; Cigar bags | Cigar Humidor Bags | Cigar Packaging Bags Solution<\/title>\n<meta name=\"description\" content=\"China cigar humidor bags manufacturer, Custom Slide Zipper Humidor Cigar bags With Built-in Humidification for lotus cigar bags\" \/>\n<meta name=\"robots\" content=\"index, follow, max-snippet:-1, max-image-preview:large, max-video-preview:-1\" \/>\n<link rel=\"canonical\" href=\"https:\/\/cigarpackagingbags.com\/de\/custom-humidor-cigar-bags-with-built-in-humidification\/\" \/>\n<meta property=\"og:locale\" content=\"de_DE\" \/>\n<meta property=\"og:type\" content=\"article\" \/>\n<meta property=\"og:title\" content=\"Custom Slide Lock Closure Humidor Cigar bags With Built-in Humidification - HP Tobacco &amp; Cigar bags | Cigar Humidor Bags | Cigar Packaging Bags Solution\" \/>\n<meta property=\"og:description\" content=\"China cigar humidor bags manufacturer, Custom Slide Zipper Humidor Cigar bags With Built-in Humidification for lotus cigar bags\" \/>\n<meta property=\"og:url\" content=\"https:\/\/cigarpackagingbags.com\/de\/custom-humidor-cigar-bags-with-built-in-humidification\/\" \/>\n<meta property=\"og:site_name\" content=\"HP Tobacco &amp; Cigar bags | Cigar Humidor Bags | Cigar Packaging Bags Solution\" \/>\n<meta property=\"article:publisher\" content=\"https:\/\/www.facebook.com\/profile.php?id=100083059694645\" \/>\n<meta property=\"article:modified_time\" content=\"2023-08-23T08:43:32+00:00\" \/>\n<meta property=\"og:image\" content=\"https:\/\/cigarpackagingbags.com\/wp-content\/uploads\/2023\/08\/lotus-cigar-bags.jpg\" \/>\n\t<meta property=\"og:image:width\" content=\"650\" \/>\n\t<meta property=\"og:image:height\" content=\"650\" \/>\n\t<meta property=\"og:image:type\" content=\"image\/jpeg\" \/>\n<meta name=\"twitter:card\" content=\"summary_large_image\" \/>\n<meta name=\"twitter:label1\" content=\"Gesch\u00e4tzte Lesezeit\" \/>\n\t<meta name=\"twitter:data1\" content=\"1\u00a0Minute\" \/>\n<script type=\"application\/ld+json\" class=\"yoast-schema-graph\">{\"@context\":\"https:\/\/schema.org\",\"@graph\":[{\"@type\":\"WebPage\",\"@id\":\"https:\/\/cigarpackagingbags.com\/custom-humidor-cigar-bags-with-built-in-humidification\/\",\"url\":\"https:\/\/cigarpackagingbags.com\/custom-humidor-cigar-bags-with-built-in-humidification\/\",\"name\":\"Custom Slide Lock Closure Humidor Cigar bags With Built-in Humidification - HP Tobacco &amp; Cigar bags | Cigar Humidor Bags | Cigar Packaging Bags Solution\",\"isPartOf\":{\"@id\":\"https:\/\/cigarpackagingbags.com\/#website\"},\"primaryImageOfPage\":{\"@id\":\"https:\/\/cigarpackagingbags.com\/custom-humidor-cigar-bags-with-built-in-humidification\/#primaryimage\"},\"image\":{\"@id\":\"https:\/\/cigarpackagingbags.com\/custom-humidor-cigar-bags-with-built-in-humidification\/#primaryimage\"},\"thumbnailUrl\":\"https:\/\/cigarpackagingbags.com\/wp-content\/uploads\/2023\/08\/lotus-cigar-bags.jpg\",\"datePublished\":\"2023-08-23T08:30:56+00:00\",\"dateModified\":\"2023-08-23T08:43:32+00:00\",\"description\":\"China cigar humidor bags manufacturer, Custom Slide Zipper Humidor Cigar bags With Built-in Humidification for lotus cigar bags\",\"breadcrumb\":{\"@id\":\"https:\/\/cigarpackagingbags.com\/custom-humidor-cigar-bags-with-built-in-humidification\/#breadcrumb\"},\"inLanguage\":\"de\",\"potentialAction\":[{\"@type\":\"ReadAction\",\"target\":[\"https:\/\/cigarpackagingbags.com\/custom-humidor-cigar-bags-with-built-in-humidification\/\"]}]},{\"@type\":\"ImageObject\",\"inLanguage\":\"de\",\"@id\":\"https:\/\/cigarpackagingbags.com\/custom-humidor-cigar-bags-with-built-in-humidification\/#primaryimage\",\"url\":\"https:\/\/cigarpackagingbags.com\/wp-content\/uploads\/2023\/08\/lotus-cigar-bags.jpg\",\"contentUrl\":\"https:\/\/cigarpackagingbags.com\/wp-content\/uploads\/2023\/08\/lotus-cigar-bags.jpg\",\"width\":650,\"height\":650,\"caption\":\"lotus cigar humidor bags\"},{\"@type\":\"BreadcrumbList\",\"@id\":\"https:\/\/cigarpackagingbags.com\/custom-humidor-cigar-bags-with-built-in-humidification\/#breadcrumb\",\"itemListElement\":[{\"@type\":\"ListItem\",\"position\":1,\"name\":\"\u9996\u9875\",\"item\":\"https:\/\/cigarpackagingbags.com\/\"},{\"@type\":\"ListItem\",\"position\":2,\"name\":\"Products\",\"item\":\"https:\/\/cigarpackagingbags.com\/products\/\"},{\"@type\":\"ListItem\",\"position\":3,\"name\":\"Custom Slide Lock Closure Humidor Cigar bags With Built-in Humidification\"}]},{\"@type\":\"WebSite\",\"@id\":\"https:\/\/cigarpackagingbags.com\/#website\",\"url\":\"https:\/\/cigarpackagingbags.com\/\",\"name\":\"HP Tobacco &amp; Cigar bags | Cigar Humidor Bags | Cigar Packaging Bags Solution\",\"description\":\"Custom Tobacco &amp; Cigar Bags With Good Price\",\"publisher\":{\"@id\":\"https:\/\/cigarpackagingbags.com\/#organization\"},\"alternateName\":\"Cigar Humidor Bags Manufacturer\",\"potentialAction\":[{\"@type\":\"SearchAction\",\"target\":{\"@type\":\"EntryPoint\",\"urlTemplate\":\"https:\/\/cigarpackagingbags.com\/?s={search_term_string}\"},\"query-input\":{\"@type\":\"PropertyValueSpecification\",\"valueRequired\":true,\"valueName\":\"search_term_string\"}}],\"inLanguage\":\"de\"},{\"@type\":\"Organization\",\"@id\":\"https:\/\/cigarpackagingbags.com\/#organization\",\"name\":\"HP Tobacco &amp; Cigar bags | Cigar Humidor Bags | Cigar Packaging Bags Solution\",\"url\":\"https:\/\/cigarpackagingbags.com\/\",\"logo\":{\"@type\":\"ImageObject\",\"inLanguage\":\"de\",\"@id\":\"https:\/\/cigarpackagingbags.com\/#\/schema\/logo\/image\/\",\"url\":\"https:\/\/cigarpackagingbags.com\/wp-content\/uploads\/2023\/07\/cigar-bags-2.jpg\",\"contentUrl\":\"https:\/\/cigarpackagingbags.com\/wp-content\/uploads\/2023\/07\/cigar-bags-2.jpg\",\"width\":1001,\"height\":1001,\"caption\":\"HP Tobacco &amp; Cigar bags | Cigar Humidor Bags | Cigar Packaging Bags Solution\"},\"image\":{\"@id\":\"https:\/\/cigarpackagingbags.com\/#\/schema\/logo\/image\/\"},\"sameAs\":[\"https:\/\/www.facebook.com\/profile.php?id=100083059694645\"]}]}<\/script>\n<!-- \/ Yoast SEO plugin. -->","yoast_head_json":{"title":"Custom Slide Lock Closure Humidor Cigar bags With Built-in Humidification - HP Tobacco &amp; Cigar bags | Cigar Humidor Bags | Cigar Packaging Bags Solution","description":"China cigar humidor bags manufacturer, Custom Slide Zipper Humidor Cigar bags With Built-in Humidification for lotus cigar bags","robots":{"index":"index","follow":"follow","max-snippet":"max-snippet:-1","max-image-preview":"max-image-preview:large","max-video-preview":"max-video-preview:-1"},"canonical":"https:\/\/cigarpackagingbags.com\/de\/custom-humidor-cigar-bags-with-built-in-humidification\/","og_locale":"de_DE","og_type":"article","og_title":"Custom Slide Lock Closure Humidor Cigar bags With Built-in Humidification - HP Tobacco &amp; Cigar bags | Cigar Humidor Bags | Cigar Packaging Bags Solution","og_description":"China cigar humidor bags manufacturer, Custom Slide Zipper Humidor Cigar bags With Built-in Humidification for lotus cigar bags","og_url":"https:\/\/cigarpackagingbags.com\/de\/custom-humidor-cigar-bags-with-built-in-humidification\/","og_site_name":"HP Tobacco &amp; Cigar bags | Cigar Humidor Bags | Cigar Packaging Bags Solution","article_publisher":"https:\/\/www.facebook.com\/profile.php?id=100083059694645","article_modified_time":"2023-08-23T08:43:32+00:00","og_image":[{"width":650,"height":650,"url":"https:\/\/cigarpackagingbags.com\/wp-content\/uploads\/2023\/08\/lotus-cigar-bags.jpg","type":"image\/jpeg"}],"twitter_card":"summary_large_image","twitter_misc":{"Gesch\u00e4tzte Lesezeit":"1\u00a0Minute"},"schema":{"@context":"https:\/\/schema.org","@graph":[{"@type":"WebPage","@id":"https:\/\/cigarpackagingbags.com\/custom-humidor-cigar-bags-with-built-in-humidification\/","url":"https:\/\/cigarpackagingbags.com\/custom-humidor-cigar-bags-with-built-in-humidification\/","name":"Custom Slide Lock Closure Humidor Cigar bags With Built-in Humidification - HP Tobacco &amp; Cigar bags | Cigar Humidor Bags | Cigar Packaging Bags Solution","isPartOf":{"@id":"https:\/\/cigarpackagingbags.com\/#website"},"primaryImageOfPage":{"@id":"https:\/\/cigarpackagingbags.com\/custom-humidor-cigar-bags-with-built-in-humidification\/#primaryimage"},"image":{"@id":"https:\/\/cigarpackagingbags.com\/custom-humidor-cigar-bags-with-built-in-humidification\/#primaryimage"},"thumbnailUrl":"https:\/\/cigarpackagingbags.com\/wp-content\/uploads\/2023\/08\/lotus-cigar-bags.jpg","datePublished":"2023-08-23T08:30:56+00:00","dateModified":"2023-08-23T08:43:32+00:00","description":"China cigar humidor bags manufacturer, Custom Slide Zipper Humidor Cigar bags With Built-in Humidification for lotus cigar bags","breadcrumb":{"@id":"https:\/\/cigarpackagingbags.com\/custom-humidor-cigar-bags-with-built-in-humidification\/#breadcrumb"},"inLanguage":"de","potentialAction":[{"@type":"ReadAction","target":["https:\/\/cigarpackagingbags.com\/custom-humidor-cigar-bags-with-built-in-humidification\/"]}]},{"@type":"ImageObject","inLanguage":"de","@id":"https:\/\/cigarpackagingbags.com\/custom-humidor-cigar-bags-with-built-in-humidification\/#primaryimage","url":"https:\/\/cigarpackagingbags.com\/wp-content\/uploads\/2023\/08\/lotus-cigar-bags.jpg","contentUrl":"https:\/\/cigarpackagingbags.com\/wp-content\/uploads\/2023\/08\/lotus-cigar-bags.jpg","width":650,"height":650,"caption":"lotus cigar humidor bags"},{"@type":"BreadcrumbList","@id":"https:\/\/cigarpackagingbags.com\/custom-humidor-cigar-bags-with-built-in-humidification\/#breadcrumb","itemListElement":[{"@type":"ListItem","position":1,"name":"\u9996\u9875","item":"https:\/\/cigarpackagingbags.com\/"},{"@type":"ListItem","position":2,"name":"Products","item":"https:\/\/cigarpackagingbags.com\/products\/"},{"@type":"ListItem","position":3,"name":"Custom Slide Lock Closure Humidor Cigar bags With Built-in Humidification"}]},{"@type":"WebSite","@id":"https:\/\/cigarpackagingbags.com\/#website","url":"https:\/\/cigarpackagingbags.com\/","name":"HP Tabak- &amp; Zigarrenbeutel | Zigarren-Humidorbeutel | Zigarrenverpackungsbeutel L\u00f6sung","description":"Individuelle Tabak- und Zigarrentaschen mit gutem Preis","publisher":{"@id":"https:\/\/cigarpackagingbags.com\/#organization"},"alternateName":"Cigar Humidor Bags Manufacturer","potentialAction":[{"@type":"SearchAction","target":{"@type":"EntryPoint","urlTemplate":"https:\/\/cigarpackagingbags.com\/?s={search_term_string}"},"query-input":{"@type":"PropertyValueSpecification","valueRequired":true,"valueName":"search_term_string"}}],"inLanguage":"de"},{"@type":"Organization","@id":"https:\/\/cigarpackagingbags.com\/#organization","name":"HP Tabak- &amp; Zigarrenbeutel | Zigarren-Humidorbeutel | Zigarrenverpackungsbeutel L\u00f6sung","url":"https:\/\/cigarpackagingbags.com\/","logo":{"@type":"ImageObject","inLanguage":"de","@id":"https:\/\/cigarpackagingbags.com\/#\/schema\/logo\/image\/","url":"https:\/\/cigarpackagingbags.com\/wp-content\/uploads\/2023\/07\/cigar-bags-2.jpg","contentUrl":"https:\/\/cigarpackagingbags.com\/wp-content\/uploads\/2023\/07\/cigar-bags-2.jpg","width":1001,"height":1001,"caption":"HP Tobacco &amp; Cigar bags | Cigar Humidor Bags | Cigar Packaging Bags Solution"},"image":{"@id":"https:\/\/cigarpackagingbags.com\/#\/schema\/logo\/image\/"},"sameAs":["https:\/\/www.facebook.com\/profile.php?id=100083059694645"]}]}},"_links":{"self":[{"href":"https:\/\/cigarpackagingbags.com\/de\/wp-json\/wp\/v2\/product\/921","targetHints":{"allow":["GET"]}}],"collection":[{"href":"https:\/\/cigarpackagingbags.com\/de\/wp-json\/wp\/v2\/product"}],"about":[{"href":"https:\/\/cigarpackagingbags.com\/de\/wp-json\/wp\/v2\/types\/product"}],"replies":[{"embeddable":true,"href":"https:\/\/cigarpackagingbags.com\/de\/wp-json\/wp\/v2\/comments?post=921"}],"wp:featuredmedia":[{"embeddable":true,"href":"https:\/\/cigarpackagingbags.com\/de\/wp-json\/wp\/v2\/media\/922"}],"wp:attachment":[{"href":"https:\/\/cigarpackagingbags.com\/de\/wp-json\/wp\/v2\/media?parent=921"}],"wp:term":[{"taxonomy":"product_brand","embeddable":true,"href":"https:\/\/cigarpackagingbags.com\/de\/wp-json\/wp\/v2\/product_brand?post=921"},{"taxonomy":"product_cat","embeddable":true,"href":"https:\/\/cigarpackagingbags.com\/de\/wp-json\/wp\/v2\/product_cat?post=921"},{"taxonomy":"product_tag","embeddable":true,"href":"https:\/\/cigarpackagingbags.com\/de\/wp-json\/wp\/v2\/product_tag?post=921"}],"curies":[{"name":"wp","href":"https:\/\/api.w.org\/{rel}","templated":true}]}}