{"id":894,"date":"2023-08-09T16:15:32","date_gmt":"2023-08-09T16:15:32","guid":{"rendered":"https:\/\/cigarpackagingbags.com\/?post_type=product&#038;p=894"},"modified":"2023-08-09T16:26:04","modified_gmt":"2023-08-09T16:26:04","slug":"custom-tobacco-cigars-humidor-travel-bags-for-arturo-fuente-cigar","status":"publish","type":"product","link":"https:\/\/cigarpackagingbags.com\/de\/produkt\/custom-tobacco-cigars-humidor-travel-bags-for-arturo-fuente-cigar\/","title":{"rendered":"Custom Tobacco Zigarren Humidor"},"content":{"rendered":"<ol>\n<li>Gr\u00f6\u00dfe:130x250mm, kundenspezifische Anpassung<\/li>\n<li>Materialstruktur: PET\/PE, OPP\/PE, MattOPP\/PE<\/li>\n<li>Logo: Personalisierung<\/li>\n<li>Druck: Tiefdruck<\/li>\n<li>Farbe: 1-9 Farben sind verf\u00fcgbar.<\/li>\n<li>G\u00fcltig: Einmal ge\u00f6ffnet, bewahrt dieser Beutel Ihre Zigarren 90 Tage lang unter angemessenen Feuchtigkeitsbedingungen auf.<\/li>\n<li>Wiederverschlie\u00dfbarer Rei\u00dfverschluss zum einfachen \u00d6ffnen und Schlie\u00dfen des Beutels, bequem zu tragen mit Zigarren<\/li>\n<li>Lieferzeit: 21 Tage nach best\u00e4tigter Zahlung<\/li>\n<li>Zahlungen: T\/T, Visa, Paypal, etc.<\/li>\n<\/ol>\n<p>Der Humidor Travel Bag hat die perfekte Gr\u00f6\u00dfe, um Ihre Zigarren unterwegs sicher und frisch aufzubewahren. Diese Zigarre hat ein sch\u00f6nes ecuadorianisches Sun Grown Deckblatt, das eine Mischung aus dominikanischen Tabaken f\u00fcr ein echtes mittelkr\u00e4ftiges Profil umh\u00fcllt.<\/p>\n<p><strong>Logistik-Dienstleistung:<\/strong><\/p>\n<ul>\n<li>Wenn die Menge der Bestellung nicht sehr gro\u00df ist, k\u00f6nnen wir die Taschen per Expressversand, wie TNT, DHL, UPS, Fedex, etc.<\/li>\n<li>Wenn die Bestellung gro\u00df ist, raten wir Ihnen, Luft-oder Seefracht durch Sie ernannt Spediteur agent.or unsere langfristige kooperiert Agent ist auch verf\u00fcgbar.<\/li>\n<li>Frachtfrei bei Massengutversand<\/li>\n<\/ul>\n<p><strong>Video von Zigarrenfeuchtigkeitstasche<\/strong><\/p>\n<div class=\"wp-playlist wp-video-playlist wp-playlist-light\">\n\t\t<video controls=\"controls\" preload=\"none\" width=\"1268\"\n\t\t height=\"713\"\t><\/video>\n\t<div class=\"wp-playlist-next\"><\/div>\n\t<div class=\"wp-playlist-prev\"><\/div>\n\t<noscript>\n\t<ol>\n\t\t<li><a href='https:\/\/cigarpackagingbags.com\/wp-content\/uploads\/2023\/07\/operation-video-of-cigar-humidor-bags.mp4'>Video zur Bedienung von Zigarrenhumidorbeuteln<\/a><\/li>\t<\/ol>\n\t<\/noscript>\n\t<script type=\"application\/json\" class=\"wp-playlist-script\">{\"type\":\"video\",\"tracklist\":true,\"tracknumbers\":true,\"images\":true,\"artists\":true,\"tracks\":[{\"src\":\"https:\/\/cigarpackagingbags.com\/wp-content\/uploads\/2023\/07\/operation-video-of-cigar-humidor-bags.mp4\",\"type\":\"video\/mp4\",\"title\":\"operation video of cigar humidor bags\",\"caption\":\"video of cigar humidor bag\",\"description\":\"how to use cigar humidor bags\",\"meta\":{\"length_formatted\":\"0:26\"},\"dimensions\":{\"original\":{\"width\":1280,\"height\":720},\"resized\":{\"width\":1268,\"height\":713}},\"image\":{\"src\":\"https:\/\/cigarpackagingbags.com\/wp-includes\/images\/media\/video.svg\",\"width\":48,\"height\":64},\"thumb\":{\"src\":\"https:\/\/cigarpackagingbags.com\/wp-includes\/images\/media\/video.svg\",\"width\":48,\"height\":64}}]}<\/script>\n<\/div>","protected":false},"excerpt":{"rendered":"<ol>\n<li>Fabrik Preis: USD0.2\/St\u00fcck~USD0.3<\/li>\n<li>Size: 133x220mm,135x250mm,135x260mm<\/li>\n<li>MOQ: 10000St\u00fcck<\/li>\n<li>Farbe Form Kosten: USD78\/Farbe<\/li>\n<li>Werkstoffe:OPP\/PE,PET\/PE<\/li>\n<li>Lieferzeit:21 Tage nach best\u00e4tigter Zahlung<\/li>\n<li>Preis Begriff: EXW,CFN,CIF,DDP,etc.<\/li>\n<li>Zahlungen: T\/T, Visa, Paypal, etc.<\/li>\n<\/ol>","protected":false},"featured_media":895,"comment_status":"open","ping_status":"closed","template":"","meta":{"_kadence_starter_templates_imported_post":false,"_kad_post_transparent":"default","_kad_post_title":"","_kad_post_layout":"default","_kad_post_sidebar_id":"","_kad_post_content_style":"default","_kad_post_vertical_padding":"default","_kad_post_feature":"","_kad_post_feature_position":"","_kad_post_header":false,"_kad_post_footer":false},"product_brand":[],"product_cat":[21],"product_tag":[],"class_list":{"0":"post-894","1":"product","2":"type-product","3":"status-publish","4":"has-post-thumbnail","6":"product_cat-cigar-humidor-bags","8":"first","9":"instock","10":"shipping-taxable","11":"product-type-simple","12":"entry","13":"content-bg","14":"loop-entry"},"yoast_head":"<!-- This site is optimized with the Yoast SEO plugin v27.2 - https:\/\/yoast.com\/product\/yoast-seo-wordpress\/ -->\n<title>Custom Tobacco Cigars Humidor Travel Bags for Arturo Fuente Cigar In Dominican Republic HP Tobacco &amp; Cigar bags | Cigar Humidor Bags | Cigar Packaging Bags Solution<\/title>\n<meta name=\"description\" content=\"The Humidor Travel Bag is a perfect size to keep your cigars safely secured and fresh on the go. welcome to send inquiry to us for more details.\" \/>\n<meta name=\"robots\" content=\"index, follow, max-snippet:-1, max-image-preview:large, max-video-preview:-1\" \/>\n<link rel=\"canonical\" href=\"https:\/\/cigarpackagingbags.com\/de\/custom-tobacco-cigars-humidor-travel-bags-for-arturo-fuente-cigar\/\" \/>\n<meta property=\"og:locale\" content=\"de_DE\" \/>\n<meta property=\"og:type\" content=\"article\" \/>\n<meta property=\"og:title\" content=\"Custom Tobacco Cigars Humidor Travel Bags for Arturo Fuente Cigar In Dominican Republic HP Tobacco &amp; Cigar bags | Cigar Humidor Bags | Cigar Packaging Bags Solution\" \/>\n<meta property=\"og:description\" content=\"The Humidor Travel Bag is a perfect size to keep your cigars safely secured and fresh on the go. welcome to send inquiry to us for more details.\" \/>\n<meta property=\"og:url\" content=\"https:\/\/cigarpackagingbags.com\/de\/custom-tobacco-cigars-humidor-travel-bags-for-arturo-fuente-cigar\/\" \/>\n<meta property=\"og:site_name\" content=\"HP Tobacco &amp; Cigar bags | Cigar Humidor Bags | Cigar Packaging Bags Solution\" \/>\n<meta property=\"article:publisher\" content=\"https:\/\/www.facebook.com\/profile.php?id=100083059694645\" \/>\n<meta property=\"article:modified_time\" content=\"2023-08-09T16:26:04+00:00\" \/>\n<meta property=\"og:image\" content=\"https:\/\/cigarpackagingbags.com\/wp-content\/uploads\/2023\/08\/humidor-travel-bag.jpg\" \/>\n\t<meta property=\"og:image:width\" content=\"640\" \/>\n\t<meta property=\"og:image:height\" content=\"640\" \/>\n\t<meta property=\"og:image:type\" content=\"image\/jpeg\" \/>\n<meta name=\"twitter:card\" content=\"summary_large_image\" \/>\n<meta name=\"twitter:label1\" content=\"Gesch\u00e4tzte Lesezeit\" \/>\n\t<meta name=\"twitter:data1\" content=\"1\u00a0Minute\" \/>\n<script type=\"application\/ld+json\" class=\"yoast-schema-graph\">{\"@context\":\"https:\/\/schema.org\",\"@graph\":[{\"@type\":\"WebPage\",\"@id\":\"https:\/\/cigarpackagingbags.com\/custom-tobacco-cigars-humidor-travel-bags-for-arturo-fuente-cigar\/\",\"url\":\"https:\/\/cigarpackagingbags.com\/custom-tobacco-cigars-humidor-travel-bags-for-arturo-fuente-cigar\/\",\"name\":\"Custom Tobacco Cigars Humidor Travel Bags for Arturo Fuente Cigar In Dominican Republic HP Tobacco &amp; Cigar bags | Cigar Humidor Bags | Cigar Packaging Bags Solution\",\"isPartOf\":{\"@id\":\"https:\/\/cigarpackagingbags.com\/#website\"},\"primaryImageOfPage\":{\"@id\":\"https:\/\/cigarpackagingbags.com\/custom-tobacco-cigars-humidor-travel-bags-for-arturo-fuente-cigar\/#primaryimage\"},\"image\":{\"@id\":\"https:\/\/cigarpackagingbags.com\/custom-tobacco-cigars-humidor-travel-bags-for-arturo-fuente-cigar\/#primaryimage\"},\"thumbnailUrl\":\"https:\/\/cigarpackagingbags.com\/wp-content\/uploads\/2023\/08\/humidor-travel-bag.jpg\",\"datePublished\":\"2023-08-09T16:15:32+00:00\",\"dateModified\":\"2023-08-09T16:26:04+00:00\",\"description\":\"The Humidor Travel Bag is a perfect size to keep your cigars safely secured and fresh on the go. welcome to send inquiry to us for more details.\",\"breadcrumb\":{\"@id\":\"https:\/\/cigarpackagingbags.com\/custom-tobacco-cigars-humidor-travel-bags-for-arturo-fuente-cigar\/#breadcrumb\"},\"inLanguage\":\"de\",\"potentialAction\":[{\"@type\":\"ReadAction\",\"target\":[\"https:\/\/cigarpackagingbags.com\/custom-tobacco-cigars-humidor-travel-bags-for-arturo-fuente-cigar\/\"]}]},{\"@type\":\"ImageObject\",\"inLanguage\":\"de\",\"@id\":\"https:\/\/cigarpackagingbags.com\/custom-tobacco-cigars-humidor-travel-bags-for-arturo-fuente-cigar\/#primaryimage\",\"url\":\"https:\/\/cigarpackagingbags.com\/wp-content\/uploads\/2023\/08\/humidor-travel-bag.jpg\",\"contentUrl\":\"https:\/\/cigarpackagingbags.com\/wp-content\/uploads\/2023\/08\/humidor-travel-bag.jpg\",\"width\":640,\"height\":640,\"caption\":\"Cigar humidor travel bags\"},{\"@type\":\"BreadcrumbList\",\"@id\":\"https:\/\/cigarpackagingbags.com\/custom-tobacco-cigars-humidor-travel-bags-for-arturo-fuente-cigar\/#breadcrumb\",\"itemListElement\":[{\"@type\":\"ListItem\",\"position\":1,\"name\":\"\u9996\u9875\",\"item\":\"https:\/\/cigarpackagingbags.com\/\"},{\"@type\":\"ListItem\",\"position\":2,\"name\":\"Products\",\"item\":\"https:\/\/cigarpackagingbags.com\/products\/\"},{\"@type\":\"ListItem\",\"position\":3,\"name\":\"Custom Tobacco Cigars Humidor Travel Bags for Arturo Fuente Cigar In Dominican Republic\"}]},{\"@type\":\"WebSite\",\"@id\":\"https:\/\/cigarpackagingbags.com\/#website\",\"url\":\"https:\/\/cigarpackagingbags.com\/\",\"name\":\"HP Tobacco &amp; Cigar bags | Cigar Humidor Bags | Cigar Packaging Bags Solution\",\"description\":\"Custom Tobacco &amp; Cigar Bags With Good Price\",\"publisher\":{\"@id\":\"https:\/\/cigarpackagingbags.com\/#organization\"},\"alternateName\":\"Cigar Humidor Bags Manufacturer\",\"potentialAction\":[{\"@type\":\"SearchAction\",\"target\":{\"@type\":\"EntryPoint\",\"urlTemplate\":\"https:\/\/cigarpackagingbags.com\/?s={search_term_string}\"},\"query-input\":{\"@type\":\"PropertyValueSpecification\",\"valueRequired\":true,\"valueName\":\"search_term_string\"}}],\"inLanguage\":\"de\"},{\"@type\":\"Organization\",\"@id\":\"https:\/\/cigarpackagingbags.com\/#organization\",\"name\":\"HP Tobacco &amp; Cigar bags | Cigar Humidor Bags | Cigar Packaging Bags Solution\",\"url\":\"https:\/\/cigarpackagingbags.com\/\",\"logo\":{\"@type\":\"ImageObject\",\"inLanguage\":\"de\",\"@id\":\"https:\/\/cigarpackagingbags.com\/#\/schema\/logo\/image\/\",\"url\":\"https:\/\/cigarpackagingbags.com\/wp-content\/uploads\/2023\/07\/cigar-bags-2.jpg\",\"contentUrl\":\"https:\/\/cigarpackagingbags.com\/wp-content\/uploads\/2023\/07\/cigar-bags-2.jpg\",\"width\":1001,\"height\":1001,\"caption\":\"HP Tobacco &amp; Cigar bags | Cigar Humidor Bags | Cigar Packaging Bags Solution\"},\"image\":{\"@id\":\"https:\/\/cigarpackagingbags.com\/#\/schema\/logo\/image\/\"},\"sameAs\":[\"https:\/\/www.facebook.com\/profile.php?id=100083059694645\"]}]}<\/script>\n<!-- \/ Yoast SEO plugin. -->","yoast_head_json":{"title":"Custom Tobacco Cigars Humidor Travel Bags for Arturo Fuente Cigar In Dominican Republic HP Tobacco &amp; Cigar bags | Cigar Humidor Bags | Cigar Packaging Bags Solution","description":"The Humidor Travel Bag is a perfect size to keep your cigars safely secured and fresh on the go. welcome to send inquiry to us for more details.","robots":{"index":"index","follow":"follow","max-snippet":"max-snippet:-1","max-image-preview":"max-image-preview:large","max-video-preview":"max-video-preview:-1"},"canonical":"https:\/\/cigarpackagingbags.com\/de\/custom-tobacco-cigars-humidor-travel-bags-for-arturo-fuente-cigar\/","og_locale":"de_DE","og_type":"article","og_title":"Custom Tobacco Cigars Humidor Travel Bags for Arturo Fuente Cigar In Dominican Republic HP Tobacco &amp; Cigar bags | Cigar Humidor Bags | Cigar Packaging Bags Solution","og_description":"The Humidor Travel Bag is a perfect size to keep your cigars safely secured and fresh on the go. welcome to send inquiry to us for more details.","og_url":"https:\/\/cigarpackagingbags.com\/de\/custom-tobacco-cigars-humidor-travel-bags-for-arturo-fuente-cigar\/","og_site_name":"HP Tobacco &amp; Cigar bags | Cigar Humidor Bags | Cigar Packaging Bags Solution","article_publisher":"https:\/\/www.facebook.com\/profile.php?id=100083059694645","article_modified_time":"2023-08-09T16:26:04+00:00","og_image":[{"width":640,"height":640,"url":"https:\/\/cigarpackagingbags.com\/wp-content\/uploads\/2023\/08\/humidor-travel-bag.jpg","type":"image\/jpeg"}],"twitter_card":"summary_large_image","twitter_misc":{"Gesch\u00e4tzte Lesezeit":"1\u00a0Minute"},"schema":{"@context":"https:\/\/schema.org","@graph":[{"@type":"WebPage","@id":"https:\/\/cigarpackagingbags.com\/custom-tobacco-cigars-humidor-travel-bags-for-arturo-fuente-cigar\/","url":"https:\/\/cigarpackagingbags.com\/custom-tobacco-cigars-humidor-travel-bags-for-arturo-fuente-cigar\/","name":"Custom Tobacco Cigars Humidor Travel Bags for Arturo Fuente Cigar In Dominican Republic HP Tobacco &amp; Cigar bags | Cigar Humidor Bags | Cigar Packaging Bags Solution","isPartOf":{"@id":"https:\/\/cigarpackagingbags.com\/#website"},"primaryImageOfPage":{"@id":"https:\/\/cigarpackagingbags.com\/custom-tobacco-cigars-humidor-travel-bags-for-arturo-fuente-cigar\/#primaryimage"},"image":{"@id":"https:\/\/cigarpackagingbags.com\/custom-tobacco-cigars-humidor-travel-bags-for-arturo-fuente-cigar\/#primaryimage"},"thumbnailUrl":"https:\/\/cigarpackagingbags.com\/wp-content\/uploads\/2023\/08\/humidor-travel-bag.jpg","datePublished":"2023-08-09T16:15:32+00:00","dateModified":"2023-08-09T16:26:04+00:00","description":"The Humidor Travel Bag is a perfect size to keep your cigars safely secured and fresh on the go. welcome to send inquiry to us for more details.","breadcrumb":{"@id":"https:\/\/cigarpackagingbags.com\/custom-tobacco-cigars-humidor-travel-bags-for-arturo-fuente-cigar\/#breadcrumb"},"inLanguage":"de","potentialAction":[{"@type":"ReadAction","target":["https:\/\/cigarpackagingbags.com\/custom-tobacco-cigars-humidor-travel-bags-for-arturo-fuente-cigar\/"]}]},{"@type":"ImageObject","inLanguage":"de","@id":"https:\/\/cigarpackagingbags.com\/custom-tobacco-cigars-humidor-travel-bags-for-arturo-fuente-cigar\/#primaryimage","url":"https:\/\/cigarpackagingbags.com\/wp-content\/uploads\/2023\/08\/humidor-travel-bag.jpg","contentUrl":"https:\/\/cigarpackagingbags.com\/wp-content\/uploads\/2023\/08\/humidor-travel-bag.jpg","width":640,"height":640,"caption":"Cigar humidor travel bags"},{"@type":"BreadcrumbList","@id":"https:\/\/cigarpackagingbags.com\/custom-tobacco-cigars-humidor-travel-bags-for-arturo-fuente-cigar\/#breadcrumb","itemListElement":[{"@type":"ListItem","position":1,"name":"\u9996\u9875","item":"https:\/\/cigarpackagingbags.com\/"},{"@type":"ListItem","position":2,"name":"Products","item":"https:\/\/cigarpackagingbags.com\/products\/"},{"@type":"ListItem","position":3,"name":"Custom Tobacco Cigars Humidor Travel Bags for Arturo Fuente Cigar In Dominican Republic"}]},{"@type":"WebSite","@id":"https:\/\/cigarpackagingbags.com\/#website","url":"https:\/\/cigarpackagingbags.com\/","name":"HP Tabak- &amp; Zigarrenbeutel | Zigarren-Humidorbeutel | Zigarrenverpackungsbeutel L\u00f6sung","description":"Individuelle Tabak- und Zigarrentaschen mit gutem Preis","publisher":{"@id":"https:\/\/cigarpackagingbags.com\/#organization"},"alternateName":"Cigar Humidor Bags Manufacturer","potentialAction":[{"@type":"SearchAction","target":{"@type":"EntryPoint","urlTemplate":"https:\/\/cigarpackagingbags.com\/?s={search_term_string}"},"query-input":{"@type":"PropertyValueSpecification","valueRequired":true,"valueName":"search_term_string"}}],"inLanguage":"de"},{"@type":"Organization","@id":"https:\/\/cigarpackagingbags.com\/#organization","name":"HP Tabak- &amp; Zigarrenbeutel | Zigarren-Humidorbeutel | Zigarrenverpackungsbeutel L\u00f6sung","url":"https:\/\/cigarpackagingbags.com\/","logo":{"@type":"ImageObject","inLanguage":"de","@id":"https:\/\/cigarpackagingbags.com\/#\/schema\/logo\/image\/","url":"https:\/\/cigarpackagingbags.com\/wp-content\/uploads\/2023\/07\/cigar-bags-2.jpg","contentUrl":"https:\/\/cigarpackagingbags.com\/wp-content\/uploads\/2023\/07\/cigar-bags-2.jpg","width":1001,"height":1001,"caption":"HP Tobacco &amp; Cigar bags | Cigar Humidor Bags | Cigar Packaging Bags Solution"},"image":{"@id":"https:\/\/cigarpackagingbags.com\/#\/schema\/logo\/image\/"},"sameAs":["https:\/\/www.facebook.com\/profile.php?id=100083059694645"]}]}},"_links":{"self":[{"href":"https:\/\/cigarpackagingbags.com\/de\/wp-json\/wp\/v2\/product\/894","targetHints":{"allow":["GET"]}}],"collection":[{"href":"https:\/\/cigarpackagingbags.com\/de\/wp-json\/wp\/v2\/product"}],"about":[{"href":"https:\/\/cigarpackagingbags.com\/de\/wp-json\/wp\/v2\/types\/product"}],"replies":[{"embeddable":true,"href":"https:\/\/cigarpackagingbags.com\/de\/wp-json\/wp\/v2\/comments?post=894"}],"wp:featuredmedia":[{"embeddable":true,"href":"https:\/\/cigarpackagingbags.com\/de\/wp-json\/wp\/v2\/media\/895"}],"wp:attachment":[{"href":"https:\/\/cigarpackagingbags.com\/de\/wp-json\/wp\/v2\/media?parent=894"}],"wp:term":[{"taxonomy":"product_brand","embeddable":true,"href":"https:\/\/cigarpackagingbags.com\/de\/wp-json\/wp\/v2\/product_brand?post=894"},{"taxonomy":"product_cat","embeddable":true,"href":"https:\/\/cigarpackagingbags.com\/de\/wp-json\/wp\/v2\/product_cat?post=894"},{"taxonomy":"product_tag","embeddable":true,"href":"https:\/\/cigarpackagingbags.com\/de\/wp-json\/wp\/v2\/product_tag?post=894"}],"curies":[{"name":"wp","href":"https:\/\/api.w.org\/{rel}","templated":true}]}}