{"id":1031,"date":"2023-10-23T05:37:42","date_gmt":"2023-10-23T05:37:42","guid":{"rendered":"https:\/\/cigarpackagingbags.com\/?post_type=product&#038;p=1031"},"modified":"2023-10-23T05:44:59","modified_gmt":"2023-10-23T05:44:59","slug":"printed-polyethylene-slide-seal-lock-cigar-bags-10-x-5","status":"publish","type":"product","link":"https:\/\/cigarpackagingbags.com\/de\/produkt\/printed-polyethylene-slide-seal-lock-cigar-bags-10-x-5\/","title":{"rendered":"Individuell bedrucktes Polyethylen Sl"},"content":{"rendered":"<ul>\n<li class=\"a-spacing-mini\"><span class=\"a-list-item\">100 PACK PLASTIC ZIP BAGS 10 x 5 Zoll: Polyethylen Zigarrenbeutel h\u00e4lt Ihre Zigarren trocken und schmackhaft, mit Schiebeverschluss, vermeiden Sie jede Seite Geruch! 3 mil klare Plastikt\u00fcten bieten dauerhaften Schutz vor verschiedenen St\u00f6\u00dfen und bewahren Zigarren wie neu.<\/span><\/li>\n<li class=\"a-spacing-mini\"><span class=\"a-list-item\">HALTBARE ZIP-BEUTEL: Verschlie\u00dfbare Plastikbeutel werden aus LDPE hergestellt. Kunststoff-Zip-Baggies sind wasserdicht. Die Mini-Plastikbeutel sch\u00fctzen Ihre Zigarren vor Feuchtigkeit und helfen Ihnen, Ihre Zigarrengeschenke f\u00fcr M\u00e4nner und Frauen viel l\u00e4nger zu genie\u00dfen. Die kleinen Plastikt\u00fcten sind eine tolle Erg\u00e4nzung zu Ihrem Raucherzubeh\u00f6r.<\/span><\/li>\n<li class=\"a-spacing-mini\"><span class=\"a-list-item\">Dufterhaltung: Zigarrenbeutel aus Kunststoff bewahren Zigarren einfach auf und halten sie frisch. Kleine Polybeutel halten Sauerstoff und Feuchtigkeit fern. 3 mil dicke Mini-Rei\u00dfverschlusstaschen halten das ganze Aroma im Inneren. Kleine durchsichtige Plastikt\u00fcten f\u00fcr Zigarren sind eine vertrauensw\u00fcrdige Wahl f\u00fcr jeden Raucher.<\/span><\/li>\n<li>LIEBE ZUM DETAIL: Die wiederverschlie\u00dfbare Plastikt\u00fcte hat ein modisches Design mit dem Aufdruck \"Fine Cigars\". Kleine Plastikt\u00fcten haben einen dichten Verschluss und ein sehr klares Poly-Material. Extra dichte, flexible, weiche kleine Rei\u00dfverschlusstaschen sind ideal f\u00fcr Ihre Reise Zigarre Fall.<\/li>\n<li class=\"a-spacing-mini\"><span class=\"a-list-item\">GESCHENKVERPACKUNG F\u00dcR M\u00c4NNER: Weihnachtsgeschenke sollten ber\u00fchrend sein, auch Geschenke f\u00fcr den Vater, der Zigarren liebt. Oder suchen Sie nach Geschenken f\u00fcr Mitarbeiter? Es scheint, dass Zigarrenraucher klare Plastikbeutel mit Rei\u00dfverschluss als Weihnachtsgeschenk lieben w\u00fcrden. Gro\u00dfe Geschenke f\u00fcr M\u00e4nner m\u00fcssen gro\u00dfartig sein! Machen Sie eine Erg\u00e4nzung zu Strumpff\u00fcllern!<\/span><\/li>\n<\/ul>","protected":false},"excerpt":{"rendered":"<ol>\n<li>Gr\u00f6\u00dfe: 10\u00d75\u2033;<\/li>\n<li>Preis: USD0,02~0,6<\/li>\n<li>Druckdesign: Personalisierung<\/li>\n<li>MOQ:20000St\u00fcck<\/li>\n<li>Materialien: Polyethylen niedriger Dichte<\/li>\n<li>Merkmal:wiederverwendbar und recycelbar<\/li>\n<li>Typ:Einspurige Rei\u00dfverschlussverriegelung<\/li>\n<li>Lieferzeit:21 Tage nach best\u00e4tigter Zahlung<\/li>\n<li>Preis Begriff: EXW,CFN,CIF,DDP,etc.<\/li>\n<li>Zahlungen: T\/T, Visa, Paypal, etc.<\/li>\n<\/ol>","protected":false},"featured_media":1033,"comment_status":"open","ping_status":"closed","template":"","meta":{"_kadence_starter_templates_imported_post":false,"_kad_post_transparent":"default","_kad_post_title":"","_kad_post_layout":"default","_kad_post_sidebar_id":"","_kad_post_content_style":"default","_kad_post_vertical_padding":"default","_kad_post_feature":"","_kad_post_feature_position":"","_kad_post_header":false,"_kad_post_footer":false},"product_brand":[],"product_cat":[22],"product_tag":[],"class_list":{"0":"post-1031","1":"product","2":"type-product","3":"status-publish","4":"has-post-thumbnail","6":"product_cat-cigar-packaging-bags","8":"first","9":"instock","10":"shipping-taxable","11":"product-type-simple","12":"entry","13":"content-bg","14":"loop-entry"},"yoast_head":"<!-- This site is optimized with the Yoast SEO plugin v27.2 - https:\/\/yoast.com\/product\/yoast-seo-wordpress\/ -->\n<title>Custom Printed Polyethylene Slide Seal Lock Cigar Bags 10 x 5 HP Tobacco &amp; Cigar bags | Cigar Humidor Bags | Cigar Packaging Bags Solution<\/title>\n<meta name=\"description\" content=\"China zip lock cigar bags manufacturer, produce zip lock cigar bags, cigar humidor bags and all kinds of plastic cigar packaging bags\" \/>\n<meta name=\"robots\" content=\"index, follow, max-snippet:-1, max-image-preview:large, max-video-preview:-1\" \/>\n<link rel=\"canonical\" href=\"https:\/\/cigarpackagingbags.com\/de\/printed-polyethylene-slide-seal-lock-cigar-bags-10-x-5\/\" \/>\n<meta property=\"og:locale\" content=\"de_DE\" \/>\n<meta property=\"og:type\" content=\"article\" \/>\n<meta property=\"og:title\" content=\"Custom Printed Polyethylene Slide Seal Lock Cigar Bags 10 x 5 HP Tobacco &amp; Cigar bags | Cigar Humidor Bags | Cigar Packaging Bags Solution\" \/>\n<meta property=\"og:description\" content=\"China zip lock cigar bags manufacturer, produce zip lock cigar bags, cigar humidor bags and all kinds of plastic cigar packaging bags\" \/>\n<meta property=\"og:url\" content=\"https:\/\/cigarpackagingbags.com\/de\/printed-polyethylene-slide-seal-lock-cigar-bags-10-x-5\/\" \/>\n<meta property=\"og:site_name\" content=\"HP Tobacco &amp; Cigar bags | Cigar Humidor Bags | Cigar Packaging Bags Solution\" \/>\n<meta property=\"article:publisher\" content=\"https:\/\/www.facebook.com\/profile.php?id=100083059694645\" \/>\n<meta property=\"article:modified_time\" content=\"2023-10-23T05:44:59+00:00\" \/>\n<meta property=\"og:image\" content=\"https:\/\/cigarpackagingbags.com\/wp-content\/uploads\/2023\/10\/fine-tobacco-side-seal-lock-bag.jpg\" \/>\n\t<meta property=\"og:image:width\" content=\"640\" \/>\n\t<meta property=\"og:image:height\" content=\"640\" \/>\n\t<meta property=\"og:image:type\" content=\"image\/jpeg\" \/>\n<meta name=\"twitter:card\" content=\"summary_large_image\" \/>\n<meta name=\"twitter:label1\" content=\"Gesch\u00e4tzte Lesezeit\" \/>\n\t<meta name=\"twitter:data1\" content=\"1\u00a0Minute\" \/>\n<script type=\"application\/ld+json\" class=\"yoast-schema-graph\">{\"@context\":\"https:\/\/schema.org\",\"@graph\":[{\"@type\":\"WebPage\",\"@id\":\"https:\/\/cigarpackagingbags.com\/printed-polyethylene-slide-seal-lock-cigar-bags-10-x-5\/\",\"url\":\"https:\/\/cigarpackagingbags.com\/printed-polyethylene-slide-seal-lock-cigar-bags-10-x-5\/\",\"name\":\"Custom Printed Polyethylene Slide Seal Lock Cigar Bags 10 x 5 HP Tobacco &amp; Cigar bags | Cigar Humidor Bags | Cigar Packaging Bags Solution\",\"isPartOf\":{\"@id\":\"https:\/\/cigarpackagingbags.com\/#website\"},\"primaryImageOfPage\":{\"@id\":\"https:\/\/cigarpackagingbags.com\/printed-polyethylene-slide-seal-lock-cigar-bags-10-x-5\/#primaryimage\"},\"image\":{\"@id\":\"https:\/\/cigarpackagingbags.com\/printed-polyethylene-slide-seal-lock-cigar-bags-10-x-5\/#primaryimage\"},\"thumbnailUrl\":\"https:\/\/cigarpackagingbags.com\/wp-content\/uploads\/2023\/10\/fine-tobacco-side-seal-lock-bag.jpg\",\"datePublished\":\"2023-10-23T05:37:42+00:00\",\"dateModified\":\"2023-10-23T05:44:59+00:00\",\"description\":\"China zip lock cigar bags manufacturer, produce zip lock cigar bags, cigar humidor bags and all kinds of plastic cigar packaging bags\",\"breadcrumb\":{\"@id\":\"https:\/\/cigarpackagingbags.com\/printed-polyethylene-slide-seal-lock-cigar-bags-10-x-5\/#breadcrumb\"},\"inLanguage\":\"de\",\"potentialAction\":[{\"@type\":\"ReadAction\",\"target\":[\"https:\/\/cigarpackagingbags.com\/printed-polyethylene-slide-seal-lock-cigar-bags-10-x-5\/\"]}]},{\"@type\":\"ImageObject\",\"inLanguage\":\"de\",\"@id\":\"https:\/\/cigarpackagingbags.com\/printed-polyethylene-slide-seal-lock-cigar-bags-10-x-5\/#primaryimage\",\"url\":\"https:\/\/cigarpackagingbags.com\/wp-content\/uploads\/2023\/10\/fine-tobacco-side-seal-lock-bag.jpg\",\"contentUrl\":\"https:\/\/cigarpackagingbags.com\/wp-content\/uploads\/2023\/10\/fine-tobacco-side-seal-lock-bag.jpg\",\"width\":640,\"height\":640,\"caption\":\"zip lock cigar bag\"},{\"@type\":\"BreadcrumbList\",\"@id\":\"https:\/\/cigarpackagingbags.com\/printed-polyethylene-slide-seal-lock-cigar-bags-10-x-5\/#breadcrumb\",\"itemListElement\":[{\"@type\":\"ListItem\",\"position\":1,\"name\":\"\u9996\u9875\",\"item\":\"https:\/\/cigarpackagingbags.com\/\"},{\"@type\":\"ListItem\",\"position\":2,\"name\":\"Products\",\"item\":\"https:\/\/cigarpackagingbags.com\/products\/\"},{\"@type\":\"ListItem\",\"position\":3,\"name\":\"Custom Printed Polyethylene Slide Seal Lock Cigar Bags 10 x 5\"}]},{\"@type\":\"WebSite\",\"@id\":\"https:\/\/cigarpackagingbags.com\/#website\",\"url\":\"https:\/\/cigarpackagingbags.com\/\",\"name\":\"HP Tobacco &amp; Cigar bags | Cigar Humidor Bags | Cigar Packaging Bags Solution\",\"description\":\"Custom Tobacco &amp; Cigar Bags With Good Price\",\"publisher\":{\"@id\":\"https:\/\/cigarpackagingbags.com\/#organization\"},\"alternateName\":\"Cigar Humidor Bags Manufacturer\",\"potentialAction\":[{\"@type\":\"SearchAction\",\"target\":{\"@type\":\"EntryPoint\",\"urlTemplate\":\"https:\/\/cigarpackagingbags.com\/?s={search_term_string}\"},\"query-input\":{\"@type\":\"PropertyValueSpecification\",\"valueRequired\":true,\"valueName\":\"search_term_string\"}}],\"inLanguage\":\"de\"},{\"@type\":\"Organization\",\"@id\":\"https:\/\/cigarpackagingbags.com\/#organization\",\"name\":\"HP Tobacco &amp; Cigar bags | Cigar Humidor Bags | Cigar Packaging Bags Solution\",\"url\":\"https:\/\/cigarpackagingbags.com\/\",\"logo\":{\"@type\":\"ImageObject\",\"inLanguage\":\"de\",\"@id\":\"https:\/\/cigarpackagingbags.com\/#\/schema\/logo\/image\/\",\"url\":\"https:\/\/cigarpackagingbags.com\/wp-content\/uploads\/2023\/07\/cigar-bags-2.jpg\",\"contentUrl\":\"https:\/\/cigarpackagingbags.com\/wp-content\/uploads\/2023\/07\/cigar-bags-2.jpg\",\"width\":1001,\"height\":1001,\"caption\":\"HP Tobacco &amp; Cigar bags | Cigar Humidor Bags | Cigar Packaging Bags Solution\"},\"image\":{\"@id\":\"https:\/\/cigarpackagingbags.com\/#\/schema\/logo\/image\/\"},\"sameAs\":[\"https:\/\/www.facebook.com\/profile.php?id=100083059694645\"]}]}<\/script>\n<!-- \/ Yoast SEO plugin. -->","yoast_head_json":{"title":"Custom Printed Polyethylene Slide Seal Lock Cigar Bags 10 x 5 HP Tobacco &amp; Cigar bags | Cigar Humidor Bags | Cigar Packaging Bags Solution","description":"China zip lock cigar bags manufacturer, produce zip lock cigar bags, cigar humidor bags and all kinds of plastic cigar packaging bags","robots":{"index":"index","follow":"follow","max-snippet":"max-snippet:-1","max-image-preview":"max-image-preview:large","max-video-preview":"max-video-preview:-1"},"canonical":"https:\/\/cigarpackagingbags.com\/de\/printed-polyethylene-slide-seal-lock-cigar-bags-10-x-5\/","og_locale":"de_DE","og_type":"article","og_title":"Custom Printed Polyethylene Slide Seal Lock Cigar Bags 10 x 5 HP Tobacco &amp; Cigar bags | Cigar Humidor Bags | Cigar Packaging Bags Solution","og_description":"China zip lock cigar bags manufacturer, produce zip lock cigar bags, cigar humidor bags and all kinds of plastic cigar packaging bags","og_url":"https:\/\/cigarpackagingbags.com\/de\/printed-polyethylene-slide-seal-lock-cigar-bags-10-x-5\/","og_site_name":"HP Tobacco &amp; Cigar bags | Cigar Humidor Bags | Cigar Packaging Bags Solution","article_publisher":"https:\/\/www.facebook.com\/profile.php?id=100083059694645","article_modified_time":"2023-10-23T05:44:59+00:00","og_image":[{"width":640,"height":640,"url":"https:\/\/cigarpackagingbags.com\/wp-content\/uploads\/2023\/10\/fine-tobacco-side-seal-lock-bag.jpg","type":"image\/jpeg"}],"twitter_card":"summary_large_image","twitter_misc":{"Gesch\u00e4tzte Lesezeit":"1\u00a0Minute"},"schema":{"@context":"https:\/\/schema.org","@graph":[{"@type":"WebPage","@id":"https:\/\/cigarpackagingbags.com\/printed-polyethylene-slide-seal-lock-cigar-bags-10-x-5\/","url":"https:\/\/cigarpackagingbags.com\/printed-polyethylene-slide-seal-lock-cigar-bags-10-x-5\/","name":"Custom Printed Polyethylene Slide Seal Lock Cigar Bags 10 x 5 HP Tobacco &amp; Cigar bags | Cigar Humidor Bags | Cigar Packaging Bags Solution","isPartOf":{"@id":"https:\/\/cigarpackagingbags.com\/#website"},"primaryImageOfPage":{"@id":"https:\/\/cigarpackagingbags.com\/printed-polyethylene-slide-seal-lock-cigar-bags-10-x-5\/#primaryimage"},"image":{"@id":"https:\/\/cigarpackagingbags.com\/printed-polyethylene-slide-seal-lock-cigar-bags-10-x-5\/#primaryimage"},"thumbnailUrl":"https:\/\/cigarpackagingbags.com\/wp-content\/uploads\/2023\/10\/fine-tobacco-side-seal-lock-bag.jpg","datePublished":"2023-10-23T05:37:42+00:00","dateModified":"2023-10-23T05:44:59+00:00","description":"China zip lock cigar bags manufacturer, produce zip lock cigar bags, cigar humidor bags and all kinds of plastic cigar packaging bags","breadcrumb":{"@id":"https:\/\/cigarpackagingbags.com\/printed-polyethylene-slide-seal-lock-cigar-bags-10-x-5\/#breadcrumb"},"inLanguage":"de","potentialAction":[{"@type":"ReadAction","target":["https:\/\/cigarpackagingbags.com\/printed-polyethylene-slide-seal-lock-cigar-bags-10-x-5\/"]}]},{"@type":"ImageObject","inLanguage":"de","@id":"https:\/\/cigarpackagingbags.com\/printed-polyethylene-slide-seal-lock-cigar-bags-10-x-5\/#primaryimage","url":"https:\/\/cigarpackagingbags.com\/wp-content\/uploads\/2023\/10\/fine-tobacco-side-seal-lock-bag.jpg","contentUrl":"https:\/\/cigarpackagingbags.com\/wp-content\/uploads\/2023\/10\/fine-tobacco-side-seal-lock-bag.jpg","width":640,"height":640,"caption":"zip lock cigar bag"},{"@type":"BreadcrumbList","@id":"https:\/\/cigarpackagingbags.com\/printed-polyethylene-slide-seal-lock-cigar-bags-10-x-5\/#breadcrumb","itemListElement":[{"@type":"ListItem","position":1,"name":"\u9996\u9875","item":"https:\/\/cigarpackagingbags.com\/"},{"@type":"ListItem","position":2,"name":"Products","item":"https:\/\/cigarpackagingbags.com\/products\/"},{"@type":"ListItem","position":3,"name":"Custom Printed Polyethylene Slide Seal Lock Cigar Bags 10 x 5"}]},{"@type":"WebSite","@id":"https:\/\/cigarpackagingbags.com\/#website","url":"https:\/\/cigarpackagingbags.com\/","name":"HP Tabak- &amp; Zigarrenbeutel | Zigarren-Humidorbeutel | Zigarrenverpackungsbeutel L\u00f6sung","description":"Individuelle Tabak- und Zigarrentaschen mit gutem Preis","publisher":{"@id":"https:\/\/cigarpackagingbags.com\/#organization"},"alternateName":"Cigar Humidor Bags Manufacturer","potentialAction":[{"@type":"SearchAction","target":{"@type":"EntryPoint","urlTemplate":"https:\/\/cigarpackagingbags.com\/?s={search_term_string}"},"query-input":{"@type":"PropertyValueSpecification","valueRequired":true,"valueName":"search_term_string"}}],"inLanguage":"de"},{"@type":"Organization","@id":"https:\/\/cigarpackagingbags.com\/#organization","name":"HP Tabak- &amp; Zigarrenbeutel | Zigarren-Humidorbeutel | Zigarrenverpackungsbeutel L\u00f6sung","url":"https:\/\/cigarpackagingbags.com\/","logo":{"@type":"ImageObject","inLanguage":"de","@id":"https:\/\/cigarpackagingbags.com\/#\/schema\/logo\/image\/","url":"https:\/\/cigarpackagingbags.com\/wp-content\/uploads\/2023\/07\/cigar-bags-2.jpg","contentUrl":"https:\/\/cigarpackagingbags.com\/wp-content\/uploads\/2023\/07\/cigar-bags-2.jpg","width":1001,"height":1001,"caption":"HP Tobacco &amp; Cigar bags | Cigar Humidor Bags | Cigar Packaging Bags Solution"},"image":{"@id":"https:\/\/cigarpackagingbags.com\/#\/schema\/logo\/image\/"},"sameAs":["https:\/\/www.facebook.com\/profile.php?id=100083059694645"]}]}},"_links":{"self":[{"href":"https:\/\/cigarpackagingbags.com\/de\/wp-json\/wp\/v2\/product\/1031","targetHints":{"allow":["GET"]}}],"collection":[{"href":"https:\/\/cigarpackagingbags.com\/de\/wp-json\/wp\/v2\/product"}],"about":[{"href":"https:\/\/cigarpackagingbags.com\/de\/wp-json\/wp\/v2\/types\/product"}],"replies":[{"embeddable":true,"href":"https:\/\/cigarpackagingbags.com\/de\/wp-json\/wp\/v2\/comments?post=1031"}],"wp:featuredmedia":[{"embeddable":true,"href":"https:\/\/cigarpackagingbags.com\/de\/wp-json\/wp\/v2\/media\/1033"}],"wp:attachment":[{"href":"https:\/\/cigarpackagingbags.com\/de\/wp-json\/wp\/v2\/media?parent=1031"}],"wp:term":[{"taxonomy":"product_brand","embeddable":true,"href":"https:\/\/cigarpackagingbags.com\/de\/wp-json\/wp\/v2\/product_brand?post=1031"},{"taxonomy":"product_cat","embeddable":true,"href":"https:\/\/cigarpackagingbags.com\/de\/wp-json\/wp\/v2\/product_cat?post=1031"},{"taxonomy":"product_tag","embeddable":true,"href":"https:\/\/cigarpackagingbags.com\/de\/wp-json\/wp\/v2\/product_tag?post=1031"}],"curies":[{"name":"wp","href":"https:\/\/api.w.org\/{rel}","templated":true}]}}